{"id":436,"date":"2020-11-27T19:22:17","date_gmt":"2020-11-28T00:22:17","guid":{"rendered":"https:\/\/madecolombia.com\/col\/?page_id=436"},"modified":"2022-06-23T17:35:39","modified_gmt":"2022-06-23T22:35:39","slug":"condiciones-de-uso-del-producto","status":"publish","type":"page","link":"https:\/\/madecolombia.com\/col\/condiciones-de-uso-del-producto\/","title":{"rendered":"Condiciones de Uso del Producto"},"content":{"rendered":"\t\t<div data-elementor-type=\"wp-page\" data-elementor-id=\"436\" class=\"elementor elementor-436\" data-elementor-settings=\"{&quot;element_pack_global_tooltip_width&quot;:{&quot;unit&quot;:&quot;px&quot;,&quot;size&quot;:&quot;&quot;,&quot;sizes&quot;:[]},&quot;element_pack_global_tooltip_width_tablet&quot;:{&quot;unit&quot;:&quot;px&quot;,&quot;size&quot;:&quot;&quot;,&quot;sizes&quot;:[]},&quot;element_pack_global_tooltip_width_mobile&quot;:{&quot;unit&quot;:&quot;px&quot;,&quot;size&quot;:&quot;&quot;,&quot;sizes&quot;:[]},&quot;element_pack_global_tooltip_padding&quot;:{&quot;unit&quot;:&quot;px&quot;,&quot;top&quot;:&quot;&quot;,&quot;right&quot;:&quot;&quot;,&quot;bottom&quot;:&quot;&quot;,&quot;left&quot;:&quot;&quot;,&quot;isLinked&quot;:true},&quot;element_pack_global_tooltip_padding_tablet&quot;:{&quot;unit&quot;:&quot;px&quot;,&quot;top&quot;:&quot;&quot;,&quot;right&quot;:&quot;&quot;,&quot;bottom&quot;:&quot;&quot;,&quot;left&quot;:&quot;&quot;,&quot;isLinked&quot;:true},&quot;element_pack_global_tooltip_padding_mobile&quot;:{&quot;unit&quot;:&quot;px&quot;,&quot;top&quot;:&quot;&quot;,&quot;right&quot;:&quot;&quot;,&quot;bottom&quot;:&quot;&quot;,&quot;left&quot;:&quot;&quot;,&quot;isLinked&quot;:true},&quot;element_pack_global_tooltip_border_radius&quot;:{&quot;unit&quot;:&quot;px&quot;,&quot;top&quot;:&quot;&quot;,&quot;right&quot;:&quot;&quot;,&quot;bottom&quot;:&quot;&quot;,&quot;left&quot;:&quot;&quot;,&quot;isLinked&quot;:true},&quot;element_pack_global_tooltip_border_radius_tablet&quot;:{&quot;unit&quot;:&quot;px&quot;,&quot;top&quot;:&quot;&quot;,&quot;right&quot;:&quot;&quot;,&quot;bottom&quot;:&quot;&quot;,&quot;left&quot;:&quot;&quot;,&quot;isLinked&quot;:true},&quot;element_pack_global_tooltip_border_radius_mobile&quot;:{&quot;unit&quot;:&quot;px&quot;,&quot;top&quot;:&quot;&quot;,&quot;right&quot;:&quot;&quot;,&quot;bottom&quot;:&quot;&quot;,&quot;left&quot;:&quot;&quot;,&quot;isLinked&quot;:true}}\" data-elementor-post-type=\"page\">\n\t\t\t\t\t\t<section class=\"elementor-section elementor-top-section elementor-element elementor-element-4bc748b elementor-section-boxed elementor-section-height-default elementor-section-height-default\" data-id=\"4bc748b\" data-element_type=\"section\">\n\t\t\t\t\t\t<div class=\"elementor-container elementor-column-gap-default\">\n\t\t\t\t\t<div class=\"elementor-column elementor-col-100 elementor-top-column elementor-element elementor-element-ae82540\" data-id=\"ae82540\" data-element_type=\"column\">\n\t\t\t<div class=\"elementor-widget-wrap elementor-element-populated\">\n\t\t\t\t\t\t<div class=\"elementor-element elementor-element-8593de2 elementor-widget elementor-widget-heading\" data-id=\"8593de2\" data-element_type=\"widget\" data-widget_type=\"heading.default\">\n\t\t\t\t<div class=\"elementor-widget-container\">\n\t\t\t\t\t<h1 class=\"elementor-heading-title elementor-size-default\">Condiciones de Uso del Producto<\/h1>\t\t\t\t<\/div>\n\t\t\t\t<\/div>\n\t\t\t\t<div class=\"elementor-element elementor-element-2598e30 elementor-widget elementor-widget-text-editor\" data-id=\"2598e30\" data-element_type=\"widget\" data-widget_type=\"text-editor.default\">\n\t\t\t\t<div class=\"elementor-widget-container\">\n\t\t\t\t\t\t\t\t\t<p>La madera es un material que requiere de cuidados espec\u00edficos para que se mantenga en buen estado por m\u00e1s tiempo, en especial las piezas de Maderoterapia que son dise\u00f1adas en diferentes tama\u00f1os y formas para que se adapten a las distintas formas del cuerpo y se utilizan com\u00fanmente con la ayuda de aceites o cremas especiales para un perfecto desempe\u00f1o.<\/p><p>Las piezas de Maderoterapia de Madecolombia son piezas con procesos que proporcionan resistencia y durabilidad para los tratamientos est\u00e9ticos a los que usualmente son sometidos este tipo de piezas, son piezas perfectamente lijadas, selladas y lacadas y no representan ning\u00fan riesgo para la salud o la seguridad de las personas en la condiciones de uso normal, estos procesos a su vez facilitaran la limpieza y el mantenimiento para que sus propiedades se mantengan por m\u00e1s tiempo.<\/p><p><strong><em>Consejos y Recomendaciones <\/em><\/strong><\/p><p>-Todas estas piezas est\u00e1n expuestas y son susceptibles a diferentes factores ambientales y perder\u00e1n sus propiedades y se deterioraran si no tienen el tratamiento adecuado, los agentes que mas perjudican este material son:<\/p><ul><li><em>Agentes climatol\u00f3gicos<\/em>: Se refiere a la lluvia, el fr\u00edo, la humedad y, en especial, al sol. La madera que esta expuesta a estos elementos, se va degradando. Los rayos ultravioletas son los m\u00e1s da\u00f1inos porque decoloran y destruyen las fibras del material y en casos severos conlleva a el resquebrajamiento de la estructura celular de la madera.<\/li><li><em>Hongos e insectos:<\/em> Si la madera esta expuesta a la humedad hay muchas probabilidades de que aparezcan hongos y pueden provocar mucho da\u00f1o en el material. Adem\u00e1s, los insectos, sobre todo las termitas, pueden provocar mucho da\u00f1o.<\/li><li><em>Polvo y suciedad: <\/em>Si la madera esta expuesta al polvo y la suciedad, se pueden crear manchas y si no se limpia con regularidad las manchas se pueden fijar y recuperarla luego costar\u00e1 m\u00e1s.<\/li><\/ul><p>-Para prevenir el da\u00f1o y el deterioro en las piezas de Maderoterapia tenga en cuenta las siguientes recomendaciones:<\/p><ul><li>Al recibir su paquete retire inmediatamente el papel de envoltura que viene recubriendo cada pieza y ponga las piezas en lugar seco y fresco.<\/li><li>Mantenga las piezas lejos de rejillas de ventilaci\u00f3n de calor, radiadores o chimeneas.<\/li><li>Mantega las piezas en un lugar libre de humedad.<\/li><li>Evite dejar caer las piezas para no causar fendas o grietas en el material.<\/li><li>Haga una limpieza cada vez que use las piezas en cualquier procedimiento y verifique que la madera quede libre de humedad para evitar la presencia de hogos.<\/li><li>Utilice un pa\u00f1o suave, una tela de algod\u00f3n o un de gamuza son ideales humedeciendo <strong>levemente<\/strong> solo con agua o con una combinaci\u00f3n de agua y bicarbonato de sodio, limpie la pieza removiendo cualquier exceso de aceites o cremas, no olvide remover toda la humedad.<\/li><li>No utilice pa\u00f1os abrasivos que est\u00e9n deshilachados o enredados, estos producen la degradaci\u00f3n de la madera.<\/li><li>No use en ning\u00fan caso productos que contengan alcohol, amoniaco u otro acido o base fuerte que pueda deteriorar el acabado de la pieza o generar da\u00f1o substancial a la madera.<\/li><li>Brochas de pintores (artistas) u otras brochas de cerdas naturales son \u00fatiles para desempolvar entre los tallados o \u00e1reas de dif\u00edcil acceso.<\/li><li>No realice ning\u00fan tipo de alteraciones tales como; lijado, sellado o barnizado etc., esto puede generar cambios en la naturaleza de la madera y atraer agentes externos que puedes ser nocivos.<\/li><li>No desarme, desmote o descomponga las piezas, si lo hace es su responsabilidad que la pieza tenga un correcto funcionamiento.<\/li><\/ul><p>Al seguir estas indicaciones conseguir\u00e1 disminuir cualquier da\u00f1o o deterioro por mal uso.<\/p><p><strong>\u00a0<\/strong><strong>No se aplican Devoluciones y Reembolsos ni garant\u00edas despu\u00e9s de que se envi\u00e9 el producto, usted tiene la responsabilidad de leer y entender las <a href=\"https:\/\/madecolombia.com\/col\/politicas-de-envio-garantia\/\"><u>Pol\u00edticas de garant\u00eda<\/u>,<\/a> <a href=\"\/condiciones-de-uso-del-producto\/\"><u>Condiciones de Uso del Producto<\/u><\/a> y <a href=\"https:\/\/madecolombia.com\/col\/devoluciones-y-reembolsos\/\"><u>Devoluciones y Reembolsos<\/u> <\/a>antes de comprar cualquier pieza. Le pedimos que lea cuidadosamente.<\/strong><\/p>\t\t\t\t\t\t\t\t<\/div>\n\t\t\t\t<\/div>\n\t\t\t\t\t<\/div>\n\t\t<\/div>\n\t\t\t\t\t<\/div>\n\t\t<\/section>\n\t\t\t\t<\/div>\n\t\t","protected":false},"excerpt":{"rendered":"<p>Condiciones de Uso del Producto La madera es un material que requiere de cuidados espec\u00edficos para que se mantenga en buen estado por m\u00e1s tiempo, en especial las piezas de Maderoterapia que son dise\u00f1adas en diferentes tama\u00f1os y formas para que se adapten a las distintas formas del cuerpo y se utilizan com\u00fanmente con la &#8230; <a title=\"Condiciones de Uso del Producto\" class=\"read-more\" href=\"https:\/\/madecolombia.com\/col\/condiciones-de-uso-del-producto\/\" aria-label=\"Read more about Condiciones de Uso del Producto\">Leer m\u00e1s<\/a><\/p>\n","protected":false},"author":1,"featured_media":0,"parent":0,"menu_order":0,"comment_status":"closed","ping_status":"closed","template":"elementor_header_footer","meta":{"inline_featured_image":false,"footnotes":""},"class_list":["post-436","page","type-page","status-publish"],"yoast_head":"<!-- This site is optimized with the Yoast SEO plugin v26.0 - https:\/\/yoast.com\/wordpress\/plugins\/seo\/ -->\n<title>Condiciones de Uso del Producto | MADECOLOMBIA<\/title>\n<meta name=\"description\" content=\"Condiciones de Uso del Producto La madera es un material que requiere de cuidados espec\u00edficos para que se mantenga en buen estado por m\u00e1s tiempo, en\" \/>\n<meta name=\"robots\" content=\"index, follow, max-snippet:-1, max-image-preview:large, max-video-preview:-1\" \/>\n<link rel=\"canonical\" href=\"https:\/\/madecolombia.com\/col\/condiciones-de-uso-del-producto\/\" \/>\n<meta property=\"og:locale\" content=\"es_ES\" \/>\n<meta property=\"og:type\" content=\"article\" \/>\n<meta property=\"og:title\" content=\"Condiciones de Uso del Producto | MADECOLOMBIA\" \/>\n<meta property=\"og:description\" content=\"Condiciones de Uso del Producto La madera es un material que requiere de cuidados espec\u00edficos para que se mantenga en buen estado por m\u00e1s tiempo, en\" \/>\n<meta property=\"og:url\" content=\"https:\/\/madecolombia.com\/col\/condiciones-de-uso-del-producto\/\" \/>\n<meta property=\"og:site_name\" content=\"MADECOLOMBIA\" \/>\n<meta property=\"article:publisher\" content=\"https:\/\/www.facebook.com\/distribucionmadecolombia\/\" \/>\n<meta property=\"article:modified_time\" content=\"2022-06-23T22:35:39+00:00\" \/>\n<meta name=\"twitter:card\" content=\"summary_large_image\" \/>\n<meta name=\"twitter:label1\" content=\"Tiempo de lectura\" \/>\n\t<meta name=\"twitter:data1\" content=\"3 minutos\" \/>\n<script type=\"application\/ld+json\" class=\"yoast-schema-graph\">{\"@context\":\"https:\/\/schema.org\",\"@graph\":[{\"@type\":\"WebPage\",\"@id\":\"https:\/\/madecolombia.com\/col\/condiciones-de-uso-del-producto\/\",\"url\":\"https:\/\/madecolombia.com\/col\/condiciones-de-uso-del-producto\/\",\"name\":\"Condiciones de Uso del Producto | MADECOLOMBIA\",\"isPartOf\":{\"@id\":\"https:\/\/madecolombia.com\/col\/#website\"},\"datePublished\":\"2020-11-28T00:22:17+00:00\",\"dateModified\":\"2022-06-23T22:35:39+00:00\",\"description\":\"Condiciones de Uso del Producto La madera es un material que requiere de cuidados espec\u00edficos para que se mantenga en buen estado por m\u00e1s tiempo, en\",\"breadcrumb\":{\"@id\":\"https:\/\/madecolombia.com\/col\/condiciones-de-uso-del-producto\/#breadcrumb\"},\"inLanguage\":\"es-CO\",\"potentialAction\":[{\"@type\":\"ReadAction\",\"target\":[\"https:\/\/madecolombia.com\/col\/condiciones-de-uso-del-producto\/\"]}]},{\"@type\":\"BreadcrumbList\",\"@id\":\"https:\/\/madecolombia.com\/col\/condiciones-de-uso-del-producto\/#breadcrumb\",\"itemListElement\":[{\"@type\":\"ListItem\",\"position\":1,\"name\":\"Inicio\",\"item\":\"https:\/\/madecolombia.com\/col\/\"},{\"@type\":\"ListItem\",\"position\":2,\"name\":\"Condiciones de Uso del Producto\"}]},{\"@type\":\"WebSite\",\"@id\":\"https:\/\/madecolombia.com\/col\/#website\",\"url\":\"https:\/\/madecolombia.com\/col\/\",\"name\":\"MADECOLOMBIA\",\"description\":\"Maderoterapia corporal y facial, productos de madera 100% colombianos y garantizados entregados a domicilio.\",\"publisher\":{\"@id\":\"https:\/\/madecolombia.com\/col\/#organization\"},\"potentialAction\":[{\"@type\":\"SearchAction\",\"target\":{\"@type\":\"EntryPoint\",\"urlTemplate\":\"https:\/\/madecolombia.com\/col\/?s={search_term_string}\"},\"query-input\":{\"@type\":\"PropertyValueSpecification\",\"valueRequired\":true,\"valueName\":\"search_term_string\"}}],\"inLanguage\":\"es-CO\"},{\"@type\":\"Organization\",\"@id\":\"https:\/\/madecolombia.com\/col\/#organization\",\"name\":\"MADECOLOMBIA\",\"url\":\"https:\/\/madecolombia.com\/col\/\",\"logo\":{\"@type\":\"ImageObject\",\"inLanguage\":\"es-CO\",\"@id\":\"https:\/\/madecolombia.com\/col\/#\/schema\/logo\/image\/\",\"url\":\"https:\/\/madecolombia.com\/col\/wp-content\/uploads\/2020\/10\/logo-madecolombia.png\",\"contentUrl\":\"https:\/\/madecolombia.com\/col\/wp-content\/uploads\/2020\/10\/logo-madecolombia.png\",\"width\":2661,\"height\":516,\"caption\":\"MADECOLOMBIA\"},\"image\":{\"@id\":\"https:\/\/madecolombia.com\/col\/#\/schema\/logo\/image\/\"},\"sameAs\":[\"https:\/\/www.facebook.com\/distribucionmadecolombia\/\"]}]}<\/script>\n<!-- \/ Yoast SEO plugin. -->","yoast_head_json":{"title":"Condiciones de Uso del Producto | MADECOLOMBIA","description":"Condiciones de Uso del Producto La madera es un material que requiere de cuidados espec\u00edficos para que se mantenga en buen estado por m\u00e1s tiempo, en","robots":{"index":"index","follow":"follow","max-snippet":"max-snippet:-1","max-image-preview":"max-image-preview:large","max-video-preview":"max-video-preview:-1"},"canonical":"https:\/\/madecolombia.com\/col\/condiciones-de-uso-del-producto\/","og_locale":"es_ES","og_type":"article","og_title":"Condiciones de Uso del Producto | MADECOLOMBIA","og_description":"Condiciones de Uso del Producto La madera es un material que requiere de cuidados espec\u00edficos para que se mantenga en buen estado por m\u00e1s tiempo, en","og_url":"https:\/\/madecolombia.com\/col\/condiciones-de-uso-del-producto\/","og_site_name":"MADECOLOMBIA","article_publisher":"https:\/\/www.facebook.com\/distribucionmadecolombia\/","article_modified_time":"2022-06-23T22:35:39+00:00","twitter_card":"summary_large_image","twitter_misc":{"Tiempo de lectura":"3 minutos"},"schema":{"@context":"https:\/\/schema.org","@graph":[{"@type":"WebPage","@id":"https:\/\/madecolombia.com\/col\/condiciones-de-uso-del-producto\/","url":"https:\/\/madecolombia.com\/col\/condiciones-de-uso-del-producto\/","name":"Condiciones de Uso del Producto | MADECOLOMBIA","isPartOf":{"@id":"https:\/\/madecolombia.com\/col\/#website"},"datePublished":"2020-11-28T00:22:17+00:00","dateModified":"2022-06-23T22:35:39+00:00","description":"Condiciones de Uso del Producto La madera es un material que requiere de cuidados espec\u00edficos para que se mantenga en buen estado por m\u00e1s tiempo, en","breadcrumb":{"@id":"https:\/\/madecolombia.com\/col\/condiciones-de-uso-del-producto\/#breadcrumb"},"inLanguage":"es-CO","potentialAction":[{"@type":"ReadAction","target":["https:\/\/madecolombia.com\/col\/condiciones-de-uso-del-producto\/"]}]},{"@type":"BreadcrumbList","@id":"https:\/\/madecolombia.com\/col\/condiciones-de-uso-del-producto\/#breadcrumb","itemListElement":[{"@type":"ListItem","position":1,"name":"Inicio","item":"https:\/\/madecolombia.com\/col\/"},{"@type":"ListItem","position":2,"name":"Condiciones de Uso del Producto"}]},{"@type":"WebSite","@id":"https:\/\/madecolombia.com\/col\/#website","url":"https:\/\/madecolombia.com\/col\/","name":"MADECOLOMBIA","description":"Maderoterapia corporal y facial, productos de madera 100% colombianos y garantizados entregados a domicilio.","publisher":{"@id":"https:\/\/madecolombia.com\/col\/#organization"},"potentialAction":[{"@type":"SearchAction","target":{"@type":"EntryPoint","urlTemplate":"https:\/\/madecolombia.com\/col\/?s={search_term_string}"},"query-input":{"@type":"PropertyValueSpecification","valueRequired":true,"valueName":"search_term_string"}}],"inLanguage":"es-CO"},{"@type":"Organization","@id":"https:\/\/madecolombia.com\/col\/#organization","name":"MADECOLOMBIA","url":"https:\/\/madecolombia.com\/col\/","logo":{"@type":"ImageObject","inLanguage":"es-CO","@id":"https:\/\/madecolombia.com\/col\/#\/schema\/logo\/image\/","url":"https:\/\/madecolombia.com\/col\/wp-content\/uploads\/2020\/10\/logo-madecolombia.png","contentUrl":"https:\/\/madecolombia.com\/col\/wp-content\/uploads\/2020\/10\/logo-madecolombia.png","width":2661,"height":516,"caption":"MADECOLOMBIA"},"image":{"@id":"https:\/\/madecolombia.com\/col\/#\/schema\/logo\/image\/"},"sameAs":["https:\/\/www.facebook.com\/distribucionmadecolombia\/"]}]}},"_links":{"self":[{"href":"https:\/\/madecolombia.com\/col\/wp-json\/wp\/v2\/pages\/436","targetHints":{"allow":["GET"]}}],"collection":[{"href":"https:\/\/madecolombia.com\/col\/wp-json\/wp\/v2\/pages"}],"about":[{"href":"https:\/\/madecolombia.com\/col\/wp-json\/wp\/v2\/types\/page"}],"author":[{"embeddable":true,"href":"https:\/\/madecolombia.com\/col\/wp-json\/wp\/v2\/users\/1"}],"replies":[{"embeddable":true,"href":"https:\/\/madecolombia.com\/col\/wp-json\/wp\/v2\/comments?post=436"}],"version-history":[{"count":10,"href":"https:\/\/madecolombia.com\/col\/wp-json\/wp\/v2\/pages\/436\/revisions"}],"predecessor-version":[{"id":1511,"href":"https:\/\/madecolombia.com\/col\/wp-json\/wp\/v2\/pages\/436\/revisions\/1511"}],"wp:attachment":[{"href":"https:\/\/madecolombia.com\/col\/wp-json\/wp\/v2\/media?parent=436"}],"curies":[{"name":"wp","href":"https:\/\/api.w.org\/{rel}","templated":true}]}}