{"id":449,"date":"2020-11-27T20:28:39","date_gmt":"2020-11-28T01:28:39","guid":{"rendered":"https:\/\/madecolombia.com\/col\/?page_id=449"},"modified":"2020-12-03T11:54:23","modified_gmt":"2020-12-03T16:54:23","slug":"politica-de-cookies","status":"publish","type":"page","link":"https:\/\/madecolombia.com\/col\/politica-de-cookies\/","title":{"rendered":"Pol\u00edtica de cookies"},"content":{"rendered":"\t\t<div data-elementor-type=\"wp-page\" data-elementor-id=\"449\" class=\"elementor elementor-449\" data-elementor-settings=\"{&quot;element_pack_global_tooltip_width&quot;:{&quot;unit&quot;:&quot;px&quot;,&quot;size&quot;:&quot;&quot;,&quot;sizes&quot;:[]},&quot;element_pack_global_tooltip_width_tablet&quot;:{&quot;unit&quot;:&quot;px&quot;,&quot;size&quot;:&quot;&quot;,&quot;sizes&quot;:[]},&quot;element_pack_global_tooltip_width_mobile&quot;:{&quot;unit&quot;:&quot;px&quot;,&quot;size&quot;:&quot;&quot;,&quot;sizes&quot;:[]},&quot;element_pack_global_tooltip_padding&quot;:{&quot;unit&quot;:&quot;px&quot;,&quot;top&quot;:&quot;&quot;,&quot;right&quot;:&quot;&quot;,&quot;bottom&quot;:&quot;&quot;,&quot;left&quot;:&quot;&quot;,&quot;isLinked&quot;:true},&quot;element_pack_global_tooltip_padding_tablet&quot;:{&quot;unit&quot;:&quot;px&quot;,&quot;top&quot;:&quot;&quot;,&quot;right&quot;:&quot;&quot;,&quot;bottom&quot;:&quot;&quot;,&quot;left&quot;:&quot;&quot;,&quot;isLinked&quot;:true},&quot;element_pack_global_tooltip_padding_mobile&quot;:{&quot;unit&quot;:&quot;px&quot;,&quot;top&quot;:&quot;&quot;,&quot;right&quot;:&quot;&quot;,&quot;bottom&quot;:&quot;&quot;,&quot;left&quot;:&quot;&quot;,&quot;isLinked&quot;:true},&quot;element_pack_global_tooltip_border_radius&quot;:{&quot;unit&quot;:&quot;px&quot;,&quot;top&quot;:&quot;&quot;,&quot;right&quot;:&quot;&quot;,&quot;bottom&quot;:&quot;&quot;,&quot;left&quot;:&quot;&quot;,&quot;isLinked&quot;:true},&quot;element_pack_global_tooltip_border_radius_tablet&quot;:{&quot;unit&quot;:&quot;px&quot;,&quot;top&quot;:&quot;&quot;,&quot;right&quot;:&quot;&quot;,&quot;bottom&quot;:&quot;&quot;,&quot;left&quot;:&quot;&quot;,&quot;isLinked&quot;:true},&quot;element_pack_global_tooltip_border_radius_mobile&quot;:{&quot;unit&quot;:&quot;px&quot;,&quot;top&quot;:&quot;&quot;,&quot;right&quot;:&quot;&quot;,&quot;bottom&quot;:&quot;&quot;,&quot;left&quot;:&quot;&quot;,&quot;isLinked&quot;:true}}\" data-elementor-post-type=\"page\">\n\t\t\t\t\t\t<section class=\"elementor-section elementor-top-section elementor-element elementor-element-4bc748b elementor-section-boxed elementor-section-height-default elementor-section-height-default\" data-id=\"4bc748b\" data-element_type=\"section\">\n\t\t\t\t\t\t<div class=\"elementor-container elementor-column-gap-default\">\n\t\t\t\t\t<div class=\"elementor-column elementor-col-100 elementor-top-column elementor-element elementor-element-ae82540\" data-id=\"ae82540\" data-element_type=\"column\">\n\t\t\t<div class=\"elementor-widget-wrap elementor-element-populated\">\n\t\t\t\t\t\t<div class=\"elementor-element elementor-element-8593de2 elementor-widget elementor-widget-heading\" data-id=\"8593de2\" data-element_type=\"widget\" data-widget_type=\"heading.default\">\n\t\t\t\t<div class=\"elementor-widget-container\">\n\t\t\t\t\t<h1 class=\"elementor-heading-title elementor-size-default\">Pol\u00edtica de cookies<\/h1>\t\t\t\t<\/div>\n\t\t\t\t<\/div>\n\t\t\t\t<div class=\"elementor-element elementor-element-2598e30 elementor-widget elementor-widget-text-editor\" data-id=\"2598e30\" data-element_type=\"widget\" data-widget_type=\"text-editor.default\">\n\t\t\t\t<div class=\"elementor-widget-container\">\n\t\t\t\t\t\t\t\t\t<p>Esta Pol\u00edtica de Cookies explica qu\u00e9 son las Cookies y c\u00f3mo las usamos. Debe leer esta pol\u00edtica para poder entender qu\u00e9 tipo de cookies utilizamos, o la informaci\u00f3n que recopilamos mediante cookies y c\u00f3mo se utiliza esa informaci\u00f3n. Nuestra Pol\u00edtica de Cookies es mantenida por el Generador de Pol\u00edticas de Cookies.<\/p>\n<p>Las cookies no suelen contener ninguna informaci\u00f3n que identifique personalmente a un usuario, pero la informaci\u00f3n personal que almacenamos sobre usted puede estar vinculada a la informaci\u00f3n almacenada y obtenida de las cookies. Para obtener m\u00e1s informaci\u00f3n sobre c\u00f3mo usamos, almacenamos y mantenemos seguros sus datos personales, consulte nuestra <u>Pol\u00edtica de Privacidad.<\/u> No almacenamos informaci\u00f3n personal confidencial, como direcciones postales, contrase\u00f1as de cuentas, etc. en las Cookies que utilizamos.<\/p>\n<p><strong><em>Interpretaci\u00f3n y definiciones&nbsp;<\/em><\/strong><\/p>\n<p>-Interpretaci\u00f3n<\/p>\n<p>Las palabras cuya letra inicial est\u00e1 en may\u00fascula tienen significados definidos bajo las siguientes condiciones.<\/p>\n<p>Las siguientes definiciones tendr\u00e1n el mismo significado independientemente de si aparecen en singular o en plural.<\/p>\n<p>-Definiciones<\/p>\n<p>A los fines de esta Pol\u00edtica de cookies:<\/p>\n<p>Empresa (referida como &#8220;la Empresa&#8221;, &#8220;Nosotros&#8221;, &#8220;Nosotros&#8221; o &#8220;Nuestro&#8221; en esta Pol\u00edtica de Cookies) se refiere a MADECOLOMBIA, Colombia.<\/p>\n<p>Usted se refiere a la persona que accede o utiliza el Sitio Web, o una empresa, o cualquier entidad legal en nombre de la cual dicha persona accede o utiliza el Sitio Web, seg\u00fan corresponda.<\/p>\n<p>Cookies significa peque\u00f1os archivos que un Sitio Web coloca en su computadora, dispositivo m\u00f3vil o cualquier otro dispositivo, que contienen detalles de su historial de navegaci\u00f3n en ese Sitio Web entre sus muchos usos.<\/p>\n<p>-El Sitio Web se refiere a MADECOLOMBIA, accesible desde https:\/\/www.madecolombia.com\/.<\/p>\n<p><strong><em>&nbsp;<\/em><\/strong><\/p>\n<p><strong><em>El uso de las cookies<\/em><\/strong><\/p>\n<p>Tipo de cookies que utilizamos<\/p>\n<p>-Las cookies pueden ser cookies &#8220;persistentes&#8221; o de &#8220;sesi\u00f3n&#8221;. Las cookies persistentes permanecen en su computadora personal o dispositivo m\u00f3vil cuando se desconecta, mientras que las cookies de sesi\u00f3n se eliminan tan pronto como cierra su navegador web.<\/p>\n<p>Utilizamos cookies de sesi\u00f3n y persistentes para los fines que se detallan a continuaci\u00f3n:<\/p>\n<p>-Cookies necesarias \/ esenciales<\/p>\n<p>Tipo: Cookies de sesi\u00f3n<\/p>\n<p>Administrado por: nosotros<\/p>\n<p>Objetivo: estas cookies son esenciales para proporcionarle servicios disponibles a trav\u00e9s del Sitio Web y permitirle utilizar algunas de sus funciones. Ayudan a autenticar a los usuarios y a evitar el uso fraudulento de cuentas de usuario. Sin estas cookies, los servicios que ha solicitado no se pueden proporcionar, y solo utilizamos estas cookies para proporcionarle dichos servicios.<\/p>\n<p>-Cookies de funcionalidad<\/p>\n<p>Tipo: Cookies persistentes<\/p>\n<p>Administrado por: nosotros<\/p>\n<p>Prop\u00f3sito: estas cookies nos permiten recordar las elecciones que usted hace cuando utiliza el Sitio Web, como recordar sus datos de inicio de sesi\u00f3n o preferencia de idioma. El prop\u00f3sito de estas cookies es brindarle una experiencia m\u00e1s personal y evitar que tenga que volver a ingresar sus preferencias cada vez que use el Sitio Web.<\/p>\n<p><strong><em>Sus opciones con respecto a las cookies<\/em><\/strong><\/p>\n<p>Si prefiere evitar el uso de cookies en el Sitio Web, primero debe desactivar el uso de cookies en su navegador y luego eliminar las cookies guardadas en su navegador asociado con este sitio web. Puede usar esta opci\u00f3n para evitar el uso de cookies en cualquier momento.<\/p>\n<p>Si no acepta nuestras cookies, puede experimentar algunos inconvenientes en el uso del Sitio Web y algunas caracter\u00edsticas pueden no funcionar correctamente.<\/p>\n<p>Si desea eliminar las cookies o indicar a su navegador web que elimine o rechace las cookies, visite las p\u00e1ginas de ayuda de su navegador web.<\/p>\t\t\t\t\t\t\t\t<\/div>\n\t\t\t\t<\/div>\n\t\t\t\t\t<\/div>\n\t\t<\/div>\n\t\t\t\t\t<\/div>\n\t\t<\/section>\n\t\t\t\t<\/div>\n\t\t","protected":false},"excerpt":{"rendered":"<p>Pol\u00edtica de cookies Esta Pol\u00edtica de Cookies explica qu\u00e9 son las Cookies y c\u00f3mo las usamos. Debe leer esta pol\u00edtica para poder entender qu\u00e9 tipo de cookies utilizamos, o la informaci\u00f3n que recopilamos mediante cookies y c\u00f3mo se utiliza esa informaci\u00f3n. Nuestra Pol\u00edtica de Cookies es mantenida por el Generador de Pol\u00edticas de Cookies. Las &#8230; <a title=\"Pol\u00edtica de cookies\" class=\"read-more\" href=\"https:\/\/madecolombia.com\/col\/politica-de-cookies\/\" aria-label=\"Read more about Pol\u00edtica de cookies\">Leer m\u00e1s<\/a><\/p>\n","protected":false},"author":1,"featured_media":0,"parent":0,"menu_order":0,"comment_status":"closed","ping_status":"closed","template":"elementor_header_footer","meta":{"inline_featured_image":false,"footnotes":""},"class_list":["post-449","page","type-page","status-publish"],"yoast_head":"<!-- This site is optimized with the Yoast SEO plugin v26.0 - https:\/\/yoast.com\/wordpress\/plugins\/seo\/ -->\n<title>Pol\u00edtica de cookies | MADECOLOMBIA<\/title>\n<meta name=\"description\" content=\"Pol\u00edtica de cookies Esta Pol\u00edtica de Cookies explica qu\u00e9 son las Cookies y c\u00f3mo las usamos. Debe leer esta pol\u00edtica para poder entender qu\u00e9 tipo de\" \/>\n<meta name=\"robots\" content=\"index, follow, max-snippet:-1, max-image-preview:large, max-video-preview:-1\" \/>\n<link rel=\"canonical\" href=\"https:\/\/madecolombia.com\/col\/politica-de-cookies\/\" \/>\n<meta property=\"og:locale\" content=\"es_ES\" \/>\n<meta property=\"og:type\" content=\"article\" \/>\n<meta property=\"og:title\" content=\"Pol\u00edtica de cookies | MADECOLOMBIA\" \/>\n<meta property=\"og:description\" content=\"Pol\u00edtica de cookies Esta Pol\u00edtica de Cookies explica qu\u00e9 son las Cookies y c\u00f3mo las usamos. Debe leer esta pol\u00edtica para poder entender qu\u00e9 tipo de\" \/>\n<meta property=\"og:url\" content=\"https:\/\/madecolombia.com\/col\/politica-de-cookies\/\" \/>\n<meta property=\"og:site_name\" content=\"MADECOLOMBIA\" \/>\n<meta property=\"article:publisher\" content=\"https:\/\/www.facebook.com\/distribucionmadecolombia\/\" \/>\n<meta property=\"article:modified_time\" content=\"2020-12-03T16:54:23+00:00\" \/>\n<meta name=\"twitter:card\" content=\"summary_large_image\" \/>\n<meta name=\"twitter:label1\" content=\"Tiempo de lectura\" \/>\n\t<meta name=\"twitter:data1\" content=\"3 minutos\" \/>\n<script type=\"application\/ld+json\" class=\"yoast-schema-graph\">{\"@context\":\"https:\/\/schema.org\",\"@graph\":[{\"@type\":\"WebPage\",\"@id\":\"https:\/\/madecolombia.com\/col\/politica-de-cookies\/\",\"url\":\"https:\/\/madecolombia.com\/col\/politica-de-cookies\/\",\"name\":\"Pol\u00edtica de cookies | MADECOLOMBIA\",\"isPartOf\":{\"@id\":\"https:\/\/madecolombia.com\/col\/#website\"},\"datePublished\":\"2020-11-28T01:28:39+00:00\",\"dateModified\":\"2020-12-03T16:54:23+00:00\",\"description\":\"Pol\u00edtica de cookies Esta Pol\u00edtica de Cookies explica qu\u00e9 son las Cookies y c\u00f3mo las usamos. Debe leer esta pol\u00edtica para poder entender qu\u00e9 tipo de\",\"breadcrumb\":{\"@id\":\"https:\/\/madecolombia.com\/col\/politica-de-cookies\/#breadcrumb\"},\"inLanguage\":\"es-CO\",\"potentialAction\":[{\"@type\":\"ReadAction\",\"target\":[\"https:\/\/madecolombia.com\/col\/politica-de-cookies\/\"]}]},{\"@type\":\"BreadcrumbList\",\"@id\":\"https:\/\/madecolombia.com\/col\/politica-de-cookies\/#breadcrumb\",\"itemListElement\":[{\"@type\":\"ListItem\",\"position\":1,\"name\":\"Inicio\",\"item\":\"https:\/\/madecolombia.com\/col\/\"},{\"@type\":\"ListItem\",\"position\":2,\"name\":\"Pol\u00edtica de cookies\"}]},{\"@type\":\"WebSite\",\"@id\":\"https:\/\/madecolombia.com\/col\/#website\",\"url\":\"https:\/\/madecolombia.com\/col\/\",\"name\":\"MADECOLOMBIA\",\"description\":\"Maderoterapia corporal y facial, productos de madera 100% colombianos y garantizados entregados a domicilio.\",\"publisher\":{\"@id\":\"https:\/\/madecolombia.com\/col\/#organization\"},\"potentialAction\":[{\"@type\":\"SearchAction\",\"target\":{\"@type\":\"EntryPoint\",\"urlTemplate\":\"https:\/\/madecolombia.com\/col\/?s={search_term_string}\"},\"query-input\":{\"@type\":\"PropertyValueSpecification\",\"valueRequired\":true,\"valueName\":\"search_term_string\"}}],\"inLanguage\":\"es-CO\"},{\"@type\":\"Organization\",\"@id\":\"https:\/\/madecolombia.com\/col\/#organization\",\"name\":\"MADECOLOMBIA\",\"url\":\"https:\/\/madecolombia.com\/col\/\",\"logo\":{\"@type\":\"ImageObject\",\"inLanguage\":\"es-CO\",\"@id\":\"https:\/\/madecolombia.com\/col\/#\/schema\/logo\/image\/\",\"url\":\"https:\/\/madecolombia.com\/col\/wp-content\/uploads\/2020\/10\/logo-madecolombia.png\",\"contentUrl\":\"https:\/\/madecolombia.com\/col\/wp-content\/uploads\/2020\/10\/logo-madecolombia.png\",\"width\":2661,\"height\":516,\"caption\":\"MADECOLOMBIA\"},\"image\":{\"@id\":\"https:\/\/madecolombia.com\/col\/#\/schema\/logo\/image\/\"},\"sameAs\":[\"https:\/\/www.facebook.com\/distribucionmadecolombia\/\"]}]}<\/script>\n<!-- \/ Yoast SEO plugin. -->","yoast_head_json":{"title":"Pol\u00edtica de cookies | MADECOLOMBIA","description":"Pol\u00edtica de cookies Esta Pol\u00edtica de Cookies explica qu\u00e9 son las Cookies y c\u00f3mo las usamos. Debe leer esta pol\u00edtica para poder entender qu\u00e9 tipo de","robots":{"index":"index","follow":"follow","max-snippet":"max-snippet:-1","max-image-preview":"max-image-preview:large","max-video-preview":"max-video-preview:-1"},"canonical":"https:\/\/madecolombia.com\/col\/politica-de-cookies\/","og_locale":"es_ES","og_type":"article","og_title":"Pol\u00edtica de cookies | MADECOLOMBIA","og_description":"Pol\u00edtica de cookies Esta Pol\u00edtica de Cookies explica qu\u00e9 son las Cookies y c\u00f3mo las usamos. Debe leer esta pol\u00edtica para poder entender qu\u00e9 tipo de","og_url":"https:\/\/madecolombia.com\/col\/politica-de-cookies\/","og_site_name":"MADECOLOMBIA","article_publisher":"https:\/\/www.facebook.com\/distribucionmadecolombia\/","article_modified_time":"2020-12-03T16:54:23+00:00","twitter_card":"summary_large_image","twitter_misc":{"Tiempo de lectura":"3 minutos"},"schema":{"@context":"https:\/\/schema.org","@graph":[{"@type":"WebPage","@id":"https:\/\/madecolombia.com\/col\/politica-de-cookies\/","url":"https:\/\/madecolombia.com\/col\/politica-de-cookies\/","name":"Pol\u00edtica de cookies | MADECOLOMBIA","isPartOf":{"@id":"https:\/\/madecolombia.com\/col\/#website"},"datePublished":"2020-11-28T01:28:39+00:00","dateModified":"2020-12-03T16:54:23+00:00","description":"Pol\u00edtica de cookies Esta Pol\u00edtica de Cookies explica qu\u00e9 son las Cookies y c\u00f3mo las usamos. Debe leer esta pol\u00edtica para poder entender qu\u00e9 tipo de","breadcrumb":{"@id":"https:\/\/madecolombia.com\/col\/politica-de-cookies\/#breadcrumb"},"inLanguage":"es-CO","potentialAction":[{"@type":"ReadAction","target":["https:\/\/madecolombia.com\/col\/politica-de-cookies\/"]}]},{"@type":"BreadcrumbList","@id":"https:\/\/madecolombia.com\/col\/politica-de-cookies\/#breadcrumb","itemListElement":[{"@type":"ListItem","position":1,"name":"Inicio","item":"https:\/\/madecolombia.com\/col\/"},{"@type":"ListItem","position":2,"name":"Pol\u00edtica de cookies"}]},{"@type":"WebSite","@id":"https:\/\/madecolombia.com\/col\/#website","url":"https:\/\/madecolombia.com\/col\/","name":"MADECOLOMBIA","description":"Maderoterapia corporal y facial, productos de madera 100% colombianos y garantizados entregados a domicilio.","publisher":{"@id":"https:\/\/madecolombia.com\/col\/#organization"},"potentialAction":[{"@type":"SearchAction","target":{"@type":"EntryPoint","urlTemplate":"https:\/\/madecolombia.com\/col\/?s={search_term_string}"},"query-input":{"@type":"PropertyValueSpecification","valueRequired":true,"valueName":"search_term_string"}}],"inLanguage":"es-CO"},{"@type":"Organization","@id":"https:\/\/madecolombia.com\/col\/#organization","name":"MADECOLOMBIA","url":"https:\/\/madecolombia.com\/col\/","logo":{"@type":"ImageObject","inLanguage":"es-CO","@id":"https:\/\/madecolombia.com\/col\/#\/schema\/logo\/image\/","url":"https:\/\/madecolombia.com\/col\/wp-content\/uploads\/2020\/10\/logo-madecolombia.png","contentUrl":"https:\/\/madecolombia.com\/col\/wp-content\/uploads\/2020\/10\/logo-madecolombia.png","width":2661,"height":516,"caption":"MADECOLOMBIA"},"image":{"@id":"https:\/\/madecolombia.com\/col\/#\/schema\/logo\/image\/"},"sameAs":["https:\/\/www.facebook.com\/distribucionmadecolombia\/"]}]}},"_links":{"self":[{"href":"https:\/\/madecolombia.com\/col\/wp-json\/wp\/v2\/pages\/449","targetHints":{"allow":["GET"]}}],"collection":[{"href":"https:\/\/madecolombia.com\/col\/wp-json\/wp\/v2\/pages"}],"about":[{"href":"https:\/\/madecolombia.com\/col\/wp-json\/wp\/v2\/types\/page"}],"author":[{"embeddable":true,"href":"https:\/\/madecolombia.com\/col\/wp-json\/wp\/v2\/users\/1"}],"replies":[{"embeddable":true,"href":"https:\/\/madecolombia.com\/col\/wp-json\/wp\/v2\/comments?post=449"}],"version-history":[{"count":5,"href":"https:\/\/madecolombia.com\/col\/wp-json\/wp\/v2\/pages\/449\/revisions"}],"predecessor-version":[{"id":805,"href":"https:\/\/madecolombia.com\/col\/wp-json\/wp\/v2\/pages\/449\/revisions\/805"}],"wp:attachment":[{"href":"https:\/\/madecolombia.com\/col\/wp-json\/wp\/v2\/media?parent=449"}],"curies":[{"name":"wp","href":"https:\/\/api.w.org\/{rel}","templated":true}]}}