{"id":452,"date":"2020-11-27T21:53:24","date_gmt":"2020-11-28T02:53:24","guid":{"rendered":"https:\/\/madecolombia.com\/col\/?page_id=452"},"modified":"2020-12-10T09:47:34","modified_gmt":"2020-12-10T14:47:34","slug":"politica-de-privacidad","status":"publish","type":"page","link":"https:\/\/madecolombia.com\/col\/politica-de-privacidad\/","title":{"rendered":"Pol\u00edtica de privacidad"},"content":{"rendered":"\t\t<div data-elementor-type=\"wp-page\" data-elementor-id=\"452\" class=\"elementor elementor-452\" data-elementor-settings=\"{&quot;element_pack_global_tooltip_width&quot;:{&quot;unit&quot;:&quot;px&quot;,&quot;size&quot;:&quot;&quot;,&quot;sizes&quot;:[]},&quot;element_pack_global_tooltip_width_tablet&quot;:{&quot;unit&quot;:&quot;px&quot;,&quot;size&quot;:&quot;&quot;,&quot;sizes&quot;:[]},&quot;element_pack_global_tooltip_width_mobile&quot;:{&quot;unit&quot;:&quot;px&quot;,&quot;size&quot;:&quot;&quot;,&quot;sizes&quot;:[]},&quot;element_pack_global_tooltip_padding&quot;:{&quot;unit&quot;:&quot;px&quot;,&quot;top&quot;:&quot;&quot;,&quot;right&quot;:&quot;&quot;,&quot;bottom&quot;:&quot;&quot;,&quot;left&quot;:&quot;&quot;,&quot;isLinked&quot;:true},&quot;element_pack_global_tooltip_padding_tablet&quot;:{&quot;unit&quot;:&quot;px&quot;,&quot;top&quot;:&quot;&quot;,&quot;right&quot;:&quot;&quot;,&quot;bottom&quot;:&quot;&quot;,&quot;left&quot;:&quot;&quot;,&quot;isLinked&quot;:true},&quot;element_pack_global_tooltip_padding_mobile&quot;:{&quot;unit&quot;:&quot;px&quot;,&quot;top&quot;:&quot;&quot;,&quot;right&quot;:&quot;&quot;,&quot;bottom&quot;:&quot;&quot;,&quot;left&quot;:&quot;&quot;,&quot;isLinked&quot;:true},&quot;element_pack_global_tooltip_border_radius&quot;:{&quot;unit&quot;:&quot;px&quot;,&quot;top&quot;:&quot;&quot;,&quot;right&quot;:&quot;&quot;,&quot;bottom&quot;:&quot;&quot;,&quot;left&quot;:&quot;&quot;,&quot;isLinked&quot;:true},&quot;element_pack_global_tooltip_border_radius_tablet&quot;:{&quot;unit&quot;:&quot;px&quot;,&quot;top&quot;:&quot;&quot;,&quot;right&quot;:&quot;&quot;,&quot;bottom&quot;:&quot;&quot;,&quot;left&quot;:&quot;&quot;,&quot;isLinked&quot;:true},&quot;element_pack_global_tooltip_border_radius_mobile&quot;:{&quot;unit&quot;:&quot;px&quot;,&quot;top&quot;:&quot;&quot;,&quot;right&quot;:&quot;&quot;,&quot;bottom&quot;:&quot;&quot;,&quot;left&quot;:&quot;&quot;,&quot;isLinked&quot;:true}}\" data-elementor-post-type=\"page\">\n\t\t\t\t\t\t<section class=\"elementor-section elementor-top-section elementor-element elementor-element-4bc748b elementor-section-boxed elementor-section-height-default elementor-section-height-default\" data-id=\"4bc748b\" data-element_type=\"section\">\n\t\t\t\t\t\t<div class=\"elementor-container elementor-column-gap-default\">\n\t\t\t\t\t<div class=\"elementor-column elementor-col-100 elementor-top-column elementor-element elementor-element-ae82540\" data-id=\"ae82540\" data-element_type=\"column\">\n\t\t\t<div class=\"elementor-widget-wrap elementor-element-populated\">\n\t\t\t\t\t\t<div class=\"elementor-element elementor-element-8593de2 elementor-widget elementor-widget-heading\" data-id=\"8593de2\" data-element_type=\"widget\" data-widget_type=\"heading.default\">\n\t\t\t\t<div class=\"elementor-widget-container\">\n\t\t\t\t\t<h1 class=\"elementor-heading-title elementor-size-default\">Pol\u00edtica de privacidad<\/h1>\t\t\t\t<\/div>\n\t\t\t\t<\/div>\n\t\t\t\t<div class=\"elementor-element elementor-element-2598e30 elementor-widget elementor-widget-text-editor\" data-id=\"2598e30\" data-element_type=\"widget\" data-widget_type=\"text-editor.default\">\n\t\t\t\t<div class=\"elementor-widget-container\">\n\t\t\t\t\t\t\t\t\t<p>La presente pol\u00edtica de privacidad, detalla el tratamiento y uso de los datos personales de los Usuarios (tal y como se encuentra definido en los T\u00e9rminos y Condiciones de Uso) recogidos, en cualquier momento, a trav\u00e9s del Sitio Web (tal y como se encuentra definido en los T\u00e9rminos y Condiciones de Uso). En otras palabras,&nbsp;Describe c\u00f3mo obtenemos y utilizamos la informaci\u00f3n sobre usted, con qui\u00e9n la compartimos, y c\u00f3mo puede controlar su configuraci\u00f3n de privacidad. Esta informaci\u00f3n nos ayuda a construir tecnolog\u00eda para mostrarle aquella informaci\u00f3n que puede ser m\u00e1s relevante para sus intereses.<\/p>\n<p>Cada vez que el Usuario accede a este Sitio Web, estar\u00e1 bajo la aplicaci\u00f3n de la Pol\u00edtica de Privacidad vigente en cada momento, debiendo revisar peri\u00f3dicamente dicho texto para comprobar que est\u00e1 conforme con \u00e9l.<\/p>\n<p><strong><em>\u00bfQu\u00e9 datos recopilamos?<\/em><\/strong><\/p>\n<p>B\u00e1sicamente cuando visita nuestro sitio web como usuario an\u00f3nimo recopilamos datos de car\u00e1cter anal\u00edtico (que en ning\u00fan momento van ligados a datos de car\u00e1cter personal), con el fin de mejorar nuestros contenidos, orient\u00e1ndolos en lo posible a los intereses mostrados por los usuarios en su navegaci\u00f3n.<\/p>\n<p>Respecto a los usuarios registrados en nuestro sitio web, cuando confirma su suscripci\u00f3n intentamos recopilar la informaci\u00f3n m\u00ednima necesaria para realizar nuestras campa\u00f1as de divulgaci\u00f3n, puede proporcionarnos cierta informaci\u00f3n personal:<\/p>\n<p>-Nombre.<\/p>\n<p>-Direcci\u00f3n.<\/p>\n<p>-N\u00famero de tel\u00e9fono.<\/p>\n<p>-Direcci\u00f3n de correo electr\u00f3nico.<\/p>\n<p>-Preferencias personales.<\/p>\n<p>-N\u00famero de tarjeta de pago.<\/p>\n<p>-Informaci\u00f3n de compra y pedido.<\/p>\n<p>-Informaci\u00f3n demogr\u00e1fica.<\/p>\n<p>-Respuestas a preguntas de encuestas.<\/p>\n<p>-Cualquier otro informaci\u00f3n que elija proporcionar.<\/p>\n<p>Recopilamos esta informaci\u00f3n en varios lugares de nuestro sitio web, como cuando:<\/p>\n<p>-Realiza el pago con su pedido en l\u00ednea.<\/p>\n<p>-Al interactuar con nuestras aplicaciones m\u00f3viles.<\/p>\n<p>-Al suscribirse a ofertas de correo electr\u00f3nico y ofertas de mensajer\u00eda m\u00f3vil.<\/p>\n<p>-Al participar en encuestas.<\/p>\n<p>-Al participar en concursos o sorteos.<\/p>\n<p>-Al interactuar con ofertas de programas o eventos especiales.<\/p>\n<p>Tambi\u00e9n podemos recopilar la informaci\u00f3n que usted proporciona en nuestro sitio web sobre de las personas que conoce.&nbsp;Por ejemplo:<\/p>\n<p>-Informaci\u00f3n de contacto del destinatario del regalo para procesar sus pedidos de regalo.<\/p>\n<p>-En el caso que el Usuario aporte datos personales de terceros, se responsabiliza de haber informado y haber obtenido el consentimiento de \u00e9stos para ser aportados con las finalidades detalladas con anterioridad.<\/p>\n<p>Nuestros Servicios tambi\u00e9n pueden darle la opci\u00f3n de cargar o compartir fotograf\u00edas o videos de usted y de otros.<\/p>\n<p>Tambi\u00e9n recopilamos informaci\u00f3n que no revela su identidad espec\u00edfica, o que no se refiere directamente a usted, como:<\/p>\n<p>&nbsp;-La informaci\u00f3n del navegador y del dispositivo.<br>-La informaci\u00f3n recopilada a trav\u00e9s de cookies, etiquetas de p\u00edxel y otras tecnolog\u00edas.<br>-Informaci\u00f3n demogr\u00e1fica y otra informaci\u00f3n que no le identifica proporcionada por usted.<br>&nbsp;Respecto a la informaci\u00f3n recibida a trav\u00e9s de las cookies, en cualquier momento puede modificar o cambiar el uso de cookies mediante su navegador. Para m\u00e1s detalles sobre las cookies, consulte nuestra&nbsp;<a href=\"https:\/\/madecolombia.com\/col\/politica-de-cookies\/\"><u style=\"font-style: inherit;\">Pol\u00edtica de Cookies<\/u><\/a><span style=\"font-style: inherit;\">.<br><\/span>El Usuario garantiza que los datos personales proporcionados son ciertos y exactos y se compromete a notificar a MADECOLOMBIA &nbsp;sobre cualquier cambio o modificaci\u00f3n de los mismos.<\/p>\n<p>En el caso que el Usuario aporte datos personales de terceros, se responsabiliza de haber informado y haber obtenido el consentimiento de \u00e9stos para ser aportados con las finalidades detalladas con anterioridad.<\/p>\n<p>Cualquier p\u00e9rdida o da\u00f1o causado al Sitio Web, al encargado del fichero o a cualquier tercero, causado por la comunicaci\u00f3n de informaci\u00f3n err\u00f3nea, inexacta o incompleta en los formularios de registro, ser\u00e1 responsabilidad exclusiva del usuario.<\/p>\n<p><strong><em>&nbsp;<\/em><\/strong><strong><em>\u00bfC\u00f3mo obtienen mi consentimiento?<\/em><\/strong><\/p>\n<p>Cuando nos provee su informaci\u00f3n personal para completar una transacci\u00f3n, verificar su tarjeta de cr\u00e9dito, crear una orden,&nbsp; concertar un env\u00edo o hacer una devoluci\u00f3n, implicamos que acepta la recolecci\u00f3n y uso por esa raz\u00f3n espec\u00edfica solamente.<\/p>\n<p>Si le pedimos su informaci\u00f3n personal por una raz\u00f3n secundaria, como marketing, le pediremos directamente su expreso consentimiento, o le daremos la oportunidad de negarse.<\/p>\n<p><strong><em>\u00bfC\u00f3mo puedo anular mi consentimiento?<\/em><\/strong><\/p>\n<p>Si luego de haber aceptado cambia de opini\u00f3n, puede anular su consentimiento para que le contactemos, por la recolecci\u00f3n, uso o divulgaci\u00f3n de su informaci\u00f3n, en cualquier momento, contact\u00e1ndonos a <a href=\"mailto:info@madecolombia.com\">info@madecolombia.com<\/a>.<\/p>\n<p><strong><em>\u00bfCon qu\u00e9 finalidad recopilamos estos datos?<\/em><\/strong><\/p>\n<p>En MADECOLOMBIA tratamos sus datos personales para alcanzar las finalidades que se detallan a continuaci\u00f3n:<\/p>\n<p>-Para verificar la suscripci\u00f3n y cumplimiento por parte del Usuario de las Pol\u00edticas Web o de aquellos t\u00e9rminos y condiciones espec\u00edficos que rijan la prestaci\u00f3n de servicios especiales a los que el Usuario pueda suscribirse en cualquier momento.<\/p>\n<p>-Para prestar los servicios para los que el Usuario se haya registrado o haya solicitado su suscripci\u00f3n de forma expresa.<\/p>\n<p>-Para el env\u00edo de comunicaciones sobre novedades, publicaciones, promociones o comerciales, por correo electr\u00f3nico o por cualquier otro medio de comunicaci\u00f3n electr\u00f3nica equivalente (newsletter, alertas y boletines, entre otros). Estos contenidos podr\u00e1n venir acompa\u00f1ados de publicidad propia o de terceros (seg\u00fan el Usuario haya establecido sus preferencias en el momento de suscripci\u00f3n).<\/p>\n<p>-Para tratar informaci\u00f3n sobre las conductas de navegaci\u00f3n del Usuario. Los mismos son recogidos a trav\u00e9s de la utilizaci\u00f3n de cookies <a href=\"https:\/\/madecolombia.com\/col\/politica-de-cookies\/\">(ver Pol\u00edtica de Cookies)<\/a> que el Usuario no hubiese desactivado, etiquetas de p\u00edxel y otras tecnolog\u00edas de seguimiento para medir, mejorar nuestros servicios, desarrollar caracter\u00edsticas y funcionalidades en nuestro sitio web.<\/p>\n<p>-Utilizar&nbsp;informaci\u00f3n acerca de su ordenador o dispositivo para garantizar que nuestro sitio web funcionen correctamente y est\u00e9n optimizados para su ordenador o dispositivo.<\/p>\n<p>-Utilizar y compartir informaci\u00f3n agregada y anonimizada para entender y servir mejor a nuestros usuarios. Por ejemplo, podemos elaborar estad\u00edsticas de las secciones m\u00e1s visitadas o el rango de edad de usuarios para mejorar los contenidos que servimos.<\/p>\n<p>-Gestionar cualquier operaci\u00f3n societaria que se produzca dentro de MADECOLOMBIA&nbsp;en el marco de cualquier restructuraci\u00f3n, venta, fusi\u00f3n, empresa conjunta, cesi\u00f3n, transmisi\u00f3n o cualquier otra forma de enajenaci\u00f3n de la totalidad o de cualquier parte de las actividades de MADECOLOMBIA, activos o valores, que pueda incluir, entre otros, la venta o traspaso de activos tales como las bases de datos del Sitio Web.<\/p>\n<p><strong><em>\u00bfCu\u00e1les son sus derechos en relaci\u00f3n con el tratamiento que hacemos de los mismos?<\/em><\/strong><\/p>\n<p>En cualquier momento puede optar por dejar de recibir notificaciones en el correo electr\u00f3nico. Para ello simplemente acceda a su perfil personal y modifique o elimine los datos que considere, o bien, contacte con nosotros <a href=\"mailto:info@madecolombia.com\">info@madecolombia.com<\/a>. Para su protecci\u00f3n, s\u00f3lo podemos implementar solicitudes con respecto a informaci\u00f3n personal asociada con la direcci\u00f3n de correo electr\u00f3nico espec\u00edfica que utilice usted para enviarnos su solicitud, y es posible que tengamos que verificar su identidad antes de implementar su solicitud. Intentaremos cumplir con su solicitud tan pronto como sea razonablemente posible.<\/p>\n<p><strong><em>Divulgaci\u00f3n <\/em><\/strong><\/p>\n<p>Podemos divulgar su informaci\u00f3n personal si se nos requiere por ley o si viola nuestros T\u00e9rminos de Servicio.<\/p>\n<p>MADECOLOMBIA no ceder\u00e1 los datos personales de los Usuarios a ning\u00fan tercero sin una base jur\u00eddica que legitime este tratamiento.<\/p>\n<p><strong><em>Servicios de Terceras Partes<\/em><\/strong><\/p>\n<p>Para la medici\u00f3n y auditor\u00eda del uso de nuestros Servicios, empleamos proveedores externos que utilizan Cookies para realizar dichos estudios anal\u00edticos del uso de MADECOLOMBIA.<\/p>\n<p>En general, los proveedores de terceras partes utilizados por nosotros solo recopilar\u00e1n, usar\u00e1n y divulgar\u00e1n tu informaci\u00f3n en la medida que sea necesaria para que les permita desempe\u00f1ar los servicios que nos proveen.<\/p>\n<p><strong><em>Enlaces<\/em><\/strong><\/p>\n<p>Cuando haces clic en enlaces de nuestra tienda, puede que seas redirigido fuera de nuestro sitio.&nbsp; No somos responsables por las pr\u00e1cticas de privacidad de otros sitios y te recomendamos leer sus normas de privacidad.<\/p>\n<p><strong><em>Seguridad<\/em><\/strong><\/p>\n<p>Para proteger su informaci\u00f3n personal, tomamos precauciones razonables y seguimos las mejores pr\u00e1cticas de la industria para asegurarnos de que no haya p\u00e9rdida de manera inapropiada, mal uso, acceso, divulgaci\u00f3n, alteraci\u00f3n o destrucci\u00f3n de la misma.<\/p>\n<p>SI nos proporciona la informaci\u00f3n de tu tarjeta de cr\u00e9dito, dicha informaci\u00f3n es encriptada mediante la tecnolog\u00eda Secure Socket Layer (SSL) y se almacena con un cifrado AES-256.&nbsp; Aunque ning\u00fan m\u00e9todo de transmisi\u00f3n a trav\u00e9s de Internet o de almacenamiento electr\u00f3nico es 100% seguro, seguimos todos los requisitos de PCI-DSS e implementamos normas adicionales aceptadas por la industria.<\/p>\n<p><strong><em>Cambios a esta Pol\u00edtica de Privacidad<\/em><\/strong><\/p>\n<p>Nos reservamos el derecho de modificar esta pol\u00edtica de privacidad en cualquier momento, as\u00ed que por favor rev\u00edsela frecuentemente.&nbsp; Cambios y aclaraciones entrar\u00e1n en vigencia inmediatamente despu\u00e9s de su publicaci\u00f3n en el sitio web.&nbsp; Si hacemos cambios materiales a esta pol\u00edtica, notificaremos aqu\u00ed que ha sido actualizada, por lo que cual est\u00e1s enterando de qu\u00e9 informaci\u00f3n recopilamos, c\u00f3mo y bajo qu\u00e9 circunstancias, si las hubiere, la utilizamos y\/o divulgamos.<\/p>\n<p>Si nuestra tienda es adquirida o fusionada con otra empresa, tu informaci\u00f3n puede ser transferida a los nuevos propietarios, para que podamos seguir vendi\u00e9ndote productos.<\/p>\n<p><strong><em>Preguntas e Informaci\u00f3n de Contacto<\/em><\/strong><\/p>\n<p>Si quiere: acceder, corregir, enmendar o borrar cualquier informaci\u00f3n personal que poseamos sobre usted, registrar una queja, o simplemente quiere m\u00e1s informaci\u00f3n contacte a nuestro Oficial de Cumplimiento de Privacidad <a href=\"mailto:info@madecolombia.com\">info@madecolombia.com<\/a>.<\/p>\n<p><strong><em>Datos de navegaci\u00f3n<\/em><\/strong><\/p>\n<p>En cualquier momento puede modificar o cambiar el uso de cookies mediante su navegador. Para m\u00e1s detalles sobre las cookies, consulte nuestra&nbsp;<a href=\"https:\/\/madecolombia.com\/col\/politica-de-cookies\/\"><u>Pol\u00edtica de Cookies<\/u><\/a>.<\/p>\n<p><strong><em>&nbsp;<\/em><\/strong><\/p>\n<p><strong><em>COOKIES<\/em><\/strong><\/p>\n<p>Aqu\u00ed tienes una lista de cookies que utilizamos. Las enlistamos para que puedas elegir si quieres optar por quitarlas o no.<\/p>\n<p>_session_id, unique token, sessional, Allows Shopify to store information about your session (referrer, landing page, etc).<\/p>\n<p>_shopify_visit, no data held, Persistent for 30 minutes from the last visit, Used by our website provider\u2019s internal stats tracker to record the number of visits<\/p>\n<p>_shopify_uniq, no data held, expires midnight (relative to the visitor) of the next day, Counts the number of visits to a store by a single customer.<\/p>\n<p>cart, unique token, persistent for 2 weeks, Stores information about the contents of your cart.<\/p>\n<p>_secure_session_id, unique token, sessional<\/p>\n<p>storefront_digest, unique token, indefinite If the shop has a password, this is used to determine if the current visitor has access.<\/p>\t\t\t\t\t\t\t\t<\/div>\n\t\t\t\t<\/div>\n\t\t\t\t\t<\/div>\n\t\t<\/div>\n\t\t\t\t\t<\/div>\n\t\t<\/section>\n\t\t\t\t<\/div>\n\t\t","protected":false},"excerpt":{"rendered":"<p>Pol\u00edtica de privacidad La presente pol\u00edtica de privacidad, detalla el tratamiento y uso de los datos personales de los Usuarios (tal y como se encuentra definido en los T\u00e9rminos y Condiciones de Uso) recogidos, en cualquier momento, a trav\u00e9s del Sitio Web (tal y como se encuentra definido en los T\u00e9rminos y Condiciones de Uso). &#8230; <a title=\"Pol\u00edtica de privacidad\" class=\"read-more\" href=\"https:\/\/madecolombia.com\/col\/politica-de-privacidad\/\" aria-label=\"Read more about Pol\u00edtica de privacidad\">Leer m\u00e1s<\/a><\/p>\n","protected":false},"author":1,"featured_media":0,"parent":0,"menu_order":0,"comment_status":"closed","ping_status":"closed","template":"elementor_header_footer","meta":{"inline_featured_image":false,"footnotes":""},"class_list":["post-452","page","type-page","status-publish"],"yoast_head":"<!-- This site is optimized with the Yoast SEO plugin v26.0 - https:\/\/yoast.com\/wordpress\/plugins\/seo\/ -->\n<title>Pol\u00edtica de privacidad | MADECOLOMBIA<\/title>\n<meta name=\"description\" content=\"Pol\u00edtica de privacidad La presente pol\u00edtica de privacidad, detalla el tratamiento y uso de los datos personales de los Usuarios (tal y como se encuentra\" \/>\n<meta name=\"robots\" content=\"index, follow, max-snippet:-1, max-image-preview:large, max-video-preview:-1\" \/>\n<link rel=\"canonical\" href=\"https:\/\/madecolombia.com\/col\/politica-de-privacidad\/\" \/>\n<meta property=\"og:locale\" content=\"es_ES\" \/>\n<meta property=\"og:type\" content=\"article\" \/>\n<meta property=\"og:title\" content=\"Pol\u00edtica de privacidad | MADECOLOMBIA\" \/>\n<meta property=\"og:description\" content=\"Pol\u00edtica de privacidad La presente pol\u00edtica de privacidad, detalla el tratamiento y uso de los datos personales de los Usuarios (tal y como se encuentra\" \/>\n<meta property=\"og:url\" content=\"https:\/\/madecolombia.com\/col\/politica-de-privacidad\/\" \/>\n<meta property=\"og:site_name\" content=\"MADECOLOMBIA\" \/>\n<meta property=\"article:publisher\" content=\"https:\/\/www.facebook.com\/distribucionmadecolombia\/\" \/>\n<meta property=\"article:modified_time\" content=\"2020-12-10T14:47:34+00:00\" \/>\n<meta name=\"twitter:card\" content=\"summary_large_image\" \/>\n<meta name=\"twitter:label1\" content=\"Tiempo de lectura\" \/>\n\t<meta name=\"twitter:data1\" content=\"9 minutos\" \/>\n<script type=\"application\/ld+json\" class=\"yoast-schema-graph\">{\"@context\":\"https:\/\/schema.org\",\"@graph\":[{\"@type\":\"WebPage\",\"@id\":\"https:\/\/madecolombia.com\/col\/politica-de-privacidad\/\",\"url\":\"https:\/\/madecolombia.com\/col\/politica-de-privacidad\/\",\"name\":\"Pol\u00edtica de privacidad | MADECOLOMBIA\",\"isPartOf\":{\"@id\":\"https:\/\/madecolombia.com\/col\/#website\"},\"datePublished\":\"2020-11-28T02:53:24+00:00\",\"dateModified\":\"2020-12-10T14:47:34+00:00\",\"description\":\"Pol\u00edtica de privacidad La presente pol\u00edtica de privacidad, detalla el tratamiento y uso de los datos personales de los Usuarios (tal y como se encuentra\",\"breadcrumb\":{\"@id\":\"https:\/\/madecolombia.com\/col\/politica-de-privacidad\/#breadcrumb\"},\"inLanguage\":\"es-CO\",\"potentialAction\":[{\"@type\":\"ReadAction\",\"target\":[\"https:\/\/madecolombia.com\/col\/politica-de-privacidad\/\"]}]},{\"@type\":\"BreadcrumbList\",\"@id\":\"https:\/\/madecolombia.com\/col\/politica-de-privacidad\/#breadcrumb\",\"itemListElement\":[{\"@type\":\"ListItem\",\"position\":1,\"name\":\"Inicio\",\"item\":\"https:\/\/madecolombia.com\/col\/\"},{\"@type\":\"ListItem\",\"position\":2,\"name\":\"Pol\u00edtica de privacidad\"}]},{\"@type\":\"WebSite\",\"@id\":\"https:\/\/madecolombia.com\/col\/#website\",\"url\":\"https:\/\/madecolombia.com\/col\/\",\"name\":\"MADECOLOMBIA\",\"description\":\"Maderoterapia corporal y facial, productos de madera 100% colombianos y garantizados entregados a domicilio.\",\"publisher\":{\"@id\":\"https:\/\/madecolombia.com\/col\/#organization\"},\"potentialAction\":[{\"@type\":\"SearchAction\",\"target\":{\"@type\":\"EntryPoint\",\"urlTemplate\":\"https:\/\/madecolombia.com\/col\/?s={search_term_string}\"},\"query-input\":{\"@type\":\"PropertyValueSpecification\",\"valueRequired\":true,\"valueName\":\"search_term_string\"}}],\"inLanguage\":\"es-CO\"},{\"@type\":\"Organization\",\"@id\":\"https:\/\/madecolombia.com\/col\/#organization\",\"name\":\"MADECOLOMBIA\",\"url\":\"https:\/\/madecolombia.com\/col\/\",\"logo\":{\"@type\":\"ImageObject\",\"inLanguage\":\"es-CO\",\"@id\":\"https:\/\/madecolombia.com\/col\/#\/schema\/logo\/image\/\",\"url\":\"https:\/\/madecolombia.com\/col\/wp-content\/uploads\/2020\/10\/logo-madecolombia.png\",\"contentUrl\":\"https:\/\/madecolombia.com\/col\/wp-content\/uploads\/2020\/10\/logo-madecolombia.png\",\"width\":2661,\"height\":516,\"caption\":\"MADECOLOMBIA\"},\"image\":{\"@id\":\"https:\/\/madecolombia.com\/col\/#\/schema\/logo\/image\/\"},\"sameAs\":[\"https:\/\/www.facebook.com\/distribucionmadecolombia\/\"]}]}<\/script>\n<!-- \/ Yoast SEO plugin. -->","yoast_head_json":{"title":"Pol\u00edtica de privacidad | MADECOLOMBIA","description":"Pol\u00edtica de privacidad La presente pol\u00edtica de privacidad, detalla el tratamiento y uso de los datos personales de los Usuarios (tal y como se encuentra","robots":{"index":"index","follow":"follow","max-snippet":"max-snippet:-1","max-image-preview":"max-image-preview:large","max-video-preview":"max-video-preview:-1"},"canonical":"https:\/\/madecolombia.com\/col\/politica-de-privacidad\/","og_locale":"es_ES","og_type":"article","og_title":"Pol\u00edtica de privacidad | MADECOLOMBIA","og_description":"Pol\u00edtica de privacidad La presente pol\u00edtica de privacidad, detalla el tratamiento y uso de los datos personales de los Usuarios (tal y como se encuentra","og_url":"https:\/\/madecolombia.com\/col\/politica-de-privacidad\/","og_site_name":"MADECOLOMBIA","article_publisher":"https:\/\/www.facebook.com\/distribucionmadecolombia\/","article_modified_time":"2020-12-10T14:47:34+00:00","twitter_card":"summary_large_image","twitter_misc":{"Tiempo de lectura":"9 minutos"},"schema":{"@context":"https:\/\/schema.org","@graph":[{"@type":"WebPage","@id":"https:\/\/madecolombia.com\/col\/politica-de-privacidad\/","url":"https:\/\/madecolombia.com\/col\/politica-de-privacidad\/","name":"Pol\u00edtica de privacidad | MADECOLOMBIA","isPartOf":{"@id":"https:\/\/madecolombia.com\/col\/#website"},"datePublished":"2020-11-28T02:53:24+00:00","dateModified":"2020-12-10T14:47:34+00:00","description":"Pol\u00edtica de privacidad La presente pol\u00edtica de privacidad, detalla el tratamiento y uso de los datos personales de los Usuarios (tal y como se encuentra","breadcrumb":{"@id":"https:\/\/madecolombia.com\/col\/politica-de-privacidad\/#breadcrumb"},"inLanguage":"es-CO","potentialAction":[{"@type":"ReadAction","target":["https:\/\/madecolombia.com\/col\/politica-de-privacidad\/"]}]},{"@type":"BreadcrumbList","@id":"https:\/\/madecolombia.com\/col\/politica-de-privacidad\/#breadcrumb","itemListElement":[{"@type":"ListItem","position":1,"name":"Inicio","item":"https:\/\/madecolombia.com\/col\/"},{"@type":"ListItem","position":2,"name":"Pol\u00edtica de privacidad"}]},{"@type":"WebSite","@id":"https:\/\/madecolombia.com\/col\/#website","url":"https:\/\/madecolombia.com\/col\/","name":"MADECOLOMBIA","description":"Maderoterapia corporal y facial, productos de madera 100% colombianos y garantizados entregados a domicilio.","publisher":{"@id":"https:\/\/madecolombia.com\/col\/#organization"},"potentialAction":[{"@type":"SearchAction","target":{"@type":"EntryPoint","urlTemplate":"https:\/\/madecolombia.com\/col\/?s={search_term_string}"},"query-input":{"@type":"PropertyValueSpecification","valueRequired":true,"valueName":"search_term_string"}}],"inLanguage":"es-CO"},{"@type":"Organization","@id":"https:\/\/madecolombia.com\/col\/#organization","name":"MADECOLOMBIA","url":"https:\/\/madecolombia.com\/col\/","logo":{"@type":"ImageObject","inLanguage":"es-CO","@id":"https:\/\/madecolombia.com\/col\/#\/schema\/logo\/image\/","url":"https:\/\/madecolombia.com\/col\/wp-content\/uploads\/2020\/10\/logo-madecolombia.png","contentUrl":"https:\/\/madecolombia.com\/col\/wp-content\/uploads\/2020\/10\/logo-madecolombia.png","width":2661,"height":516,"caption":"MADECOLOMBIA"},"image":{"@id":"https:\/\/madecolombia.com\/col\/#\/schema\/logo\/image\/"},"sameAs":["https:\/\/www.facebook.com\/distribucionmadecolombia\/"]}]}},"_links":{"self":[{"href":"https:\/\/madecolombia.com\/col\/wp-json\/wp\/v2\/pages\/452","targetHints":{"allow":["GET"]}}],"collection":[{"href":"https:\/\/madecolombia.com\/col\/wp-json\/wp\/v2\/pages"}],"about":[{"href":"https:\/\/madecolombia.com\/col\/wp-json\/wp\/v2\/types\/page"}],"author":[{"embeddable":true,"href":"https:\/\/madecolombia.com\/col\/wp-json\/wp\/v2\/users\/1"}],"replies":[{"embeddable":true,"href":"https:\/\/madecolombia.com\/col\/wp-json\/wp\/v2\/comments?post=452"}],"version-history":[{"count":9,"href":"https:\/\/madecolombia.com\/col\/wp-json\/wp\/v2\/pages\/452\/revisions"}],"predecessor-version":[{"id":945,"href":"https:\/\/madecolombia.com\/col\/wp-json\/wp\/v2\/pages\/452\/revisions\/945"}],"wp:attachment":[{"href":"https:\/\/madecolombia.com\/col\/wp-json\/wp\/v2\/media?parent=452"}],"curies":[{"name":"wp","href":"https:\/\/api.w.org\/{rel}","templated":true}]}}