{"id":463,"date":"2020-11-27T22:45:04","date_gmt":"2020-11-28T03:45:04","guid":{"rendered":"https:\/\/madecolombia.com\/col\/?page_id=463"},"modified":"2020-12-10T09:49:54","modified_gmt":"2020-12-10T14:49:54","slug":"politicas-de-envio-estados-unidos","status":"publish","type":"page","link":"https:\/\/madecolombia.com\/col\/politicas-de-envio-estados-unidos\/","title":{"rendered":"Pol\u00edticas de env\u00edo Estados Unidos"},"content":{"rendered":"\t\t<div data-elementor-type=\"wp-page\" data-elementor-id=\"463\" class=\"elementor elementor-463\" data-elementor-settings=\"{&quot;element_pack_global_tooltip_width&quot;:{&quot;unit&quot;:&quot;px&quot;,&quot;size&quot;:&quot;&quot;,&quot;sizes&quot;:[]},&quot;element_pack_global_tooltip_width_tablet&quot;:{&quot;unit&quot;:&quot;px&quot;,&quot;size&quot;:&quot;&quot;,&quot;sizes&quot;:[]},&quot;element_pack_global_tooltip_width_mobile&quot;:{&quot;unit&quot;:&quot;px&quot;,&quot;size&quot;:&quot;&quot;,&quot;sizes&quot;:[]},&quot;element_pack_global_tooltip_padding&quot;:{&quot;unit&quot;:&quot;px&quot;,&quot;top&quot;:&quot;&quot;,&quot;right&quot;:&quot;&quot;,&quot;bottom&quot;:&quot;&quot;,&quot;left&quot;:&quot;&quot;,&quot;isLinked&quot;:true},&quot;element_pack_global_tooltip_padding_tablet&quot;:{&quot;unit&quot;:&quot;px&quot;,&quot;top&quot;:&quot;&quot;,&quot;right&quot;:&quot;&quot;,&quot;bottom&quot;:&quot;&quot;,&quot;left&quot;:&quot;&quot;,&quot;isLinked&quot;:true},&quot;element_pack_global_tooltip_padding_mobile&quot;:{&quot;unit&quot;:&quot;px&quot;,&quot;top&quot;:&quot;&quot;,&quot;right&quot;:&quot;&quot;,&quot;bottom&quot;:&quot;&quot;,&quot;left&quot;:&quot;&quot;,&quot;isLinked&quot;:true},&quot;element_pack_global_tooltip_border_radius&quot;:{&quot;unit&quot;:&quot;px&quot;,&quot;top&quot;:&quot;&quot;,&quot;right&quot;:&quot;&quot;,&quot;bottom&quot;:&quot;&quot;,&quot;left&quot;:&quot;&quot;,&quot;isLinked&quot;:true},&quot;element_pack_global_tooltip_border_radius_tablet&quot;:{&quot;unit&quot;:&quot;px&quot;,&quot;top&quot;:&quot;&quot;,&quot;right&quot;:&quot;&quot;,&quot;bottom&quot;:&quot;&quot;,&quot;left&quot;:&quot;&quot;,&quot;isLinked&quot;:true},&quot;element_pack_global_tooltip_border_radius_mobile&quot;:{&quot;unit&quot;:&quot;px&quot;,&quot;top&quot;:&quot;&quot;,&quot;right&quot;:&quot;&quot;,&quot;bottom&quot;:&quot;&quot;,&quot;left&quot;:&quot;&quot;,&quot;isLinked&quot;:true}}\" data-elementor-post-type=\"page\">\n\t\t\t\t\t\t<section class=\"elementor-section elementor-top-section elementor-element elementor-element-4bc748b elementor-section-boxed elementor-section-height-default elementor-section-height-default\" data-id=\"4bc748b\" data-element_type=\"section\">\n\t\t\t\t\t\t<div class=\"elementor-container elementor-column-gap-default\">\n\t\t\t\t\t<div class=\"elementor-column elementor-col-100 elementor-top-column elementor-element elementor-element-ae82540\" data-id=\"ae82540\" data-element_type=\"column\">\n\t\t\t<div class=\"elementor-widget-wrap elementor-element-populated\">\n\t\t\t\t\t\t<div class=\"elementor-element elementor-element-8593de2 elementor-widget elementor-widget-heading\" data-id=\"8593de2\" data-element_type=\"widget\" data-widget_type=\"heading.default\">\n\t\t\t\t<div class=\"elementor-widget-container\">\n\t\t\t\t\t<h1 class=\"elementor-heading-title elementor-size-default\">Pol\u00edticas de Env\u00edos Estados Unidos<\/h1>\t\t\t\t<\/div>\n\t\t\t\t<\/div>\n\t\t\t\t<div class=\"elementor-element elementor-element-2598e30 elementor-widget elementor-widget-text-editor\" data-id=\"2598e30\" data-element_type=\"widget\" data-widget_type=\"text-editor.default\">\n\t\t\t\t<div class=\"elementor-widget-container\">\n\t\t\t\t\t\t\t\t\t<p>Los siguientes t\u00e9rminos aplican para todos los env\u00edos realizados dentro de Estados Unidos.&nbsp;<\/p>\n<p>-Los precios publicados en el sitio web NO incluyen costos de env\u00edo, salvo cuando expresamente lo indique alguna referencia o promoci\u00f3n en particular.<\/p>\n<p>-Los precios de los productos pueden cambiar en cualquier momento sin previo aviso, no se pueden combinar promociones de otros medios distintos a los presentados en este sitio web.<\/p>\n<p>-El cliente debe proporcionar una direcci\u00f3n v\u00e1lida localizable dentro de Estados Unidos donde pueda hacerse la entrega del pedido. En caso de que el cliente proporcione una direcci\u00f3n que no sea localizada por la compa\u00f1\u00eda de env\u00edos o cualquier otro costo adicional ser\u00e1 cubierto por el cliente mismo. No podemos procesar pedidos con la direcci\u00f3n de entrega incompleta.<\/p>\n<p><strong><em>\u00bfCuando enviaremos su pedido y cu\u00e1les son los tiempos de entrega?<\/em><\/strong><\/p>\n<p>Por lo general, los pedidos son entregados a la compa\u00f1\u00eda transportadora un d\u00eda h\u00e1bil despu\u00e9s de confirmado su pago.<\/p>\n<p>&#8211; Si el pago de su compra es confirmado de lunes a viernes, el primer d\u00eda h\u00e1bil es el d\u00eda en que recibe la confirmaci\u00f3n del pago.<\/p>\n<p>&#8211; Si el pago de su compra es confirmada el s\u00e1bado, domingo o d\u00eda festivo, el tiempo de entrega es disponible a partir del siguiente d\u00eda h\u00e1bil de la confirmaci\u00f3n de su pago.<\/p>\n<p>&#8211; Igualmente debe tener presente que solo los pedidos que ocurren antes de las 4:00 pm cuentan como del mismo d\u00eda; todo pedido que ocurra despu\u00e9s de las 4:00 p.m. se contar\u00e1 a su tiempo de entrega oficial desde el d\u00eda h\u00e1bil siguiente.<\/p>\n<p>&#8211; Una vez despachada la orden, enviaremos un correo electr\u00f3nico confirmando el env\u00edo de su pedido, con el n\u00famero de seguimiento y el nombre de la compa\u00f1\u00eda de env\u00edos.<\/p>\n<p>Entregamos en todas las ciudades donde existe cobertura a trav\u00e9s de las compa\u00f1\u00edas de env\u00edos con las que contratamos servicios. En las entregas dependemos totalmente de las condiciones de cada una de las compa\u00f1\u00edas de env\u00edos, as\u00ed mismo de las condiciones climatol\u00f3gicas y zonas de riesgo de cada entidad.<\/p>\n<p><strong><em>\u00bfQu\u00e9 debe tener en cuenta al momento de recibir su pedido?<\/em><\/strong><\/p>\n<p>-Instamos a todos nuestros clientes a que examinen los paquetes por si hubiese da\u00f1os o alteraciones al momento de recibir, todos los paquetes enviados por nosotros van perfectamente empacados, en caso de que el paquete presente se\u00f1ales de maltrato (Caja abierta, golpeada, perforada, mojada, etc.) deber\u00e1 de reportarlo con nosotros inmediatamente al correo electr\u00f3nico <a href=\"mailto:info@madecolombia.com\">info@madecolombia.com<\/a> (Asunto: Paquete con anomal\u00edas USA)<\/p>\n<p>-Si usted sospecha que la caja que le est\u00e1 entregando el empleado del servicio de paqueter\u00eda no contiene lo que usted compr\u00f3 ya sea por el peso o tama\u00f1o del empaque, deber\u00e1 de reportarlo con nosotros inmediatamente para hacer la aclaraci\u00f3n de su pedido al correo electr\u00f3nico <a href=\"mailto:info@madecolombia.com\">info@madecolombia.com<\/a>&nbsp;(Asunto: Paquete con anomal\u00edas USA)<\/p>\n<p>-Una vez recibido el paquete por usted o alguna persona en la direcci\u00f3n de entrega, cuenta con 12 horas para reportar anomal\u00edas por da\u00f1o f\u00edsico o faltante en su pedido, despu\u00e9s de este plazo no procede ning\u00fan cambio o reclamaci\u00f3n.<\/p>\n<p><strong><em>IMPORTANTE:<\/em><\/strong><\/p>\n<p>-Los precios de env\u00edo se calculan de acuerdo al destino final del paquete y al peso volum\u00e9trico del empaque que contiene el o los productos.<\/p>\n<p>-Si tiene instrucciones especiales para la entrega de su pedido o necesita otra opci\u00f3n de env\u00edo o servicio prioritario, por favor cont\u00e1ctenos escribiendo a <a href=\"mailto:info@madecolombia.com\">info@madecolombia.com<\/a> (Asunto: Instrucci\u00f3n de envi\u00f3 USA)<\/p>\n<p><\/p>\n<p>-Para informaci\u00f3n sobre env\u00edos internacionales, por favor visite <a href=\"https:\/\/madecolombia.com\/col\/politicas-de-envio-internacionales\/\"><u>Pol\u00edticas de Env\u00edos Internacionales<\/u>.<\/a><\/p>\n<p><strong><em>PREGUNTAS FRECUENTES SOBRE ENV\u00cdOS:<\/em><\/strong><\/p>\n<p>\u00bfQu\u00e9 puedo hacer si no recib\u00ed mi pedido?<\/p>\n<p>Le pedimos que permita un d\u00eda h\u00e1bil adicional despu\u00e9s del escaneo entregado, ya que es posible que el transportista haya escaneado accidentalmente la entrega demasiado pronto.&nbsp;Si su paquete a\u00fan no ha llegado, cont\u00e1ctenos.<\/p>\n<p>&#8211; A trav\u00e9s de nuestro correo electr\u00f3nico <a href=\"mailto:info@madecolombia.com\">info@madecolombia.com<\/a> &nbsp;(Asunto: No recib\u00ed mi paquete USA)<\/p>\n<p>&#8211; En nuestro Sitio Web WW.MADECOLOMBIA.COM en el formulario de <a href=\"https:\/\/madecolombia.com\/col\/contacto\">\u2018Cont\u00e1ctanos\u2019<\/a><\/p>\n<p>\u00bfQu\u00e9 puedo hacer si mi entrega se retrasa?<\/p>\n<p>Le pedimos que espere un d\u00eda h\u00e1bil adicional despu\u00e9s de su Fecha de entrega esperada.&nbsp;Si su paquete a\u00fan no ha llegado, cont\u00e1ctenos.<\/p>\n<p>&#8211; A trav\u00e9s de nuestro correo electr\u00f3nico <a href=\"mailto:info@madecolombia.com\">info@madecolombia.com<\/a>&nbsp;(Asunto: Retraso en mi entrega USA)<\/p>\n<p>&#8211; En nuestro Sitio Web WWW.MADECOLOMBIA.COM en el formulario de <a href=\"https:\/\/madecolombia.com\/col\/contacto\">\u2018Cont\u00e1ctanos\u2019<\/a><\/p>\n<p>NOTA:&nbsp;Aseg\u00farese de buscar su paquete;&nbsp;algunos transportistas dejan los paquetes en lugares ocultos para que no se vean desde la calle.&nbsp;Verifique si alguien m\u00e1s, como un vecino o un administrador de la oficina del apartamento, acept\u00f3 la entrega en su nombre.<\/p>\n<p>\u00bfPuedo cambiar la direcci\u00f3n de entrega?<\/p>\n<p>Para cambiar la direcci\u00f3n de entrega de su pedido y tomar su solicitud le pedimos que por favor se contacte con nosotros dentro de las primeras 12 horas seguidas a la confirmaci\u00f3n de su pedido.<\/p>\n<p>&#8211; A trav\u00e9s de nuestro correo electr\u00f3nico <a href=\"mailto:info@madecolombia.com\">info@madecolombia.com<\/a> (Asunto: Cambiar direcci\u00f3n de envi\u00f3 USA)<\/p>\n<p>&#8211; En nuestro Sitio Web WW.MADECOLOMBIA.COM en el formulario de <a href=\"https:\/\/madecolombia.com\/col\/contacto\">\u2018Cont\u00e1ctanos\u2019&nbsp;<\/a><\/p>\t\t\t\t\t\t\t\t<\/div>\n\t\t\t\t<\/div>\n\t\t\t\t\t<\/div>\n\t\t<\/div>\n\t\t\t\t\t<\/div>\n\t\t<\/section>\n\t\t\t\t<\/div>\n\t\t","protected":false},"excerpt":{"rendered":"<p>Pol\u00edticas de Env\u00edos Estados Unidos Los siguientes t\u00e9rminos aplican para todos los env\u00edos realizados dentro de Estados Unidos.&nbsp; -Los precios publicados en el sitio web NO incluyen costos de env\u00edo, salvo cuando expresamente lo indique alguna referencia o promoci\u00f3n en particular. -Los precios de los productos pueden cambiar en cualquier momento sin previo aviso, no &#8230; <a title=\"Pol\u00edticas de env\u00edo Estados Unidos\" class=\"read-more\" href=\"https:\/\/madecolombia.com\/col\/politicas-de-envio-estados-unidos\/\" aria-label=\"Read more about Pol\u00edticas de env\u00edo Estados Unidos\">Leer m\u00e1s<\/a><\/p>\n","protected":false},"author":1,"featured_media":0,"parent":0,"menu_order":0,"comment_status":"closed","ping_status":"closed","template":"elementor_header_footer","meta":{"inline_featured_image":false,"footnotes":""},"class_list":["post-463","page","type-page","status-publish"],"yoast_head":"<!-- This site is optimized with the Yoast SEO plugin v26.0 - https:\/\/yoast.com\/wordpress\/plugins\/seo\/ -->\n<title>Pol\u00edticas de env\u00edo Estados Unidos | MADECOLOMBIA<\/title>\n<meta name=\"description\" content=\"Pol\u00edticas de Env\u00edos Estados Unidos Los siguientes t\u00e9rminos aplican para todos los env\u00edos realizados dentro de Estados Unidos.&nbsp; -Los precios\" \/>\n<meta name=\"robots\" content=\"index, follow, max-snippet:-1, max-image-preview:large, max-video-preview:-1\" \/>\n<link rel=\"canonical\" href=\"https:\/\/madecolombia.com\/col\/politicas-de-envio-estados-unidos\/\" \/>\n<meta property=\"og:locale\" content=\"es_ES\" \/>\n<meta property=\"og:type\" content=\"article\" \/>\n<meta property=\"og:title\" content=\"Pol\u00edticas de env\u00edo Estados Unidos | MADECOLOMBIA\" \/>\n<meta property=\"og:description\" content=\"Pol\u00edticas de Env\u00edos Estados Unidos Los siguientes t\u00e9rminos aplican para todos los env\u00edos realizados dentro de Estados Unidos.&nbsp; -Los precios\" \/>\n<meta property=\"og:url\" content=\"https:\/\/madecolombia.com\/col\/politicas-de-envio-estados-unidos\/\" \/>\n<meta property=\"og:site_name\" content=\"MADECOLOMBIA\" \/>\n<meta property=\"article:publisher\" content=\"https:\/\/www.facebook.com\/distribucionmadecolombia\/\" \/>\n<meta property=\"article:modified_time\" content=\"2020-12-10T14:49:54+00:00\" \/>\n<meta name=\"twitter:card\" content=\"summary_large_image\" \/>\n<meta name=\"twitter:label1\" content=\"Tiempo de lectura\" \/>\n\t<meta name=\"twitter:data1\" content=\"5 minutos\" \/>\n<script type=\"application\/ld+json\" class=\"yoast-schema-graph\">{\"@context\":\"https:\/\/schema.org\",\"@graph\":[{\"@type\":\"WebPage\",\"@id\":\"https:\/\/madecolombia.com\/col\/politicas-de-envio-estados-unidos\/\",\"url\":\"https:\/\/madecolombia.com\/col\/politicas-de-envio-estados-unidos\/\",\"name\":\"Pol\u00edticas de env\u00edo Estados Unidos | MADECOLOMBIA\",\"isPartOf\":{\"@id\":\"https:\/\/madecolombia.com\/col\/#website\"},\"datePublished\":\"2020-11-28T03:45:04+00:00\",\"dateModified\":\"2020-12-10T14:49:54+00:00\",\"description\":\"Pol\u00edticas de Env\u00edos Estados Unidos Los siguientes t\u00e9rminos aplican para todos los env\u00edos realizados dentro de Estados Unidos.&nbsp; -Los precios\",\"breadcrumb\":{\"@id\":\"https:\/\/madecolombia.com\/col\/politicas-de-envio-estados-unidos\/#breadcrumb\"},\"inLanguage\":\"es-CO\",\"potentialAction\":[{\"@type\":\"ReadAction\",\"target\":[\"https:\/\/madecolombia.com\/col\/politicas-de-envio-estados-unidos\/\"]}]},{\"@type\":\"BreadcrumbList\",\"@id\":\"https:\/\/madecolombia.com\/col\/politicas-de-envio-estados-unidos\/#breadcrumb\",\"itemListElement\":[{\"@type\":\"ListItem\",\"position\":1,\"name\":\"Inicio\",\"item\":\"https:\/\/madecolombia.com\/col\/\"},{\"@type\":\"ListItem\",\"position\":2,\"name\":\"Pol\u00edticas de env\u00edo Estados Unidos\"}]},{\"@type\":\"WebSite\",\"@id\":\"https:\/\/madecolombia.com\/col\/#website\",\"url\":\"https:\/\/madecolombia.com\/col\/\",\"name\":\"MADECOLOMBIA\",\"description\":\"Maderoterapia corporal y facial, productos de madera 100% colombianos y garantizados entregados a domicilio.\",\"publisher\":{\"@id\":\"https:\/\/madecolombia.com\/col\/#organization\"},\"potentialAction\":[{\"@type\":\"SearchAction\",\"target\":{\"@type\":\"EntryPoint\",\"urlTemplate\":\"https:\/\/madecolombia.com\/col\/?s={search_term_string}\"},\"query-input\":{\"@type\":\"PropertyValueSpecification\",\"valueRequired\":true,\"valueName\":\"search_term_string\"}}],\"inLanguage\":\"es-CO\"},{\"@type\":\"Organization\",\"@id\":\"https:\/\/madecolombia.com\/col\/#organization\",\"name\":\"MADECOLOMBIA\",\"url\":\"https:\/\/madecolombia.com\/col\/\",\"logo\":{\"@type\":\"ImageObject\",\"inLanguage\":\"es-CO\",\"@id\":\"https:\/\/madecolombia.com\/col\/#\/schema\/logo\/image\/\",\"url\":\"https:\/\/madecolombia.com\/col\/wp-content\/uploads\/2020\/10\/logo-madecolombia.png\",\"contentUrl\":\"https:\/\/madecolombia.com\/col\/wp-content\/uploads\/2020\/10\/logo-madecolombia.png\",\"width\":2661,\"height\":516,\"caption\":\"MADECOLOMBIA\"},\"image\":{\"@id\":\"https:\/\/madecolombia.com\/col\/#\/schema\/logo\/image\/\"},\"sameAs\":[\"https:\/\/www.facebook.com\/distribucionmadecolombia\/\"]}]}<\/script>\n<!-- \/ Yoast SEO plugin. -->","yoast_head_json":{"title":"Pol\u00edticas de env\u00edo Estados Unidos | MADECOLOMBIA","description":"Pol\u00edticas de Env\u00edos Estados Unidos Los siguientes t\u00e9rminos aplican para todos los env\u00edos realizados dentro de Estados Unidos.&nbsp; -Los precios","robots":{"index":"index","follow":"follow","max-snippet":"max-snippet:-1","max-image-preview":"max-image-preview:large","max-video-preview":"max-video-preview:-1"},"canonical":"https:\/\/madecolombia.com\/col\/politicas-de-envio-estados-unidos\/","og_locale":"es_ES","og_type":"article","og_title":"Pol\u00edticas de env\u00edo Estados Unidos | MADECOLOMBIA","og_description":"Pol\u00edticas de Env\u00edos Estados Unidos Los siguientes t\u00e9rminos aplican para todos los env\u00edos realizados dentro de Estados Unidos.&nbsp; -Los precios","og_url":"https:\/\/madecolombia.com\/col\/politicas-de-envio-estados-unidos\/","og_site_name":"MADECOLOMBIA","article_publisher":"https:\/\/www.facebook.com\/distribucionmadecolombia\/","article_modified_time":"2020-12-10T14:49:54+00:00","twitter_card":"summary_large_image","twitter_misc":{"Tiempo de lectura":"5 minutos"},"schema":{"@context":"https:\/\/schema.org","@graph":[{"@type":"WebPage","@id":"https:\/\/madecolombia.com\/col\/politicas-de-envio-estados-unidos\/","url":"https:\/\/madecolombia.com\/col\/politicas-de-envio-estados-unidos\/","name":"Pol\u00edticas de env\u00edo Estados Unidos | MADECOLOMBIA","isPartOf":{"@id":"https:\/\/madecolombia.com\/col\/#website"},"datePublished":"2020-11-28T03:45:04+00:00","dateModified":"2020-12-10T14:49:54+00:00","description":"Pol\u00edticas de Env\u00edos Estados Unidos Los siguientes t\u00e9rminos aplican para todos los env\u00edos realizados dentro de Estados Unidos.&nbsp; -Los precios","breadcrumb":{"@id":"https:\/\/madecolombia.com\/col\/politicas-de-envio-estados-unidos\/#breadcrumb"},"inLanguage":"es-CO","potentialAction":[{"@type":"ReadAction","target":["https:\/\/madecolombia.com\/col\/politicas-de-envio-estados-unidos\/"]}]},{"@type":"BreadcrumbList","@id":"https:\/\/madecolombia.com\/col\/politicas-de-envio-estados-unidos\/#breadcrumb","itemListElement":[{"@type":"ListItem","position":1,"name":"Inicio","item":"https:\/\/madecolombia.com\/col\/"},{"@type":"ListItem","position":2,"name":"Pol\u00edticas de env\u00edo Estados Unidos"}]},{"@type":"WebSite","@id":"https:\/\/madecolombia.com\/col\/#website","url":"https:\/\/madecolombia.com\/col\/","name":"MADECOLOMBIA","description":"Maderoterapia corporal y facial, productos de madera 100% colombianos y garantizados entregados a domicilio.","publisher":{"@id":"https:\/\/madecolombia.com\/col\/#organization"},"potentialAction":[{"@type":"SearchAction","target":{"@type":"EntryPoint","urlTemplate":"https:\/\/madecolombia.com\/col\/?s={search_term_string}"},"query-input":{"@type":"PropertyValueSpecification","valueRequired":true,"valueName":"search_term_string"}}],"inLanguage":"es-CO"},{"@type":"Organization","@id":"https:\/\/madecolombia.com\/col\/#organization","name":"MADECOLOMBIA","url":"https:\/\/madecolombia.com\/col\/","logo":{"@type":"ImageObject","inLanguage":"es-CO","@id":"https:\/\/madecolombia.com\/col\/#\/schema\/logo\/image\/","url":"https:\/\/madecolombia.com\/col\/wp-content\/uploads\/2020\/10\/logo-madecolombia.png","contentUrl":"https:\/\/madecolombia.com\/col\/wp-content\/uploads\/2020\/10\/logo-madecolombia.png","width":2661,"height":516,"caption":"MADECOLOMBIA"},"image":{"@id":"https:\/\/madecolombia.com\/col\/#\/schema\/logo\/image\/"},"sameAs":["https:\/\/www.facebook.com\/distribucionmadecolombia\/"]}]}},"_links":{"self":[{"href":"https:\/\/madecolombia.com\/col\/wp-json\/wp\/v2\/pages\/463","targetHints":{"allow":["GET"]}}],"collection":[{"href":"https:\/\/madecolombia.com\/col\/wp-json\/wp\/v2\/pages"}],"about":[{"href":"https:\/\/madecolombia.com\/col\/wp-json\/wp\/v2\/types\/page"}],"author":[{"embeddable":true,"href":"https:\/\/madecolombia.com\/col\/wp-json\/wp\/v2\/users\/1"}],"replies":[{"embeddable":true,"href":"https:\/\/madecolombia.com\/col\/wp-json\/wp\/v2\/comments?post=463"}],"version-history":[{"count":9,"href":"https:\/\/madecolombia.com\/col\/wp-json\/wp\/v2\/pages\/463\/revisions"}],"predecessor-version":[{"id":947,"href":"https:\/\/madecolombia.com\/col\/wp-json\/wp\/v2\/pages\/463\/revisions\/947"}],"wp:attachment":[{"href":"https:\/\/madecolombia.com\/col\/wp-json\/wp\/v2\/media?parent=463"}],"curies":[{"name":"wp","href":"https:\/\/api.w.org\/{rel}","templated":true}]}}