{"id":466,"date":"2020-11-27T22:46:20","date_gmt":"2020-11-28T03:46:20","guid":{"rendered":"https:\/\/madecolombia.com\/col\/?page_id=466"},"modified":"2020-12-03T13:05:49","modified_gmt":"2020-12-03T18:05:49","slug":"politicas-de-envio-garantia","status":"publish","type":"page","link":"https:\/\/madecolombia.com\/col\/politicas-de-envio-garantia\/","title":{"rendered":"Pol\u00edticas de garant\u00eda"},"content":{"rendered":"\t\t<div data-elementor-type=\"wp-page\" data-elementor-id=\"466\" class=\"elementor elementor-466\" data-elementor-settings=\"{&quot;element_pack_global_tooltip_width&quot;:{&quot;unit&quot;:&quot;px&quot;,&quot;size&quot;:&quot;&quot;,&quot;sizes&quot;:[]},&quot;element_pack_global_tooltip_width_tablet&quot;:{&quot;unit&quot;:&quot;px&quot;,&quot;size&quot;:&quot;&quot;,&quot;sizes&quot;:[]},&quot;element_pack_global_tooltip_width_mobile&quot;:{&quot;unit&quot;:&quot;px&quot;,&quot;size&quot;:&quot;&quot;,&quot;sizes&quot;:[]},&quot;element_pack_global_tooltip_padding&quot;:{&quot;unit&quot;:&quot;px&quot;,&quot;top&quot;:&quot;&quot;,&quot;right&quot;:&quot;&quot;,&quot;bottom&quot;:&quot;&quot;,&quot;left&quot;:&quot;&quot;,&quot;isLinked&quot;:true},&quot;element_pack_global_tooltip_padding_tablet&quot;:{&quot;unit&quot;:&quot;px&quot;,&quot;top&quot;:&quot;&quot;,&quot;right&quot;:&quot;&quot;,&quot;bottom&quot;:&quot;&quot;,&quot;left&quot;:&quot;&quot;,&quot;isLinked&quot;:true},&quot;element_pack_global_tooltip_padding_mobile&quot;:{&quot;unit&quot;:&quot;px&quot;,&quot;top&quot;:&quot;&quot;,&quot;right&quot;:&quot;&quot;,&quot;bottom&quot;:&quot;&quot;,&quot;left&quot;:&quot;&quot;,&quot;isLinked&quot;:true},&quot;element_pack_global_tooltip_border_radius&quot;:{&quot;unit&quot;:&quot;px&quot;,&quot;top&quot;:&quot;&quot;,&quot;right&quot;:&quot;&quot;,&quot;bottom&quot;:&quot;&quot;,&quot;left&quot;:&quot;&quot;,&quot;isLinked&quot;:true},&quot;element_pack_global_tooltip_border_radius_tablet&quot;:{&quot;unit&quot;:&quot;px&quot;,&quot;top&quot;:&quot;&quot;,&quot;right&quot;:&quot;&quot;,&quot;bottom&quot;:&quot;&quot;,&quot;left&quot;:&quot;&quot;,&quot;isLinked&quot;:true},&quot;element_pack_global_tooltip_border_radius_mobile&quot;:{&quot;unit&quot;:&quot;px&quot;,&quot;top&quot;:&quot;&quot;,&quot;right&quot;:&quot;&quot;,&quot;bottom&quot;:&quot;&quot;,&quot;left&quot;:&quot;&quot;,&quot;isLinked&quot;:true}}\" data-elementor-post-type=\"page\">\n\t\t\t\t\t\t<section class=\"elementor-section elementor-top-section elementor-element elementor-element-4bc748b elementor-section-boxed elementor-section-height-default elementor-section-height-default\" data-id=\"4bc748b\" data-element_type=\"section\">\n\t\t\t\t\t\t<div class=\"elementor-container elementor-column-gap-default\">\n\t\t\t\t\t<div class=\"elementor-column elementor-col-100 elementor-top-column elementor-element elementor-element-ae82540\" data-id=\"ae82540\" data-element_type=\"column\">\n\t\t\t<div class=\"elementor-widget-wrap elementor-element-populated\">\n\t\t\t\t\t\t<div class=\"elementor-element elementor-element-8593de2 elementor-widget elementor-widget-heading\" data-id=\"8593de2\" data-element_type=\"widget\" data-widget_type=\"heading.default\">\n\t\t\t\t<div class=\"elementor-widget-container\">\n\t\t\t\t\t<h1 class=\"elementor-heading-title elementor-size-default\">Pol\u00edticas de Garantia<\/h1>\t\t\t\t<\/div>\n\t\t\t\t<\/div>\n\t\t\t\t<div class=\"elementor-element elementor-element-2598e30 elementor-widget elementor-widget-text-editor\" data-id=\"2598e30\" data-element_type=\"widget\" data-widget_type=\"text-editor.default\">\n\t\t\t\t<div class=\"elementor-widget-container\">\n\t\t\t\t\t\t\t\t\t<p>Madecolombia declara que la atenci\u00f3n favorable de un reclamo por garant\u00eda no implica el reconocimiento de ning\u00fan tipo de responsabilidad ni da derecho a exigir indemnizaciones, multas, sanciones o cualquier otro tipo de derecho.<\/p><p><strong><em>Debe tener en cuenta las siguientes condiciones\u00a0<\/em><\/strong><\/p><p>-Todas los piezas realizadas, materiales y dem\u00e1s elementos utilizados no presentan riesgo alguno para la salud o la seguridad de las personas, en condiciones normales de uso.<\/p><p>-Las maderas utilizadas en los productos, est\u00e1n garantizadas contra ataques biol\u00f3gicos de hongos e insectos.<\/p><p>-La aparici\u00f3n de fendas o grietas en la madera, as\u00ed como los cambios de color, se deben a su natural adaptaci\u00f3n a las variaciones de temperatura y humedad, siendo caracter\u00edsticas que marcan la diferencia con otros materiales artificiales como gres o aglomerados pl\u00e1sticos. Estas grietas y variaciones de color no merman las cualidades estructurales, funcionalidad, duraci\u00f3n e integridad. Quedan, por tanto, excluidas de esta garant\u00eda.<\/p><p>-Debido a los cambios considerables en las condiciones del ambiente, la madera puede llegar a contraerse o expandirse ligeramente, por ello es recomendable no colocarlos directamente en contacto con la luz directa del sol durante largo per\u00edodos ni demasiado cerca de unidades de aire acondicionado.<\/p><p>-La madera debe tener un correcto uso y mantenimiento, no se deben utilizar productos de limpieza inadecuados, puede visitar <a href=\"https:\/\/madecolombia.com\/col\/condiciones-de-uso-del-producto\/\"><u>Condiciones de Uso del Producto<\/u><\/a> para mas detalles.<\/p><p>&#8211; Da\u00f1os que hayan sido originados por causas de fuerza mayor (fuego, condiciones climatol\u00f3gicas anormales, humedad en paredes, suelos o techos, inundaciones, ventilaci\u00f3n inadecuada, etc.) Quedan, excluidos de esta garant\u00eda.<\/p><p>&#8211;\u00a0Da\u00f1os que hayan sido originados por negligencia, mal uso o incorrecta manipulaci\u00f3n por parte del cliente. Quedan, excluidos de esta garant\u00eda, puede visitar <a href=\"https:\/\/madecolombia.com\/col\/condiciones-de-uso-del-producto\/\"><u>Condiciones de Uso del Producto<\/u> <\/a>para mas detalles.<\/p><p><strong><em>Condiciones para la Solicitud de Garant\u00eda<\/em><\/strong><\/p><p>Para poder realizar la solicitud de Garant\u00eda, debe tener en cuenta la condiciones nombradas anteriormente y \u00a0cumplir a cabalidad con las siguientes par\u00e1metros:<\/p><p>-La pieza debe estar en perfectas condiciones higi\u00e9nicas.<\/p><p>-El da\u00f1o de la pieza debe ser netamente por defecto de fabricaci\u00f3n o ensamblaje.<\/p><p>-No aplica mal uso o manipulaci\u00f3n incorrecta por parte del cliente, puede visitar <a href=\"https:\/\/madecolombia.com\/col\/condiciones-de-uso-del-producto\/\"><u>Condiciones de Uso del Producto<\/u> <\/a>para mas detalles.<\/p><p><strong><em>Para realizar la Solicitud de Garant\u00eda<\/em><\/strong><\/p><p>&#8211; En nuestro Sitio Web WW.MADECOLOMBIA.COM en el formulario de <a href=\"https:\/\/madecolombia.com\/col\/contacto\/\">\u2018Cont\u00e1ctenos\u2019<\/a><\/p><p>&#8211; A trav\u00e9s de nuestro correo electr\u00f3nico <a href=\"mailto:info@madecolombia.com\">info@madecolombia.com<\/a> (Asunto: Solicitud de Garant\u00eda)<\/p><p>&#8211; A trav\u00e9s de WhatsApp a la l\u00ednea (315)253-9594 Colombia o 1(818)626-1011 resto del mundo (en horario de lunes a viernes de 8:00 am a 5:00 pm)<\/p><p>Para hacer efectiva la garant\u00eda, debe tener el producto cumpliendo con todos los par\u00e1metros nombrados en <strong><em>Condiciones para la Solicitud de Garant\u00eda<\/em><\/strong>; debe suministrar, la fecha de la compra, el nombre del comprador y el medio de pago que utilizo al momento de la compra.<\/p><p><strong><em>Vigencia de Garant\u00eda<\/em><\/strong><\/p><p>-No se aplican reembolsos ni garant\u00edas despu\u00e9s de que se envi\u00e9 el producto, usted tiene la responsabilidad de leer y entender las <a href=\"https:\/\/madecolombia.com\/col\/politicas-de-envio-garantia\/\"><u>Pol\u00edticas de garant\u00eda<\/u>,<\/a> <a href=\"https:\/\/madecolombia.com\/col\/condiciones-de-uso-del-producto\/\"><u>Condiciones de Uso del Producto<\/u><\/a> y <a href=\"https:\/\/madecolombia.com\/col\/devoluciones-y-reembolsos\/\"><u>Devoluciones y Reembolsos<\/u><\/a> antes de comprar cualquier pieza. Le pedimos que lea cuidadosamente.<\/p><p>-Hacemos solamente excepciones cuando la descripci\u00f3n no se ajusta al producto que usted compro o en los casos mencionados anteriormente en <strong><em>Condiciones para la Solicitud de Garant\u00eda<\/em><\/strong>, Solo bajo estas condiciones se puede aplicar la solicitud de garant\u00eda o la posibilidad de reembolso, en caso de aplicar solo se har\u00e1n efectivos estos t\u00e9rminos si la pieza esta en perfectas condiciones higi\u00e9nicas y f\u00edsicas.<\/p><p>-La fecha de compra indicar\u00e1 el inicio del per\u00edodo de garant\u00eda y puede realizar su solicitud dentro de los primeros quince (15) d\u00edas calendario despu\u00e9s de realizada la compra.<\/p>\t\t\t\t\t\t\t\t<\/div>\n\t\t\t\t<\/div>\n\t\t\t\t\t<\/div>\n\t\t<\/div>\n\t\t\t\t\t<\/div>\n\t\t<\/section>\n\t\t\t\t<\/div>\n\t\t","protected":false},"excerpt":{"rendered":"<p>Pol\u00edticas de Garantia Madecolombia declara que la atenci\u00f3n favorable de un reclamo por garant\u00eda no implica el reconocimiento de ning\u00fan tipo de responsabilidad ni da derecho a exigir indemnizaciones, multas, sanciones o cualquier otro tipo de derecho. Debe tener en cuenta las siguientes condiciones\u00a0 -Todas los piezas realizadas, materiales y dem\u00e1s elementos utilizados no presentan &#8230; <a title=\"Pol\u00edticas de garant\u00eda\" class=\"read-more\" href=\"https:\/\/madecolombia.com\/col\/politicas-de-envio-garantia\/\" aria-label=\"Read more about Pol\u00edticas de garant\u00eda\">Leer m\u00e1s<\/a><\/p>\n","protected":false},"author":1,"featured_media":0,"parent":0,"menu_order":0,"comment_status":"closed","ping_status":"closed","template":"elementor_header_footer","meta":{"inline_featured_image":false,"footnotes":""},"class_list":["post-466","page","type-page","status-publish"],"yoast_head":"<!-- This site is optimized with the Yoast SEO plugin v26.0 - https:\/\/yoast.com\/wordpress\/plugins\/seo\/ -->\n<title>Pol\u00edticas de garant\u00eda | MADECOLOMBIA<\/title>\n<meta name=\"description\" content=\"Pol\u00edticas de Garantia Madecolombia declara que la atenci\u00f3n favorable de un reclamo por garant\u00eda no implica el reconocimiento de ning\u00fan tipo de\" \/>\n<meta name=\"robots\" content=\"index, follow, max-snippet:-1, max-image-preview:large, max-video-preview:-1\" \/>\n<link rel=\"canonical\" href=\"https:\/\/madecolombia.com\/col\/politicas-de-envio-garantia\/\" \/>\n<meta property=\"og:locale\" content=\"es_ES\" \/>\n<meta property=\"og:type\" content=\"article\" \/>\n<meta property=\"og:title\" content=\"Pol\u00edticas de garant\u00eda | MADECOLOMBIA\" \/>\n<meta property=\"og:description\" content=\"Pol\u00edticas de Garantia Madecolombia declara que la atenci\u00f3n favorable de un reclamo por garant\u00eda no implica el reconocimiento de ning\u00fan tipo de\" \/>\n<meta property=\"og:url\" content=\"https:\/\/madecolombia.com\/col\/politicas-de-envio-garantia\/\" \/>\n<meta property=\"og:site_name\" content=\"MADECOLOMBIA\" \/>\n<meta property=\"article:publisher\" content=\"https:\/\/www.facebook.com\/distribucionmadecolombia\/\" \/>\n<meta property=\"article:modified_time\" content=\"2020-12-03T18:05:49+00:00\" \/>\n<meta name=\"twitter:card\" content=\"summary_large_image\" \/>\n<meta name=\"twitter:label1\" content=\"Tiempo de lectura\" \/>\n\t<meta name=\"twitter:data1\" content=\"3 minutos\" \/>\n<script type=\"application\/ld+json\" class=\"yoast-schema-graph\">{\"@context\":\"https:\/\/schema.org\",\"@graph\":[{\"@type\":\"WebPage\",\"@id\":\"https:\/\/madecolombia.com\/col\/politicas-de-envio-garantia\/\",\"url\":\"https:\/\/madecolombia.com\/col\/politicas-de-envio-garantia\/\",\"name\":\"Pol\u00edticas de garant\u00eda | MADECOLOMBIA\",\"isPartOf\":{\"@id\":\"https:\/\/madecolombia.com\/col\/#website\"},\"datePublished\":\"2020-11-28T03:46:20+00:00\",\"dateModified\":\"2020-12-03T18:05:49+00:00\",\"description\":\"Pol\u00edticas de Garantia Madecolombia declara que la atenci\u00f3n favorable de un reclamo por garant\u00eda no implica el reconocimiento de ning\u00fan tipo de\",\"breadcrumb\":{\"@id\":\"https:\/\/madecolombia.com\/col\/politicas-de-envio-garantia\/#breadcrumb\"},\"inLanguage\":\"es-CO\",\"potentialAction\":[{\"@type\":\"ReadAction\",\"target\":[\"https:\/\/madecolombia.com\/col\/politicas-de-envio-garantia\/\"]}]},{\"@type\":\"BreadcrumbList\",\"@id\":\"https:\/\/madecolombia.com\/col\/politicas-de-envio-garantia\/#breadcrumb\",\"itemListElement\":[{\"@type\":\"ListItem\",\"position\":1,\"name\":\"Inicio\",\"item\":\"https:\/\/madecolombia.com\/col\/\"},{\"@type\":\"ListItem\",\"position\":2,\"name\":\"Pol\u00edticas de garant\u00eda\"}]},{\"@type\":\"WebSite\",\"@id\":\"https:\/\/madecolombia.com\/col\/#website\",\"url\":\"https:\/\/madecolombia.com\/col\/\",\"name\":\"MADECOLOMBIA\",\"description\":\"Maderoterapia corporal y facial, productos de madera 100% colombianos y garantizados entregados a domicilio.\",\"publisher\":{\"@id\":\"https:\/\/madecolombia.com\/col\/#organization\"},\"potentialAction\":[{\"@type\":\"SearchAction\",\"target\":{\"@type\":\"EntryPoint\",\"urlTemplate\":\"https:\/\/madecolombia.com\/col\/?s={search_term_string}\"},\"query-input\":{\"@type\":\"PropertyValueSpecification\",\"valueRequired\":true,\"valueName\":\"search_term_string\"}}],\"inLanguage\":\"es-CO\"},{\"@type\":\"Organization\",\"@id\":\"https:\/\/madecolombia.com\/col\/#organization\",\"name\":\"MADECOLOMBIA\",\"url\":\"https:\/\/madecolombia.com\/col\/\",\"logo\":{\"@type\":\"ImageObject\",\"inLanguage\":\"es-CO\",\"@id\":\"https:\/\/madecolombia.com\/col\/#\/schema\/logo\/image\/\",\"url\":\"https:\/\/madecolombia.com\/col\/wp-content\/uploads\/2020\/10\/logo-madecolombia.png\",\"contentUrl\":\"https:\/\/madecolombia.com\/col\/wp-content\/uploads\/2020\/10\/logo-madecolombia.png\",\"width\":2661,\"height\":516,\"caption\":\"MADECOLOMBIA\"},\"image\":{\"@id\":\"https:\/\/madecolombia.com\/col\/#\/schema\/logo\/image\/\"},\"sameAs\":[\"https:\/\/www.facebook.com\/distribucionmadecolombia\/\"]}]}<\/script>\n<!-- \/ Yoast SEO plugin. -->","yoast_head_json":{"title":"Pol\u00edticas de garant\u00eda | MADECOLOMBIA","description":"Pol\u00edticas de Garantia Madecolombia declara que la atenci\u00f3n favorable de un reclamo por garant\u00eda no implica el reconocimiento de ning\u00fan tipo de","robots":{"index":"index","follow":"follow","max-snippet":"max-snippet:-1","max-image-preview":"max-image-preview:large","max-video-preview":"max-video-preview:-1"},"canonical":"https:\/\/madecolombia.com\/col\/politicas-de-envio-garantia\/","og_locale":"es_ES","og_type":"article","og_title":"Pol\u00edticas de garant\u00eda | MADECOLOMBIA","og_description":"Pol\u00edticas de Garantia Madecolombia declara que la atenci\u00f3n favorable de un reclamo por garant\u00eda no implica el reconocimiento de ning\u00fan tipo de","og_url":"https:\/\/madecolombia.com\/col\/politicas-de-envio-garantia\/","og_site_name":"MADECOLOMBIA","article_publisher":"https:\/\/www.facebook.com\/distribucionmadecolombia\/","article_modified_time":"2020-12-03T18:05:49+00:00","twitter_card":"summary_large_image","twitter_misc":{"Tiempo de lectura":"3 minutos"},"schema":{"@context":"https:\/\/schema.org","@graph":[{"@type":"WebPage","@id":"https:\/\/madecolombia.com\/col\/politicas-de-envio-garantia\/","url":"https:\/\/madecolombia.com\/col\/politicas-de-envio-garantia\/","name":"Pol\u00edticas de garant\u00eda | MADECOLOMBIA","isPartOf":{"@id":"https:\/\/madecolombia.com\/col\/#website"},"datePublished":"2020-11-28T03:46:20+00:00","dateModified":"2020-12-03T18:05:49+00:00","description":"Pol\u00edticas de Garantia Madecolombia declara que la atenci\u00f3n favorable de un reclamo por garant\u00eda no implica el reconocimiento de ning\u00fan tipo de","breadcrumb":{"@id":"https:\/\/madecolombia.com\/col\/politicas-de-envio-garantia\/#breadcrumb"},"inLanguage":"es-CO","potentialAction":[{"@type":"ReadAction","target":["https:\/\/madecolombia.com\/col\/politicas-de-envio-garantia\/"]}]},{"@type":"BreadcrumbList","@id":"https:\/\/madecolombia.com\/col\/politicas-de-envio-garantia\/#breadcrumb","itemListElement":[{"@type":"ListItem","position":1,"name":"Inicio","item":"https:\/\/madecolombia.com\/col\/"},{"@type":"ListItem","position":2,"name":"Pol\u00edticas de garant\u00eda"}]},{"@type":"WebSite","@id":"https:\/\/madecolombia.com\/col\/#website","url":"https:\/\/madecolombia.com\/col\/","name":"MADECOLOMBIA","description":"Maderoterapia corporal y facial, productos de madera 100% colombianos y garantizados entregados a domicilio.","publisher":{"@id":"https:\/\/madecolombia.com\/col\/#organization"},"potentialAction":[{"@type":"SearchAction","target":{"@type":"EntryPoint","urlTemplate":"https:\/\/madecolombia.com\/col\/?s={search_term_string}"},"query-input":{"@type":"PropertyValueSpecification","valueRequired":true,"valueName":"search_term_string"}}],"inLanguage":"es-CO"},{"@type":"Organization","@id":"https:\/\/madecolombia.com\/col\/#organization","name":"MADECOLOMBIA","url":"https:\/\/madecolombia.com\/col\/","logo":{"@type":"ImageObject","inLanguage":"es-CO","@id":"https:\/\/madecolombia.com\/col\/#\/schema\/logo\/image\/","url":"https:\/\/madecolombia.com\/col\/wp-content\/uploads\/2020\/10\/logo-madecolombia.png","contentUrl":"https:\/\/madecolombia.com\/col\/wp-content\/uploads\/2020\/10\/logo-madecolombia.png","width":2661,"height":516,"caption":"MADECOLOMBIA"},"image":{"@id":"https:\/\/madecolombia.com\/col\/#\/schema\/logo\/image\/"},"sameAs":["https:\/\/www.facebook.com\/distribucionmadecolombia\/"]}]}},"_links":{"self":[{"href":"https:\/\/madecolombia.com\/col\/wp-json\/wp\/v2\/pages\/466","targetHints":{"allow":["GET"]}}],"collection":[{"href":"https:\/\/madecolombia.com\/col\/wp-json\/wp\/v2\/pages"}],"about":[{"href":"https:\/\/madecolombia.com\/col\/wp-json\/wp\/v2\/types\/page"}],"author":[{"embeddable":true,"href":"https:\/\/madecolombia.com\/col\/wp-json\/wp\/v2\/users\/1"}],"replies":[{"embeddable":true,"href":"https:\/\/madecolombia.com\/col\/wp-json\/wp\/v2\/comments?post=466"}],"version-history":[{"count":7,"href":"https:\/\/madecolombia.com\/col\/wp-json\/wp\/v2\/pages\/466\/revisions"}],"predecessor-version":[{"id":840,"href":"https:\/\/madecolombia.com\/col\/wp-json\/wp\/v2\/pages\/466\/revisions\/840"}],"wp:attachment":[{"href":"https:\/\/madecolombia.com\/col\/wp-json\/wp\/v2\/media?parent=466"}],"curies":[{"name":"wp","href":"https:\/\/api.w.org\/{rel}","templated":true}]}}