{"id":469,"date":"2020-11-27T22:47:35","date_gmt":"2020-11-28T03:47:35","guid":{"rendered":"https:\/\/madecolombia.com\/col\/?page_id=469"},"modified":"2020-12-03T13:00:59","modified_gmt":"2020-12-03T18:00:59","slug":"terminos-y-condiciones-de-uso","status":"publish","type":"page","link":"https:\/\/madecolombia.com\/col\/terminos-y-condiciones-de-uso\/","title":{"rendered":"T\u00e9rminos y condiciones de uso"},"content":{"rendered":"\t\t<div data-elementor-type=\"wp-page\" data-elementor-id=\"469\" class=\"elementor elementor-469\" data-elementor-settings=\"{&quot;element_pack_global_tooltip_width&quot;:{&quot;unit&quot;:&quot;px&quot;,&quot;size&quot;:&quot;&quot;,&quot;sizes&quot;:[]},&quot;element_pack_global_tooltip_width_tablet&quot;:{&quot;unit&quot;:&quot;px&quot;,&quot;size&quot;:&quot;&quot;,&quot;sizes&quot;:[]},&quot;element_pack_global_tooltip_width_mobile&quot;:{&quot;unit&quot;:&quot;px&quot;,&quot;size&quot;:&quot;&quot;,&quot;sizes&quot;:[]},&quot;element_pack_global_tooltip_padding&quot;:{&quot;unit&quot;:&quot;px&quot;,&quot;top&quot;:&quot;&quot;,&quot;right&quot;:&quot;&quot;,&quot;bottom&quot;:&quot;&quot;,&quot;left&quot;:&quot;&quot;,&quot;isLinked&quot;:true},&quot;element_pack_global_tooltip_padding_tablet&quot;:{&quot;unit&quot;:&quot;px&quot;,&quot;top&quot;:&quot;&quot;,&quot;right&quot;:&quot;&quot;,&quot;bottom&quot;:&quot;&quot;,&quot;left&quot;:&quot;&quot;,&quot;isLinked&quot;:true},&quot;element_pack_global_tooltip_padding_mobile&quot;:{&quot;unit&quot;:&quot;px&quot;,&quot;top&quot;:&quot;&quot;,&quot;right&quot;:&quot;&quot;,&quot;bottom&quot;:&quot;&quot;,&quot;left&quot;:&quot;&quot;,&quot;isLinked&quot;:true},&quot;element_pack_global_tooltip_border_radius&quot;:{&quot;unit&quot;:&quot;px&quot;,&quot;top&quot;:&quot;&quot;,&quot;right&quot;:&quot;&quot;,&quot;bottom&quot;:&quot;&quot;,&quot;left&quot;:&quot;&quot;,&quot;isLinked&quot;:true},&quot;element_pack_global_tooltip_border_radius_tablet&quot;:{&quot;unit&quot;:&quot;px&quot;,&quot;top&quot;:&quot;&quot;,&quot;right&quot;:&quot;&quot;,&quot;bottom&quot;:&quot;&quot;,&quot;left&quot;:&quot;&quot;,&quot;isLinked&quot;:true},&quot;element_pack_global_tooltip_border_radius_mobile&quot;:{&quot;unit&quot;:&quot;px&quot;,&quot;top&quot;:&quot;&quot;,&quot;right&quot;:&quot;&quot;,&quot;bottom&quot;:&quot;&quot;,&quot;left&quot;:&quot;&quot;,&quot;isLinked&quot;:true}}\" data-elementor-post-type=\"page\">\n\t\t\t\t\t\t<section class=\"elementor-section elementor-top-section elementor-element elementor-element-4bc748b elementor-section-boxed elementor-section-height-default elementor-section-height-default\" data-id=\"4bc748b\" data-element_type=\"section\">\n\t\t\t\t\t\t<div class=\"elementor-container elementor-column-gap-default\">\n\t\t\t\t\t<div class=\"elementor-column elementor-col-100 elementor-top-column elementor-element elementor-element-ae82540\" data-id=\"ae82540\" data-element_type=\"column\">\n\t\t\t<div class=\"elementor-widget-wrap elementor-element-populated\">\n\t\t\t\t\t\t<div class=\"elementor-element elementor-element-8593de2 elementor-widget elementor-widget-heading\" data-id=\"8593de2\" data-element_type=\"widget\" data-widget_type=\"heading.default\">\n\t\t\t\t<div class=\"elementor-widget-container\">\n\t\t\t\t\t<h1 class=\"elementor-heading-title elementor-size-default\">T\u00e9rminos y Condiciones de Uso<\/h1>\t\t\t\t<\/div>\n\t\t\t\t<\/div>\n\t\t\t\t<div class=\"elementor-element elementor-element-2598e30 elementor-widget elementor-widget-text-editor\" data-id=\"2598e30\" data-element_type=\"widget\" data-widget_type=\"text-editor.default\">\n\t\t\t\t<div class=\"elementor-widget-container\">\n\t\t\t\t\t\t\t\t\t<p>Los siguientes T\u00e9rminos y Condiciones de Uso (los &#8220;T\u00e9rminos y Condiciones&#8221;) rigen el uso que usted le d\u00e9 a este sitio web y a cualquiera de los contenidos disponibles por o a trav\u00e9s de este sitio web, incluyendo cualquier contenido derivado del mismo (el &#8220;Sitio Web&#8221;). WWW.MADECOLOMBIA.COM (&#8220;Madecolombia.&#8221; o &#8220;nosotros&#8221;) ha puesto a su disposici\u00f3n el Sitio Web. Podemos cambiar los T\u00e9rminos y Condiciones de vez en cuando, en cualquier momento sin ninguna notificaci\u00f3n, s\u00f3lo publicando los cambios en el Sitio Web. AL USAR EL SITIO WEB, USTED ACEPTA Y EST\u00c9 DE ACUERDO CON ESTOS T\u00c9RMINOS Y CONDICIONES EN LO QUE SE REFIERE A SU USO DEL SITIO WEB. Si usted no est\u00e1 de acuerdo con estos T\u00e9rminos y Condiciones, no puede tener acceso al mismo ni usar el Sitio Web de ninguna otra manera.<\/p><p>Es requisito necesario para la adquisici\u00f3n de los productos que se ofrecen en este Sitio Web, que lea y acepte los T\u00e9rminos y Condiciones de uso que a continuaci\u00f3n se redactan. El uso de nuestros servicios as\u00ed como la compra de nuestros productos implicar\u00e1 que usted ha le\u00eddo y aceptado los T\u00e9rminos y Condiciones de Uso en el presente documento.<\/p><p>Todos los productos \u00a0que son ofrecidos por nuestro Sitio Web pudieran ser creadas, cobradas, enviadas o presentadas por una p\u00e1gina web tercera y en tal caso estar\u00edan sujetas a sus propios T\u00e9rminos y Condiciones de Uso.<\/p><p>En algunos casos, para adquirir un producto, ser\u00e1 necesario el registro por parte del usuario, con ingreso de datos personales fidedignos y definici\u00f3n de una contrase\u00f1a.<\/p><p>El usuario puede elegir y cambiar la clave para su acceso de administraci\u00f3n de la cuenta en cualquier momento, en caso de que se haya registrado y que sea necesario para la compra de alguno de nuestros productos.\u00a0\u00a0Madecolombia no asume la responsabilidad en caso de que entregue dicha clave a terceros.<\/p><p>Todas las compras y transacciones que se lleven a cabo por medio de este Sitio Web, est\u00e1n sujetas a un proceso de confirmaci\u00f3n y verificaci\u00f3n, el cual podr\u00eda incluir la verificaci\u00f3n del stock y disponibilidad de producto, validaci\u00f3n de la forma de pago, validaci\u00f3n de la factura (en caso de existir) y el cumplimiento de las condiciones requeridas por el medio de pago seleccionado.<\/p><p>En algunos casos puede que se requiera una verificaci\u00f3n por medio de correo electr\u00f3nico.<\/p><p>Los precios de los productos ofrecidos en este Sitio Web son v\u00e1lidos solamente en las compras realizadas en este Sitio Web.<\/p><p><em><b>I. Derechos de Propiedad<br \/><\/b><\/em>Entre usted y Madecolombia, Madecolombia es due\u00f1o \u00fanico y exclusivo, de todos los derechos, t\u00edtulo e intereses en y del Sitio Web, de todo el contenido (incluyendo, por ejemplo, audio, fotograf\u00edas, ilustraciones, gr\u00e1ficos, otros medios visuales, videos, copias, textos, software, etc.), c\u00f3digos, datos y materiales del mismo, el aspecto y el ambiente, el dise\u00f1o y la organizaci\u00f3n del Sitio Web y la compilaci\u00f3n de los contenidos, c\u00f3digos, datos y los materiales en el Sitio Web, incluyendo pero no limitado a, cualesquiera derechos de autor, derechos de marca, derechos de patente, derechos de base de datos, derechos morales \u00a0y otras propiedades intelectuales y derechos patrimoniales del mismo. Su uso del Sitio Web no le otorga propiedad de ninguno de los contenidos, c\u00f3digos, datos o materiales a los que pueda acceder en o a trav\u00e9s del Sitio Web.<br \/><em><b><br \/>II. Licencia<br \/><\/b><\/em>Usted puede acceder y ver el contenido del Sitio Web desde su computadora o desde cualquier otro aparato y, a menos de que se indique de otra manera en estos T\u00e9rminos y Condiciones o en el Sitio Web. El uso del Sitio Web y de los servicios que se ofrecen en o a trav\u00e9s del Sitio Web, son s\u00f3lo para su uso personal, no comercial.<\/p><p><strong>III.<em> Uso no autorizado<\/em><\/strong><\/p><p>Cualquier distribuci\u00f3n, publicaci\u00f3n o explotaci\u00f3n comercial o promocional del Sitio Web, o de cualquiera de los contenidos, c\u00f3digos, datos o materiales en el Sitio Web, est\u00e1 estrictamente prohibida, a menos de que usted haya recibido el previo permiso expreso por escrito del personal autorizado de Madecolombia o de alg\u00fan otro poseedor de derechos aplicable. A no ser como est\u00e1 expresamente permitido en el presente contrato, usted no puede descargar, informar, exponer, publicar, copiar, reproducir, distribuir, transmitir, modificar, ejecutar, difundir, transferir, crear trabajos derivados de, vender o de cualquier otra manera explotar cualquiera de los contenidos, c\u00f3digos, datos o materiales en o disponibles a trav\u00e9s del Sitio Web. Usted se obliga adem\u00e1s a no alterar, editar, borrar, quitar, o de otra manera cambiar el significado o la apariencia de, o cambiar el prop\u00f3sito de, cualquiera de los contenidos, c\u00f3digos, datos o materiales en o disponibles a trav\u00e9s del Sitio Web, incluyendo, sin limitaci\u00f3n, la alteraci\u00f3n o retiro de cualquier marca comercial, marca registrada, logo, marca de servicios o cualquier otro contenido de propiedad o notificaci\u00f3n de derechos de propiedad. Usted reconoce que no adquiere ning\u00fan derecho de propiedad al descargar alg\u00fan material con derechos de autor de o a trav\u00e9s del Sitio Web. Si usted hace otro uso del Sitio Web, o de los contenidos, c\u00f3digos, datos o materiales que ah\u00ed se encuentren o que est\u00e9n disponibles a trav\u00e9s del Sitio Web, a no ser como se ha estipulado anteriormente, usted puede violar las leyes de derechos de autor y otras leyes de Colombia, Estados Unidos y de otros pa\u00edses, as\u00ed como las leyes estatales aplicables, y puede ser sujeto a responsabilidad legal por dicho uso no autorizado.<\/p><p><b>IV<\/b><em><b>. Propiedad<br \/><\/b><\/em>Usted no puede declarar propiedad intelectual o exclusiva a ninguno de nuestros productos, modificado o sin modificar. Todos los productos son propiedad \u00a0de los proveedores del contenido.<\/p><p>En caso de que no se especifique lo contrario, nuestros productos se proporcionan\u00a0 sin ning\u00fan tipo de garant\u00eda, expresa o impl\u00edcita. En ning\u00fan caso esta compa\u00f1\u00eda ser\u00e1 \u00a0responsable de ning\u00fan da\u00f1o incluyendo, pero no limitado a, da\u00f1os directos, indirectos, especiales, fortuitos o consecuentes u otras p\u00e9rdidas resultantes del uso o de la imposibilidad de utilizar nuestros productos.<\/p><p><b>V<\/b><em><b>. Informaci\u00f3n del Usuario<br \/><\/b><\/em>En el curso del uso que usted haga del Sitio Web y\/o de los servicios puestos a su disposici\u00f3n en o a trav\u00e9s del Sitio Web, se le puede pedir que nos proporcione cierta informaci\u00f3n personalizada (dicha informaci\u00f3n en lo sucesivo &#8220;Informaci\u00f3n del Usuario&#8221;). Las pol\u00edticas de uso y recopilaci\u00f3n de informaci\u00f3n de Madecolombia. con respecto a la privacidad de dicha Informaci\u00f3n del Usuario se establecen en la\u00a0<a href=\"https:\/\/madecolombia.com\/col\/en\/privacy-policy\/\"><u>Pol\u00edtica de privacidad<\/u> <\/a>del Sitio Web, la cual est\u00e1 incorporada al mismo como referencia para todos los prop\u00f3sitos. Usted reconoce y acepta ser el \u00fanico responsable de la exactitud del contenido de la Informaci\u00f3n del Usuario.<\/p><p><em><b>VI. Ordenes de Productos<br \/><\/b><\/em>Los productos a la disposici\u00f3n de visitantes y registrados del Sitio Web, pueden ser ordenados, mediante el Sitio Web y por el presente documento usted representa y garantiza que tiene 18 a\u00f1os de edad o m\u00e1s. Se obliga a pagar la totalidad de los precios de cualquier compra que haga, ya sea con tarjeta de cr\u00e9dito\/d\u00e9bito concurrente con su orden en l\u00ednea o por otro medio de pago aceptable para Madecolombia. Usted se obliga a pagar todos los impuestos aplicables. Si el pago no es recibido por nosotros de parte del emisor de su tarjeta de cr\u00e9dito o d\u00e9bito o de sus agentes, usted se obliga a pagar todas las cantidades debidas al momento de la reclamaci\u00f3n por nuestra parte. Algunos productos que usted compra a trav\u00e9s del Sitio Web pueden estar sujetos a t\u00e9rminos y condiciones adicionales que le ser\u00e1n presentados al momento de dicha compra.<\/p><p><strong>VII.<\/strong> <strong><em>Comprobaci\u00f3n Antifraude<br \/><\/em><\/strong>La compra del cliente puede ser aplazada para la comprobaci\u00f3n antifraude. Tambi\u00e9n puede ser suspendida por m\u00e1s tiempo para una investigaci\u00f3n m\u00e1s rigurosa, para evitar transacciones fraudulentas.<\/p><p><strong><em>VIII. Privacidad<br \/><\/em><\/strong>Este\u00a0Sitio Web\u00a0\u00a0garantiza que la informaci\u00f3n personal que usted env\u00eda cuenta con la seguridad necesaria. Los datos ingresados por usuario o en el caso de requerir una validaci\u00f3n de los pedidos no ser\u00e1n entregados a terceros, salvo que deba ser revelada en cumplimiento a una orden judicial o requerimientos legales.<br \/>La suscripci\u00f3n a boletines de correos electr\u00f3nicos publicitarios es voluntaria y podr\u00eda ser seleccionada al momento de crear su cuenta.<br \/>Reserva los derechos de cambiar o de modificar estos T\u00e9rminos y Condiciones de Uso sin previo aviso.<\/p><p><b>IX<\/b><em><b>. Pol\u00edticas de Garant\u00eda, Devoluciones y Reembolsos.<br \/><\/b><\/em>No realizamos Devoluciones, Reembolsos ni Garant\u00edas despu\u00e9s de que se env\u00ede el producto, usted tiene la responsabilidad de leer y entender las <a href=\"https:\/\/madecolombia.com\/col\/politicas-de-envio-garantia\/\"><u>Pol\u00edticas de garant\u00eda<\/u>,<\/a> <a href=\"https:\/\/madecolombia.com\/col\/condiciones-de-uso-del-producto\/\"><u>Condiciones de Uso del Producto<\/u><\/a> y <a href=\"https:\/\/madecolombia.com\/col\/devoluciones-y-reembolsos\/\"><u>Devoluciones y Reembolsos<\/u><\/a> antes de comprar cualquier pieza. Le pedimos que lea cuidadosamente. Hacemos solamente excepciones cuando la descripci\u00f3n no se ajusta al producto que usted compro o en los casos mencionados <u>Pol\u00edticas de garant\u00eda\/ Condiciones para la Solicitud de Garant\u00eda<\/u>, Solo bajo estas condiciones se puede aplicar la solicitud de garant\u00eda o la posibilidad de reembolso, en caso de aplicar solo se har\u00e1n efectivos estos t\u00e9rminos si la pieza esta en perfectas condiciones higi\u00e9nicas y f\u00edsicas. La garant\u00eda no cubre aver\u00edas o da\u00f1os ocasionados por uso indebido. Los t\u00e9rminos de la garant\u00eda est\u00e1n asociados a fallas de fabricaci\u00f3n y ensamblaje\u00a0 y s\u00f3lo se har\u00e1n efectivos estos t\u00e9rminos si la pieza ha sido usada correctamente. Esto incluye:<\/p><p>-De acuerdo las condiciones de uso del producto.<br \/>-En condiciones ambi\u00e9ntales acorde a las especificaciones indicadas por Madecolombia.<br \/>-En condiciones de operaci\u00f3n acorde a las especificaciones indicadas.<\/p><p><em><b>X. Leyes Aplicables<br \/><\/b><\/em>Nosotros controlamos y operamos el Sitio Web desde Colombia. No representamos a los materiales en el Sitio Web como apropiados o disponibles para su uso en otros lugares. Las personas que escojan acceder al sitio Web desde otros lugares lo har\u00e1n por su propia iniciativa y son responsables del cumplimiento de las leyes locales, si y al grado en que las leyes locales sean aplicables. Todas las partes sujetas a estos t\u00e9rminos y condiciones renuncian a sus derechos respectivos a un juicio con jurado.<\/p><p><em><b>XI. T\u00e9rmino<br \/><\/b><\/em>Madecolombia puede terminar, cambiar, suspender o descontinuar cualquier aspecto del Sitio Web o de los servicios del Sitio Web en cualquier momento. Madecolombia puede restringir, suspender o terminar su acceso al Sitio Web y\/o a sus servicios y productos si creemos que usted est\u00e1 en incumplimiento nuestros t\u00e9rminos y condiciones \u00a0o de la ley aplicable, o por cualquier otra raz\u00f3n sin notificaci\u00f3n o responsabilidad. Madecolombia mantiene una pol\u00edtica que estipula la terminaci\u00f3n, en circunstancias apropiadas, de los privilegios de uso del Sitio Web para usuarios que son violadores repetitivos de los derechos de propiedad intelectual.<\/p><p><b>XII.<\/b><em><b> Cambios de T\u00e9rminos de Uso<br \/><\/b><\/em>Madecolombia se reserva el derecho, a su sola discreci\u00f3n, de cambiar, modificar, a\u00f1adir o quitar cualquier porci\u00f3n de los T\u00e9rminos y Condiciones, toda o en parte, en cualquier momento. Los cambios en los T\u00e9rminos y Condiciones ser\u00e1n efectivos cuando se publiquen. La continuaci\u00f3n del uso del Sitio Web y\/o de los servicios y productos puestos a disposici\u00f3n en o a trav\u00e9s del Sitio Web despu\u00e9s de haber sido publicado cualquier cambio, ser\u00e1 considerado como aceptaci\u00f3n de esos cambios.<\/p>\t\t\t\t\t\t\t\t<\/div>\n\t\t\t\t<\/div>\n\t\t\t\t\t<\/div>\n\t\t<\/div>\n\t\t\t\t\t<\/div>\n\t\t<\/section>\n\t\t\t\t<\/div>\n\t\t","protected":false},"excerpt":{"rendered":"<p>T\u00e9rminos y Condiciones de Uso Los siguientes T\u00e9rminos y Condiciones de Uso (los &#8220;T\u00e9rminos y Condiciones&#8221;) rigen el uso que usted le d\u00e9 a este sitio web y a cualquiera de los contenidos disponibles por o a trav\u00e9s de este sitio web, incluyendo cualquier contenido derivado del mismo (el &#8220;Sitio Web&#8221;). WWW.MADECOLOMBIA.COM (&#8220;Madecolombia.&#8221; o &#8220;nosotros&#8221;) &#8230; <a title=\"T\u00e9rminos y condiciones de uso\" class=\"read-more\" href=\"https:\/\/madecolombia.com\/col\/terminos-y-condiciones-de-uso\/\" aria-label=\"Read more about T\u00e9rminos y condiciones de uso\">Leer m\u00e1s<\/a><\/p>\n","protected":false},"author":1,"featured_media":0,"parent":0,"menu_order":0,"comment_status":"closed","ping_status":"closed","template":"elementor_header_footer","meta":{"inline_featured_image":false,"footnotes":""},"class_list":["post-469","page","type-page","status-publish"],"yoast_head":"<!-- This site is optimized with the Yoast SEO plugin v26.0 - https:\/\/yoast.com\/wordpress\/plugins\/seo\/ -->\n<title>T\u00e9rminos y condiciones de uso | MADECOLOMBIA<\/title>\n<meta name=\"description\" content=\"T\u00e9rminos y Condiciones de Uso Los siguientes T\u00e9rminos y Condiciones de Uso (los &quot;T\u00e9rminos y Condiciones&quot;) rigen el uso que usted le d\u00e9 a este sitio web y\" \/>\n<meta name=\"robots\" content=\"index, follow, max-snippet:-1, max-image-preview:large, max-video-preview:-1\" \/>\n<link rel=\"canonical\" href=\"https:\/\/madecolombia.com\/col\/terminos-y-condiciones-de-uso\/\" \/>\n<meta property=\"og:locale\" content=\"es_ES\" \/>\n<meta property=\"og:type\" content=\"article\" \/>\n<meta property=\"og:title\" content=\"T\u00e9rminos y condiciones de uso | MADECOLOMBIA\" \/>\n<meta property=\"og:description\" content=\"T\u00e9rminos y Condiciones de Uso Los siguientes T\u00e9rminos y Condiciones de Uso (los &quot;T\u00e9rminos y Condiciones&quot;) rigen el uso que usted le d\u00e9 a este sitio web y\" \/>\n<meta property=\"og:url\" content=\"https:\/\/madecolombia.com\/col\/terminos-y-condiciones-de-uso\/\" \/>\n<meta property=\"og:site_name\" content=\"MADECOLOMBIA\" \/>\n<meta property=\"article:publisher\" content=\"https:\/\/www.facebook.com\/distribucionmadecolombia\/\" \/>\n<meta property=\"article:modified_time\" content=\"2020-12-03T18:00:59+00:00\" \/>\n<meta name=\"twitter:card\" content=\"summary_large_image\" \/>\n<meta name=\"twitter:label1\" content=\"Tiempo de lectura\" \/>\n\t<meta name=\"twitter:data1\" content=\"10 minutos\" \/>\n<script type=\"application\/ld+json\" class=\"yoast-schema-graph\">{\"@context\":\"https:\/\/schema.org\",\"@graph\":[{\"@type\":\"WebPage\",\"@id\":\"https:\/\/madecolombia.com\/col\/terminos-y-condiciones-de-uso\/\",\"url\":\"https:\/\/madecolombia.com\/col\/terminos-y-condiciones-de-uso\/\",\"name\":\"T\u00e9rminos y condiciones de uso | MADECOLOMBIA\",\"isPartOf\":{\"@id\":\"https:\/\/madecolombia.com\/col\/#website\"},\"datePublished\":\"2020-11-28T03:47:35+00:00\",\"dateModified\":\"2020-12-03T18:00:59+00:00\",\"description\":\"T\u00e9rminos y Condiciones de Uso Los siguientes T\u00e9rminos y Condiciones de Uso (los \\\"T\u00e9rminos y Condiciones\\\") rigen el uso que usted le d\u00e9 a este sitio web y\",\"breadcrumb\":{\"@id\":\"https:\/\/madecolombia.com\/col\/terminos-y-condiciones-de-uso\/#breadcrumb\"},\"inLanguage\":\"es-CO\",\"potentialAction\":[{\"@type\":\"ReadAction\",\"target\":[\"https:\/\/madecolombia.com\/col\/terminos-y-condiciones-de-uso\/\"]}]},{\"@type\":\"BreadcrumbList\",\"@id\":\"https:\/\/madecolombia.com\/col\/terminos-y-condiciones-de-uso\/#breadcrumb\",\"itemListElement\":[{\"@type\":\"ListItem\",\"position\":1,\"name\":\"Inicio\",\"item\":\"https:\/\/madecolombia.com\/col\/\"},{\"@type\":\"ListItem\",\"position\":2,\"name\":\"T\u00e9rminos y condiciones de uso\"}]},{\"@type\":\"WebSite\",\"@id\":\"https:\/\/madecolombia.com\/col\/#website\",\"url\":\"https:\/\/madecolombia.com\/col\/\",\"name\":\"MADECOLOMBIA\",\"description\":\"Maderoterapia corporal y facial, productos de madera 100% colombianos y garantizados entregados a domicilio.\",\"publisher\":{\"@id\":\"https:\/\/madecolombia.com\/col\/#organization\"},\"potentialAction\":[{\"@type\":\"SearchAction\",\"target\":{\"@type\":\"EntryPoint\",\"urlTemplate\":\"https:\/\/madecolombia.com\/col\/?s={search_term_string}\"},\"query-input\":{\"@type\":\"PropertyValueSpecification\",\"valueRequired\":true,\"valueName\":\"search_term_string\"}}],\"inLanguage\":\"es-CO\"},{\"@type\":\"Organization\",\"@id\":\"https:\/\/madecolombia.com\/col\/#organization\",\"name\":\"MADECOLOMBIA\",\"url\":\"https:\/\/madecolombia.com\/col\/\",\"logo\":{\"@type\":\"ImageObject\",\"inLanguage\":\"es-CO\",\"@id\":\"https:\/\/madecolombia.com\/col\/#\/schema\/logo\/image\/\",\"url\":\"https:\/\/madecolombia.com\/col\/wp-content\/uploads\/2020\/10\/logo-madecolombia.png\",\"contentUrl\":\"https:\/\/madecolombia.com\/col\/wp-content\/uploads\/2020\/10\/logo-madecolombia.png\",\"width\":2661,\"height\":516,\"caption\":\"MADECOLOMBIA\"},\"image\":{\"@id\":\"https:\/\/madecolombia.com\/col\/#\/schema\/logo\/image\/\"},\"sameAs\":[\"https:\/\/www.facebook.com\/distribucionmadecolombia\/\"]}]}<\/script>\n<!-- \/ Yoast SEO plugin. -->","yoast_head_json":{"title":"T\u00e9rminos y condiciones de uso | MADECOLOMBIA","description":"T\u00e9rminos y Condiciones de Uso Los siguientes T\u00e9rminos y Condiciones de Uso (los \"T\u00e9rminos y Condiciones\") rigen el uso que usted le d\u00e9 a este sitio web y","robots":{"index":"index","follow":"follow","max-snippet":"max-snippet:-1","max-image-preview":"max-image-preview:large","max-video-preview":"max-video-preview:-1"},"canonical":"https:\/\/madecolombia.com\/col\/terminos-y-condiciones-de-uso\/","og_locale":"es_ES","og_type":"article","og_title":"T\u00e9rminos y condiciones de uso | MADECOLOMBIA","og_description":"T\u00e9rminos y Condiciones de Uso Los siguientes T\u00e9rminos y Condiciones de Uso (los \"T\u00e9rminos y Condiciones\") rigen el uso que usted le d\u00e9 a este sitio web y","og_url":"https:\/\/madecolombia.com\/col\/terminos-y-condiciones-de-uso\/","og_site_name":"MADECOLOMBIA","article_publisher":"https:\/\/www.facebook.com\/distribucionmadecolombia\/","article_modified_time":"2020-12-03T18:00:59+00:00","twitter_card":"summary_large_image","twitter_misc":{"Tiempo de lectura":"10 minutos"},"schema":{"@context":"https:\/\/schema.org","@graph":[{"@type":"WebPage","@id":"https:\/\/madecolombia.com\/col\/terminos-y-condiciones-de-uso\/","url":"https:\/\/madecolombia.com\/col\/terminos-y-condiciones-de-uso\/","name":"T\u00e9rminos y condiciones de uso | MADECOLOMBIA","isPartOf":{"@id":"https:\/\/madecolombia.com\/col\/#website"},"datePublished":"2020-11-28T03:47:35+00:00","dateModified":"2020-12-03T18:00:59+00:00","description":"T\u00e9rminos y Condiciones de Uso Los siguientes T\u00e9rminos y Condiciones de Uso (los \"T\u00e9rminos y Condiciones\") rigen el uso que usted le d\u00e9 a este sitio web y","breadcrumb":{"@id":"https:\/\/madecolombia.com\/col\/terminos-y-condiciones-de-uso\/#breadcrumb"},"inLanguage":"es-CO","potentialAction":[{"@type":"ReadAction","target":["https:\/\/madecolombia.com\/col\/terminos-y-condiciones-de-uso\/"]}]},{"@type":"BreadcrumbList","@id":"https:\/\/madecolombia.com\/col\/terminos-y-condiciones-de-uso\/#breadcrumb","itemListElement":[{"@type":"ListItem","position":1,"name":"Inicio","item":"https:\/\/madecolombia.com\/col\/"},{"@type":"ListItem","position":2,"name":"T\u00e9rminos y condiciones de uso"}]},{"@type":"WebSite","@id":"https:\/\/madecolombia.com\/col\/#website","url":"https:\/\/madecolombia.com\/col\/","name":"MADECOLOMBIA","description":"Maderoterapia corporal y facial, productos de madera 100% colombianos y garantizados entregados a domicilio.","publisher":{"@id":"https:\/\/madecolombia.com\/col\/#organization"},"potentialAction":[{"@type":"SearchAction","target":{"@type":"EntryPoint","urlTemplate":"https:\/\/madecolombia.com\/col\/?s={search_term_string}"},"query-input":{"@type":"PropertyValueSpecification","valueRequired":true,"valueName":"search_term_string"}}],"inLanguage":"es-CO"},{"@type":"Organization","@id":"https:\/\/madecolombia.com\/col\/#organization","name":"MADECOLOMBIA","url":"https:\/\/madecolombia.com\/col\/","logo":{"@type":"ImageObject","inLanguage":"es-CO","@id":"https:\/\/madecolombia.com\/col\/#\/schema\/logo\/image\/","url":"https:\/\/madecolombia.com\/col\/wp-content\/uploads\/2020\/10\/logo-madecolombia.png","contentUrl":"https:\/\/madecolombia.com\/col\/wp-content\/uploads\/2020\/10\/logo-madecolombia.png","width":2661,"height":516,"caption":"MADECOLOMBIA"},"image":{"@id":"https:\/\/madecolombia.com\/col\/#\/schema\/logo\/image\/"},"sameAs":["https:\/\/www.facebook.com\/distribucionmadecolombia\/"]}]}},"_links":{"self":[{"href":"https:\/\/madecolombia.com\/col\/wp-json\/wp\/v2\/pages\/469","targetHints":{"allow":["GET"]}}],"collection":[{"href":"https:\/\/madecolombia.com\/col\/wp-json\/wp\/v2\/pages"}],"about":[{"href":"https:\/\/madecolombia.com\/col\/wp-json\/wp\/v2\/types\/page"}],"author":[{"embeddable":true,"href":"https:\/\/madecolombia.com\/col\/wp-json\/wp\/v2\/users\/1"}],"replies":[{"embeddable":true,"href":"https:\/\/madecolombia.com\/col\/wp-json\/wp\/v2\/comments?post=469"}],"version-history":[{"count":8,"href":"https:\/\/madecolombia.com\/col\/wp-json\/wp\/v2\/pages\/469\/revisions"}],"predecessor-version":[{"id":835,"href":"https:\/\/madecolombia.com\/col\/wp-json\/wp\/v2\/pages\/469\/revisions\/835"}],"wp:attachment":[{"href":"https:\/\/madecolombia.com\/col\/wp-json\/wp\/v2\/media?parent=469"}],"curies":[{"name":"wp","href":"https:\/\/api.w.org\/{rel}","templated":true}]}}