{"id":560,"date":"2020-11-30T01:07:51","date_gmt":"2020-11-30T06:07:51","guid":{"rendered":"https:\/\/madecolombia.com\/col\/product\/rodillo-curvo-8-discos\/"},"modified":"2020-12-10T10:21:26","modified_gmt":"2020-12-10T15:21:26","slug":"rodillo-curvo-8-discos","status":"publish","type":"product","link":"https:\/\/madecolombia.com\/col\/producto\/rodillo-curvo-8-discos\/","title":{"rendered":"Rodillo Curvo 8 discos"},"content":{"rendered":"<p>Rodillo Curvo 8 discos ; su forma arqueado es ideal para cintura, caderas, costados, piernas y abdomen. Reduce masa corporal, eliminaci\u00f3n de lipodistrofias, combate la celulitis, fibrosis y masaje terap\u00e9utico, es ideal para producir est\u00edmulos saludables y bienestar, propoprcionando una mejor agilidad muscular y una mayor vitalidad en todo el organismo, brinda una sensaci\u00f3n de relajaci\u00f3n y tranquilidad, mientras se trabaja arduamente en los contornos de la figura.<\/p>\n<p>Dimensiones: 34cm largo \/ 13.5inch long<br \/>\nPeso: 10oz \/ 0.62 lbs<br \/>\nColor: Light Wood<\/p>\n","protected":false},"excerpt":{"rendered":"<p>Rodillo Curvo 8 discos ; su forma arqueado es ideal para cintura, caderas, costados, piernas y abdomen. Reduce masa corporal, eliminaci\u00f3n de lipodistrofias, combate la celulitis, fibrosis y masaje terap\u00e9utico, es ideal para producir est\u00edmulos saludables y bienestar, propoprcionando una mejor agilidad muscular y una mayor vitalidad en todo el organismo, brinda una sensaci\u00f3n de &#8230; <a title=\"Rodillo Curvo 8 discos\" class=\"read-more\" href=\"https:\/\/madecolombia.com\/col\/producto\/rodillo-curvo-8-discos\/\" aria-label=\"Read more about Rodillo Curvo 8 discos\">Leer m\u00e1s<\/a><\/p>\n","protected":false},"featured_media":540,"comment_status":"closed","ping_status":"closed","template":"","meta":{"inline_featured_image":false},"product_brand":[],"product_cat":[38,39],"product_tag":[],"class_list":{"0":"post-560","1":"product","2":"type-product","3":"status-publish","4":"has-post-thumbnail","6":"product_cat-corporal","7":"product_cat-rodillos","9":"first","10":"instock","11":"taxable","12":"shipping-taxable","13":"purchasable","14":"product-type-simple"},"yoast_head":"<!-- This site is optimized with the Yoast SEO plugin v26.0 - https:\/\/yoast.com\/wordpress\/plugins\/seo\/ -->\n<title>Rodillo Curvo 8 discos | MADECOLOMBIA<\/title>\n<meta name=\"description\" content=\"Rodillo Curvo 8 discos ; su forma arqueado es ideal para cintura, caderas, costados, piernas y abdomen. Reduce masa corporal, eliminaci\u00f3n de\" \/>\n<meta name=\"robots\" content=\"noindex, follow\" \/>\n<meta property=\"og:locale\" content=\"es_ES\" \/>\n<meta property=\"og:type\" content=\"article\" \/>\n<meta property=\"og:title\" content=\"Rodillo Curvo 8 discos | MADECOLOMBIA\" \/>\n<meta property=\"og:description\" content=\"Rodillo Curvo 8 discos ; su forma arqueado es ideal para cintura, caderas, costados, piernas y abdomen. Reduce masa corporal, eliminaci\u00f3n de\" \/>\n<meta property=\"og:url\" content=\"https:\/\/madecolombia.com\/col\/producto\/rodillo-curvo-8-discos\/\" \/>\n<meta property=\"og:site_name\" content=\"MADECOLOMBIA\" \/>\n<meta property=\"article:publisher\" content=\"https:\/\/www.facebook.com\/distribucionmadecolombia\/\" \/>\n<meta property=\"article:modified_time\" content=\"2020-12-10T15:21:26+00:00\" \/>\n<meta property=\"og:image\" content=\"https:\/\/madecolombia.com\/col\/wp-content\/uploads\/2020\/11\/Rodillo-curvo.jpg\" \/>\n\t<meta property=\"og:image:width\" content=\"800\" \/>\n\t<meta property=\"og:image:height\" content=\"533\" \/>\n\t<meta property=\"og:image:type\" content=\"image\/jpeg\" \/>\n<meta name=\"twitter:card\" content=\"summary_large_image\" \/>\n<script type=\"application\/ld+json\" class=\"yoast-schema-graph\">{\"@context\":\"https:\/\/schema.org\",\"@graph\":[{\"@type\":\"WebPage\",\"@id\":\"https:\/\/madecolombia.com\/col\/producto\/rodillo-curvo-8-discos\/\",\"url\":\"https:\/\/madecolombia.com\/col\/producto\/rodillo-curvo-8-discos\/\",\"name\":\"Rodillo Curvo 8 discos | MADECOLOMBIA\",\"isPartOf\":{\"@id\":\"https:\/\/madecolombia.com\/col\/#website\"},\"primaryImageOfPage\":{\"@id\":\"https:\/\/madecolombia.com\/col\/producto\/rodillo-curvo-8-discos\/#primaryimage\"},\"image\":{\"@id\":\"https:\/\/madecolombia.com\/col\/producto\/rodillo-curvo-8-discos\/#primaryimage\"},\"thumbnailUrl\":\"https:\/\/madecolombia.com\/col\/wp-content\/uploads\/2020\/11\/Rodillo-curvo.jpg\",\"datePublished\":\"2020-11-30T06:07:51+00:00\",\"dateModified\":\"2020-12-10T15:21:26+00:00\",\"description\":\"Rodillo Curvo 8 discos ; su forma arqueado es ideal para cintura, caderas, costados, piernas y abdomen. Reduce masa corporal, eliminaci\u00f3n de\",\"breadcrumb\":{\"@id\":\"https:\/\/madecolombia.com\/col\/producto\/rodillo-curvo-8-discos\/#breadcrumb\"},\"inLanguage\":\"es-CO\",\"potentialAction\":[{\"@type\":\"ReadAction\",\"target\":[\"https:\/\/madecolombia.com\/col\/producto\/rodillo-curvo-8-discos\/\"]}]},{\"@type\":\"ImageObject\",\"inLanguage\":\"es-CO\",\"@id\":\"https:\/\/madecolombia.com\/col\/producto\/rodillo-curvo-8-discos\/#primaryimage\",\"url\":\"https:\/\/madecolombia.com\/col\/wp-content\/uploads\/2020\/11\/Rodillo-curvo.jpg\",\"contentUrl\":\"https:\/\/madecolombia.com\/col\/wp-content\/uploads\/2020\/11\/Rodillo-curvo.jpg\",\"width\":800,\"height\":533},{\"@type\":\"BreadcrumbList\",\"@id\":\"https:\/\/madecolombia.com\/col\/producto\/rodillo-curvo-8-discos\/#breadcrumb\",\"itemListElement\":[{\"@type\":\"ListItem\",\"position\":1,\"name\":\"Inicio\",\"item\":\"https:\/\/madecolombia.com\/col\/\"},{\"@type\":\"ListItem\",\"position\":2,\"name\":\"Shop\",\"item\":\"https:\/\/madecolombia.com\/col\/en\/shop\/\"},{\"@type\":\"ListItem\",\"position\":3,\"name\":\"Rodillo Curvo 8 discos\"}]},{\"@type\":\"WebSite\",\"@id\":\"https:\/\/madecolombia.com\/col\/#website\",\"url\":\"https:\/\/madecolombia.com\/col\/\",\"name\":\"MADECOLOMBIA\",\"description\":\"Maderoterapia corporal y facial, productos de madera 100% colombianos y garantizados entregados a domicilio.\",\"publisher\":{\"@id\":\"https:\/\/madecolombia.com\/col\/#organization\"},\"potentialAction\":[{\"@type\":\"SearchAction\",\"target\":{\"@type\":\"EntryPoint\",\"urlTemplate\":\"https:\/\/madecolombia.com\/col\/?s={search_term_string}\"},\"query-input\":{\"@type\":\"PropertyValueSpecification\",\"valueRequired\":true,\"valueName\":\"search_term_string\"}}],\"inLanguage\":\"es-CO\"},{\"@type\":\"Organization\",\"@id\":\"https:\/\/madecolombia.com\/col\/#organization\",\"name\":\"MADECOLOMBIA\",\"url\":\"https:\/\/madecolombia.com\/col\/\",\"logo\":{\"@type\":\"ImageObject\",\"inLanguage\":\"es-CO\",\"@id\":\"https:\/\/madecolombia.com\/col\/#\/schema\/logo\/image\/\",\"url\":\"https:\/\/madecolombia.com\/col\/wp-content\/uploads\/2020\/10\/logo-madecolombia.png\",\"contentUrl\":\"https:\/\/madecolombia.com\/col\/wp-content\/uploads\/2020\/10\/logo-madecolombia.png\",\"width\":2661,\"height\":516,\"caption\":\"MADECOLOMBIA\"},\"image\":{\"@id\":\"https:\/\/madecolombia.com\/col\/#\/schema\/logo\/image\/\"},\"sameAs\":[\"https:\/\/www.facebook.com\/distribucionmadecolombia\/\"]}]}<\/script>\n<!-- \/ Yoast SEO plugin. -->","yoast_head_json":{"title":"Rodillo Curvo 8 discos | MADECOLOMBIA","description":"Rodillo Curvo 8 discos ; su forma arqueado es ideal para cintura, caderas, costados, piernas y abdomen. Reduce masa corporal, eliminaci\u00f3n de","robots":{"index":"noindex","follow":"follow"},"og_locale":"es_ES","og_type":"article","og_title":"Rodillo Curvo 8 discos | MADECOLOMBIA","og_description":"Rodillo Curvo 8 discos ; su forma arqueado es ideal para cintura, caderas, costados, piernas y abdomen. Reduce masa corporal, eliminaci\u00f3n de","og_url":"https:\/\/madecolombia.com\/col\/producto\/rodillo-curvo-8-discos\/","og_site_name":"MADECOLOMBIA","article_publisher":"https:\/\/www.facebook.com\/distribucionmadecolombia\/","article_modified_time":"2020-12-10T15:21:26+00:00","og_image":[{"width":800,"height":533,"url":"https:\/\/madecolombia.com\/col\/wp-content\/uploads\/2020\/11\/Rodillo-curvo.jpg","type":"image\/jpeg"}],"twitter_card":"summary_large_image","schema":{"@context":"https:\/\/schema.org","@graph":[{"@type":"WebPage","@id":"https:\/\/madecolombia.com\/col\/producto\/rodillo-curvo-8-discos\/","url":"https:\/\/madecolombia.com\/col\/producto\/rodillo-curvo-8-discos\/","name":"Rodillo Curvo 8 discos | MADECOLOMBIA","isPartOf":{"@id":"https:\/\/madecolombia.com\/col\/#website"},"primaryImageOfPage":{"@id":"https:\/\/madecolombia.com\/col\/producto\/rodillo-curvo-8-discos\/#primaryimage"},"image":{"@id":"https:\/\/madecolombia.com\/col\/producto\/rodillo-curvo-8-discos\/#primaryimage"},"thumbnailUrl":"https:\/\/madecolombia.com\/col\/wp-content\/uploads\/2020\/11\/Rodillo-curvo.jpg","datePublished":"2020-11-30T06:07:51+00:00","dateModified":"2020-12-10T15:21:26+00:00","description":"Rodillo Curvo 8 discos ; su forma arqueado es ideal para cintura, caderas, costados, piernas y abdomen. Reduce masa corporal, eliminaci\u00f3n de","breadcrumb":{"@id":"https:\/\/madecolombia.com\/col\/producto\/rodillo-curvo-8-discos\/#breadcrumb"},"inLanguage":"es-CO","potentialAction":[{"@type":"ReadAction","target":["https:\/\/madecolombia.com\/col\/producto\/rodillo-curvo-8-discos\/"]}]},{"@type":"ImageObject","inLanguage":"es-CO","@id":"https:\/\/madecolombia.com\/col\/producto\/rodillo-curvo-8-discos\/#primaryimage","url":"https:\/\/madecolombia.com\/col\/wp-content\/uploads\/2020\/11\/Rodillo-curvo.jpg","contentUrl":"https:\/\/madecolombia.com\/col\/wp-content\/uploads\/2020\/11\/Rodillo-curvo.jpg","width":800,"height":533},{"@type":"BreadcrumbList","@id":"https:\/\/madecolombia.com\/col\/producto\/rodillo-curvo-8-discos\/#breadcrumb","itemListElement":[{"@type":"ListItem","position":1,"name":"Inicio","item":"https:\/\/madecolombia.com\/col\/"},{"@type":"ListItem","position":2,"name":"Shop","item":"https:\/\/madecolombia.com\/col\/en\/shop\/"},{"@type":"ListItem","position":3,"name":"Rodillo Curvo 8 discos"}]},{"@type":"WebSite","@id":"https:\/\/madecolombia.com\/col\/#website","url":"https:\/\/madecolombia.com\/col\/","name":"MADECOLOMBIA","description":"Maderoterapia corporal y facial, productos de madera 100% colombianos y garantizados entregados a domicilio.","publisher":{"@id":"https:\/\/madecolombia.com\/col\/#organization"},"potentialAction":[{"@type":"SearchAction","target":{"@type":"EntryPoint","urlTemplate":"https:\/\/madecolombia.com\/col\/?s={search_term_string}"},"query-input":{"@type":"PropertyValueSpecification","valueRequired":true,"valueName":"search_term_string"}}],"inLanguage":"es-CO"},{"@type":"Organization","@id":"https:\/\/madecolombia.com\/col\/#organization","name":"MADECOLOMBIA","url":"https:\/\/madecolombia.com\/col\/","logo":{"@type":"ImageObject","inLanguage":"es-CO","@id":"https:\/\/madecolombia.com\/col\/#\/schema\/logo\/image\/","url":"https:\/\/madecolombia.com\/col\/wp-content\/uploads\/2020\/10\/logo-madecolombia.png","contentUrl":"https:\/\/madecolombia.com\/col\/wp-content\/uploads\/2020\/10\/logo-madecolombia.png","width":2661,"height":516,"caption":"MADECOLOMBIA"},"image":{"@id":"https:\/\/madecolombia.com\/col\/#\/schema\/logo\/image\/"},"sameAs":["https:\/\/www.facebook.com\/distribucionmadecolombia\/"]}]}},"_links":{"self":[{"href":"https:\/\/madecolombia.com\/col\/wp-json\/wp\/v2\/product\/560","targetHints":{"allow":["GET"]}}],"collection":[{"href":"https:\/\/madecolombia.com\/col\/wp-json\/wp\/v2\/product"}],"about":[{"href":"https:\/\/madecolombia.com\/col\/wp-json\/wp\/v2\/types\/product"}],"replies":[{"embeddable":true,"href":"https:\/\/madecolombia.com\/col\/wp-json\/wp\/v2\/comments?post=560"}],"wp:featuredmedia":[{"embeddable":true,"href":"https:\/\/madecolombia.com\/col\/wp-json\/wp\/v2\/media\/540"}],"wp:attachment":[{"href":"https:\/\/madecolombia.com\/col\/wp-json\/wp\/v2\/media?parent=560"}],"wp:term":[{"taxonomy":"product_brand","embeddable":true,"href":"https:\/\/madecolombia.com\/col\/wp-json\/wp\/v2\/product_brand?post=560"},{"taxonomy":"product_cat","embeddable":true,"href":"https:\/\/madecolombia.com\/col\/wp-json\/wp\/v2\/product_cat?post=560"},{"taxonomy":"product_tag","embeddable":true,"href":"https:\/\/madecolombia.com\/col\/wp-json\/wp\/v2\/product_tag?post=560"}],"curies":[{"name":"wp","href":"https:\/\/api.w.org\/{rel}","templated":true}]}}