{"id":566,"date":"2020-11-30T01:07:51","date_gmt":"2020-11-30T06:07:51","guid":{"rendered":"https:\/\/madecolombia.com\/col\/product\/copa-sueca-mediana\/"},"modified":"2021-05-26T00:35:59","modified_gmt":"2021-05-26T05:35:59","slug":"copa-sueca-mediana","status":"publish","type":"product","link":"https:\/\/madecolombia.com\/col\/producto\/copa-sueca-mediana\/","title":{"rendered":"Copa Sueca Mediana"},"content":{"rendered":"<p>Copa Sueca Mediana se utiliza para reducir la adiposidad que se encuentra en la cintura, abdomen, muslos, espalda y piernas, haciendo un efecto de terapia tipo vacuum, con movimientos que ayudan a transladar la acumulaci\u00f3n de liquidos y grasas hacia los ganglios. Tambi\u00e9n remueve el exceso de l\u00edquidos, recupera el aspecto de la piel haciendola lucir m\u00e1s joven. Es una pieza ideal que influye sobre el drenaje linf\u00e1tico, haciendo que sea m\u00e1s rapida la perdida de l\u00edquidos y grasas no deseadas localizadas en diferentes zonas del cuerpo. As\u00ed como tambi\u00e9n se utilizan sobre la zona de los gl\u00fateos para su aumento y tonificaci\u00f3n.<\/p>\n<p>Dimensiones: 18cm alto, 7inch high<br \/>\n9cm diametro, 3.5inch diameter<br \/>\nPeso: 7oz \/0.43 lbs<br \/>\nColor: Light Wood<\/p>\n","protected":false},"excerpt":{"rendered":"<p>Copa Sueca Mediana se utiliza para reducir la adiposidad que se encuentra en la cintura, abdomen, muslos, espalda y piernas, haciendo un efecto de terapia tipo vacuum, con movimientos que ayudan a transladar la acumulaci\u00f3n de liquidos y grasas hacia los ganglios. Tambi\u00e9n remueve el exceso de l\u00edquidos, recupera el aspecto de la piel haciendola &#8230; <a title=\"Copa Sueca Mediana\" class=\"read-more\" href=\"https:\/\/madecolombia.com\/col\/producto\/copa-sueca-mediana\/\" aria-label=\"Read more about Copa Sueca Mediana\">Leer m\u00e1s<\/a><\/p>\n","protected":false},"featured_media":517,"comment_status":"closed","ping_status":"closed","template":"","meta":{"inline_featured_image":false},"product_brand":[],"product_cat":[40,38],"product_tag":[],"class_list":{"0":"post-566","1":"product","2":"type-product","3":"status-publish","4":"has-post-thumbnail","6":"product_cat-copas","7":"product_cat-corporal","9":"first","10":"instock","11":"taxable","12":"shipping-taxable","13":"purchasable","14":"product-type-simple"},"yoast_head":"<!-- This site is optimized with the Yoast SEO plugin v26.0 - https:\/\/yoast.com\/wordpress\/plugins\/seo\/ -->\n<title>Copa Sueca Mediana | MADECOLOMBIA<\/title>\n<meta name=\"description\" content=\"Copa Sueca Mediana se utiliza para reducir la adiposidad que se encuentra en la cintura, abdomen, muslos, espalda y piernas, haciendo un efecto de terapia\" \/>\n<meta name=\"robots\" content=\"noindex, follow\" \/>\n<meta property=\"og:locale\" content=\"es_ES\" \/>\n<meta property=\"og:type\" content=\"article\" \/>\n<meta property=\"og:title\" content=\"Copa Sueca Mediana | MADECOLOMBIA\" \/>\n<meta property=\"og:description\" content=\"Copa Sueca Mediana se utiliza para reducir la adiposidad que se encuentra en la cintura, abdomen, muslos, espalda y piernas, haciendo un efecto de terapia\" \/>\n<meta property=\"og:url\" content=\"https:\/\/madecolombia.com\/col\/producto\/copa-sueca-mediana\/\" \/>\n<meta property=\"og:site_name\" content=\"MADECOLOMBIA\" \/>\n<meta property=\"article:publisher\" content=\"https:\/\/www.facebook.com\/distribucionmadecolombia\/\" \/>\n<meta property=\"article:modified_time\" content=\"2021-05-26T05:35:59+00:00\" \/>\n<meta property=\"og:image\" content=\"https:\/\/madecolombia.com\/col\/wp-content\/uploads\/2020\/11\/Copa-mediana-sueca.jpg\" \/>\n\t<meta property=\"og:image:width\" content=\"800\" \/>\n\t<meta property=\"og:image:height\" content=\"533\" \/>\n\t<meta property=\"og:image:type\" content=\"image\/jpeg\" \/>\n<meta name=\"twitter:card\" content=\"summary_large_image\" \/>\n<meta name=\"twitter:label1\" content=\"Tiempo de lectura\" \/>\n\t<meta name=\"twitter:data1\" content=\"1 minuto\" \/>\n<script type=\"application\/ld+json\" class=\"yoast-schema-graph\">{\"@context\":\"https:\/\/schema.org\",\"@graph\":[{\"@type\":\"WebPage\",\"@id\":\"https:\/\/madecolombia.com\/col\/producto\/copa-sueca-mediana\/\",\"url\":\"https:\/\/madecolombia.com\/col\/producto\/copa-sueca-mediana\/\",\"name\":\"Copa Sueca Mediana | MADECOLOMBIA\",\"isPartOf\":{\"@id\":\"https:\/\/madecolombia.com\/col\/#website\"},\"primaryImageOfPage\":{\"@id\":\"https:\/\/madecolombia.com\/col\/producto\/copa-sueca-mediana\/#primaryimage\"},\"image\":{\"@id\":\"https:\/\/madecolombia.com\/col\/producto\/copa-sueca-mediana\/#primaryimage\"},\"thumbnailUrl\":\"https:\/\/madecolombia.com\/col\/wp-content\/uploads\/2020\/11\/Copa-mediana-sueca.jpg\",\"datePublished\":\"2020-11-30T06:07:51+00:00\",\"dateModified\":\"2021-05-26T05:35:59+00:00\",\"description\":\"Copa Sueca Mediana se utiliza para reducir la adiposidad que se encuentra en la cintura, abdomen, muslos, espalda y piernas, haciendo un efecto de terapia\",\"breadcrumb\":{\"@id\":\"https:\/\/madecolombia.com\/col\/producto\/copa-sueca-mediana\/#breadcrumb\"},\"inLanguage\":\"es-CO\",\"potentialAction\":[{\"@type\":\"ReadAction\",\"target\":[\"https:\/\/madecolombia.com\/col\/producto\/copa-sueca-mediana\/\"]}]},{\"@type\":\"ImageObject\",\"inLanguage\":\"es-CO\",\"@id\":\"https:\/\/madecolombia.com\/col\/producto\/copa-sueca-mediana\/#primaryimage\",\"url\":\"https:\/\/madecolombia.com\/col\/wp-content\/uploads\/2020\/11\/Copa-mediana-sueca.jpg\",\"contentUrl\":\"https:\/\/madecolombia.com\/col\/wp-content\/uploads\/2020\/11\/Copa-mediana-sueca.jpg\",\"width\":800,\"height\":533},{\"@type\":\"BreadcrumbList\",\"@id\":\"https:\/\/madecolombia.com\/col\/producto\/copa-sueca-mediana\/#breadcrumb\",\"itemListElement\":[{\"@type\":\"ListItem\",\"position\":1,\"name\":\"Inicio\",\"item\":\"https:\/\/madecolombia.com\/col\/\"},{\"@type\":\"ListItem\",\"position\":2,\"name\":\"Shop\",\"item\":\"https:\/\/madecolombia.com\/col\/en\/shop\/\"},{\"@type\":\"ListItem\",\"position\":3,\"name\":\"Copa Sueca Mediana\"}]},{\"@type\":\"WebSite\",\"@id\":\"https:\/\/madecolombia.com\/col\/#website\",\"url\":\"https:\/\/madecolombia.com\/col\/\",\"name\":\"MADECOLOMBIA\",\"description\":\"Maderoterapia corporal y facial, productos de madera 100% colombianos y garantizados entregados a domicilio.\",\"publisher\":{\"@id\":\"https:\/\/madecolombia.com\/col\/#organization\"},\"potentialAction\":[{\"@type\":\"SearchAction\",\"target\":{\"@type\":\"EntryPoint\",\"urlTemplate\":\"https:\/\/madecolombia.com\/col\/?s={search_term_string}\"},\"query-input\":{\"@type\":\"PropertyValueSpecification\",\"valueRequired\":true,\"valueName\":\"search_term_string\"}}],\"inLanguage\":\"es-CO\"},{\"@type\":\"Organization\",\"@id\":\"https:\/\/madecolombia.com\/col\/#organization\",\"name\":\"MADECOLOMBIA\",\"url\":\"https:\/\/madecolombia.com\/col\/\",\"logo\":{\"@type\":\"ImageObject\",\"inLanguage\":\"es-CO\",\"@id\":\"https:\/\/madecolombia.com\/col\/#\/schema\/logo\/image\/\",\"url\":\"https:\/\/madecolombia.com\/col\/wp-content\/uploads\/2020\/10\/logo-madecolombia.png\",\"contentUrl\":\"https:\/\/madecolombia.com\/col\/wp-content\/uploads\/2020\/10\/logo-madecolombia.png\",\"width\":2661,\"height\":516,\"caption\":\"MADECOLOMBIA\"},\"image\":{\"@id\":\"https:\/\/madecolombia.com\/col\/#\/schema\/logo\/image\/\"},\"sameAs\":[\"https:\/\/www.facebook.com\/distribucionmadecolombia\/\"]}]}<\/script>\n<!-- \/ Yoast SEO plugin. -->","yoast_head_json":{"title":"Copa Sueca Mediana | MADECOLOMBIA","description":"Copa Sueca Mediana se utiliza para reducir la adiposidad que se encuentra en la cintura, abdomen, muslos, espalda y piernas, haciendo un efecto de terapia","robots":{"index":"noindex","follow":"follow"},"og_locale":"es_ES","og_type":"article","og_title":"Copa Sueca Mediana | MADECOLOMBIA","og_description":"Copa Sueca Mediana se utiliza para reducir la adiposidad que se encuentra en la cintura, abdomen, muslos, espalda y piernas, haciendo un efecto de terapia","og_url":"https:\/\/madecolombia.com\/col\/producto\/copa-sueca-mediana\/","og_site_name":"MADECOLOMBIA","article_publisher":"https:\/\/www.facebook.com\/distribucionmadecolombia\/","article_modified_time":"2021-05-26T05:35:59+00:00","og_image":[{"width":800,"height":533,"url":"https:\/\/madecolombia.com\/col\/wp-content\/uploads\/2020\/11\/Copa-mediana-sueca.jpg","type":"image\/jpeg"}],"twitter_card":"summary_large_image","twitter_misc":{"Tiempo de lectura":"1 minuto"},"schema":{"@context":"https:\/\/schema.org","@graph":[{"@type":"WebPage","@id":"https:\/\/madecolombia.com\/col\/producto\/copa-sueca-mediana\/","url":"https:\/\/madecolombia.com\/col\/producto\/copa-sueca-mediana\/","name":"Copa Sueca Mediana | MADECOLOMBIA","isPartOf":{"@id":"https:\/\/madecolombia.com\/col\/#website"},"primaryImageOfPage":{"@id":"https:\/\/madecolombia.com\/col\/producto\/copa-sueca-mediana\/#primaryimage"},"image":{"@id":"https:\/\/madecolombia.com\/col\/producto\/copa-sueca-mediana\/#primaryimage"},"thumbnailUrl":"https:\/\/madecolombia.com\/col\/wp-content\/uploads\/2020\/11\/Copa-mediana-sueca.jpg","datePublished":"2020-11-30T06:07:51+00:00","dateModified":"2021-05-26T05:35:59+00:00","description":"Copa Sueca Mediana se utiliza para reducir la adiposidad que se encuentra en la cintura, abdomen, muslos, espalda y piernas, haciendo un efecto de terapia","breadcrumb":{"@id":"https:\/\/madecolombia.com\/col\/producto\/copa-sueca-mediana\/#breadcrumb"},"inLanguage":"es-CO","potentialAction":[{"@type":"ReadAction","target":["https:\/\/madecolombia.com\/col\/producto\/copa-sueca-mediana\/"]}]},{"@type":"ImageObject","inLanguage":"es-CO","@id":"https:\/\/madecolombia.com\/col\/producto\/copa-sueca-mediana\/#primaryimage","url":"https:\/\/madecolombia.com\/col\/wp-content\/uploads\/2020\/11\/Copa-mediana-sueca.jpg","contentUrl":"https:\/\/madecolombia.com\/col\/wp-content\/uploads\/2020\/11\/Copa-mediana-sueca.jpg","width":800,"height":533},{"@type":"BreadcrumbList","@id":"https:\/\/madecolombia.com\/col\/producto\/copa-sueca-mediana\/#breadcrumb","itemListElement":[{"@type":"ListItem","position":1,"name":"Inicio","item":"https:\/\/madecolombia.com\/col\/"},{"@type":"ListItem","position":2,"name":"Shop","item":"https:\/\/madecolombia.com\/col\/en\/shop\/"},{"@type":"ListItem","position":3,"name":"Copa Sueca Mediana"}]},{"@type":"WebSite","@id":"https:\/\/madecolombia.com\/col\/#website","url":"https:\/\/madecolombia.com\/col\/","name":"MADECOLOMBIA","description":"Maderoterapia corporal y facial, productos de madera 100% colombianos y garantizados entregados a domicilio.","publisher":{"@id":"https:\/\/madecolombia.com\/col\/#organization"},"potentialAction":[{"@type":"SearchAction","target":{"@type":"EntryPoint","urlTemplate":"https:\/\/madecolombia.com\/col\/?s={search_term_string}"},"query-input":{"@type":"PropertyValueSpecification","valueRequired":true,"valueName":"search_term_string"}}],"inLanguage":"es-CO"},{"@type":"Organization","@id":"https:\/\/madecolombia.com\/col\/#organization","name":"MADECOLOMBIA","url":"https:\/\/madecolombia.com\/col\/","logo":{"@type":"ImageObject","inLanguage":"es-CO","@id":"https:\/\/madecolombia.com\/col\/#\/schema\/logo\/image\/","url":"https:\/\/madecolombia.com\/col\/wp-content\/uploads\/2020\/10\/logo-madecolombia.png","contentUrl":"https:\/\/madecolombia.com\/col\/wp-content\/uploads\/2020\/10\/logo-madecolombia.png","width":2661,"height":516,"caption":"MADECOLOMBIA"},"image":{"@id":"https:\/\/madecolombia.com\/col\/#\/schema\/logo\/image\/"},"sameAs":["https:\/\/www.facebook.com\/distribucionmadecolombia\/"]}]}},"_links":{"self":[{"href":"https:\/\/madecolombia.com\/col\/wp-json\/wp\/v2\/product\/566","targetHints":{"allow":["GET"]}}],"collection":[{"href":"https:\/\/madecolombia.com\/col\/wp-json\/wp\/v2\/product"}],"about":[{"href":"https:\/\/madecolombia.com\/col\/wp-json\/wp\/v2\/types\/product"}],"replies":[{"embeddable":true,"href":"https:\/\/madecolombia.com\/col\/wp-json\/wp\/v2\/comments?post=566"}],"wp:featuredmedia":[{"embeddable":true,"href":"https:\/\/madecolombia.com\/col\/wp-json\/wp\/v2\/media\/517"}],"wp:attachment":[{"href":"https:\/\/madecolombia.com\/col\/wp-json\/wp\/v2\/media?parent=566"}],"wp:term":[{"taxonomy":"product_brand","embeddable":true,"href":"https:\/\/madecolombia.com\/col\/wp-json\/wp\/v2\/product_brand?post=566"},{"taxonomy":"product_cat","embeddable":true,"href":"https:\/\/madecolombia.com\/col\/wp-json\/wp\/v2\/product_cat?post=566"},{"taxonomy":"product_tag","embeddable":true,"href":"https:\/\/madecolombia.com\/col\/wp-json\/wp\/v2\/product_tag?post=566"}],"curies":[{"name":"wp","href":"https:\/\/api.w.org\/{rel}","templated":true}]}}