{"id":574,"date":"2020-11-30T01:07:51","date_gmt":"2020-11-30T06:07:51","guid":{"rendered":"https:\/\/madecolombia.com\/col\/product\/tabla-tipo-l\/"},"modified":"2020-12-10T10:20:02","modified_gmt":"2020-12-10T15:20:02","slug":"tabla-tipo-l","status":"publish","type":"product","link":"https:\/\/madecolombia.com\/col\/producto\/tabla-tipo-l\/","title":{"rendered":"Tabla tipo L"},"content":{"rendered":"<p>Tabla Tipo L, ayuda al traslado de los dep\u00f3sitos de grasa hacia los ganglios linf\u00e1ticos, su dise\u00f1o ergon\u00f3mico se adapta a la perfecci\u00f3n para ser utilizado en cualquier sona del \u00e1rea abdominal, como tambi\u00e9n piernas, cintura, espalda y laterales.<\/p>\n<p>Dimensiones: 2cm largo \/ 9inch long<br \/>\nPeso: 6oz \/0.37 lbs<br \/>\nColor: Light Wood<\/p>\n","protected":false},"excerpt":{"rendered":"<p>Tabla Tipo L, ayuda al traslado de los dep\u00f3sitos de grasa hacia los ganglios linf\u00e1ticos, su dise\u00f1o ergon\u00f3mico se adapta a la perfecci\u00f3n para ser utilizado en cualquier sona del \u00e1rea abdominal, como tambi\u00e9n piernas, cintura, espalda y laterales. Dimensiones: 2cm largo \/ 9inch long Peso: 6oz \/0.37 lbs Color: Light Wood<\/p>\n","protected":false},"featured_media":551,"comment_status":"closed","ping_status":"closed","template":"","meta":{"inline_featured_image":false},"product_brand":[],"product_cat":[38,41],"product_tag":[],"class_list":{"0":"post-574","1":"product","2":"type-product","3":"status-publish","4":"has-post-thumbnail","6":"product_cat-corporal","7":"product_cat-tabla-moldeadora","9":"first","10":"instock","11":"taxable","12":"shipping-taxable","13":"purchasable","14":"product-type-simple"},"yoast_head":"<!-- This site is optimized with the Yoast SEO plugin v26.0 - https:\/\/yoast.com\/wordpress\/plugins\/seo\/ -->\n<title>Tabla tipo L | MADECOLOMBIA<\/title>\n<meta name=\"description\" content=\"Tabla Tipo L, ayuda al traslado de los dep\u00f3sitos de grasa hacia los ganglios linf\u00e1ticos, su dise\u00f1o ergon\u00f3mico se adapta a la perfecci\u00f3n para ser utilizado\" \/>\n<meta name=\"robots\" content=\"noindex, follow\" \/>\n<meta property=\"og:locale\" content=\"es_ES\" \/>\n<meta property=\"og:type\" content=\"article\" \/>\n<meta property=\"og:title\" content=\"Tabla tipo L | MADECOLOMBIA\" \/>\n<meta property=\"og:description\" content=\"Tabla Tipo L, ayuda al traslado de los dep\u00f3sitos de grasa hacia los ganglios linf\u00e1ticos, su dise\u00f1o ergon\u00f3mico se adapta a la perfecci\u00f3n para ser utilizado\" \/>\n<meta property=\"og:url\" content=\"https:\/\/madecolombia.com\/col\/producto\/tabla-tipo-l\/\" \/>\n<meta property=\"og:site_name\" content=\"MADECOLOMBIA\" \/>\n<meta property=\"article:publisher\" content=\"https:\/\/www.facebook.com\/distribucionmadecolombia\/\" \/>\n<meta property=\"article:modified_time\" content=\"2020-12-10T15:20:02+00:00\" \/>\n<meta property=\"og:image\" content=\"https:\/\/madecolombia.com\/col\/wp-content\/uploads\/2020\/11\/Tabla-tipo-l.jpg\" \/>\n\t<meta property=\"og:image:width\" content=\"800\" \/>\n\t<meta property=\"og:image:height\" content=\"533\" \/>\n\t<meta property=\"og:image:type\" content=\"image\/jpeg\" \/>\n<meta name=\"twitter:card\" content=\"summary_large_image\" \/>\n<script type=\"application\/ld+json\" class=\"yoast-schema-graph\">{\"@context\":\"https:\/\/schema.org\",\"@graph\":[{\"@type\":\"WebPage\",\"@id\":\"https:\/\/madecolombia.com\/col\/producto\/tabla-tipo-l\/\",\"url\":\"https:\/\/madecolombia.com\/col\/producto\/tabla-tipo-l\/\",\"name\":\"Tabla tipo L | MADECOLOMBIA\",\"isPartOf\":{\"@id\":\"https:\/\/madecolombia.com\/col\/#website\"},\"primaryImageOfPage\":{\"@id\":\"https:\/\/madecolombia.com\/col\/producto\/tabla-tipo-l\/#primaryimage\"},\"image\":{\"@id\":\"https:\/\/madecolombia.com\/col\/producto\/tabla-tipo-l\/#primaryimage\"},\"thumbnailUrl\":\"https:\/\/madecolombia.com\/col\/wp-content\/uploads\/2020\/11\/Tabla-tipo-l.jpg\",\"datePublished\":\"2020-11-30T06:07:51+00:00\",\"dateModified\":\"2020-12-10T15:20:02+00:00\",\"description\":\"Tabla Tipo L, ayuda al traslado de los dep\u00f3sitos de grasa hacia los ganglios linf\u00e1ticos, su dise\u00f1o ergon\u00f3mico se adapta a la perfecci\u00f3n para ser utilizado\",\"breadcrumb\":{\"@id\":\"https:\/\/madecolombia.com\/col\/producto\/tabla-tipo-l\/#breadcrumb\"},\"inLanguage\":\"es-CO\",\"potentialAction\":[{\"@type\":\"ReadAction\",\"target\":[\"https:\/\/madecolombia.com\/col\/producto\/tabla-tipo-l\/\"]}]},{\"@type\":\"ImageObject\",\"inLanguage\":\"es-CO\",\"@id\":\"https:\/\/madecolombia.com\/col\/producto\/tabla-tipo-l\/#primaryimage\",\"url\":\"https:\/\/madecolombia.com\/col\/wp-content\/uploads\/2020\/11\/Tabla-tipo-l.jpg\",\"contentUrl\":\"https:\/\/madecolombia.com\/col\/wp-content\/uploads\/2020\/11\/Tabla-tipo-l.jpg\",\"width\":800,\"height\":533},{\"@type\":\"BreadcrumbList\",\"@id\":\"https:\/\/madecolombia.com\/col\/producto\/tabla-tipo-l\/#breadcrumb\",\"itemListElement\":[{\"@type\":\"ListItem\",\"position\":1,\"name\":\"Inicio\",\"item\":\"https:\/\/madecolombia.com\/col\/\"},{\"@type\":\"ListItem\",\"position\":2,\"name\":\"Shop\",\"item\":\"https:\/\/madecolombia.com\/col\/en\/shop\/\"},{\"@type\":\"ListItem\",\"position\":3,\"name\":\"Tabla tipo L\"}]},{\"@type\":\"WebSite\",\"@id\":\"https:\/\/madecolombia.com\/col\/#website\",\"url\":\"https:\/\/madecolombia.com\/col\/\",\"name\":\"MADECOLOMBIA\",\"description\":\"Maderoterapia corporal y facial, productos de madera 100% colombianos y garantizados entregados a domicilio.\",\"publisher\":{\"@id\":\"https:\/\/madecolombia.com\/col\/#organization\"},\"potentialAction\":[{\"@type\":\"SearchAction\",\"target\":{\"@type\":\"EntryPoint\",\"urlTemplate\":\"https:\/\/madecolombia.com\/col\/?s={search_term_string}\"},\"query-input\":{\"@type\":\"PropertyValueSpecification\",\"valueRequired\":true,\"valueName\":\"search_term_string\"}}],\"inLanguage\":\"es-CO\"},{\"@type\":\"Organization\",\"@id\":\"https:\/\/madecolombia.com\/col\/#organization\",\"name\":\"MADECOLOMBIA\",\"url\":\"https:\/\/madecolombia.com\/col\/\",\"logo\":{\"@type\":\"ImageObject\",\"inLanguage\":\"es-CO\",\"@id\":\"https:\/\/madecolombia.com\/col\/#\/schema\/logo\/image\/\",\"url\":\"https:\/\/madecolombia.com\/col\/wp-content\/uploads\/2020\/10\/logo-madecolombia.png\",\"contentUrl\":\"https:\/\/madecolombia.com\/col\/wp-content\/uploads\/2020\/10\/logo-madecolombia.png\",\"width\":2661,\"height\":516,\"caption\":\"MADECOLOMBIA\"},\"image\":{\"@id\":\"https:\/\/madecolombia.com\/col\/#\/schema\/logo\/image\/\"},\"sameAs\":[\"https:\/\/www.facebook.com\/distribucionmadecolombia\/\"]}]}<\/script>\n<!-- \/ Yoast SEO plugin. -->","yoast_head_json":{"title":"Tabla tipo L | MADECOLOMBIA","description":"Tabla Tipo L, ayuda al traslado de los dep\u00f3sitos de grasa hacia los ganglios linf\u00e1ticos, su dise\u00f1o ergon\u00f3mico se adapta a la perfecci\u00f3n para ser utilizado","robots":{"index":"noindex","follow":"follow"},"og_locale":"es_ES","og_type":"article","og_title":"Tabla tipo L | MADECOLOMBIA","og_description":"Tabla Tipo L, ayuda al traslado de los dep\u00f3sitos de grasa hacia los ganglios linf\u00e1ticos, su dise\u00f1o ergon\u00f3mico se adapta a la perfecci\u00f3n para ser utilizado","og_url":"https:\/\/madecolombia.com\/col\/producto\/tabla-tipo-l\/","og_site_name":"MADECOLOMBIA","article_publisher":"https:\/\/www.facebook.com\/distribucionmadecolombia\/","article_modified_time":"2020-12-10T15:20:02+00:00","og_image":[{"width":800,"height":533,"url":"https:\/\/madecolombia.com\/col\/wp-content\/uploads\/2020\/11\/Tabla-tipo-l.jpg","type":"image\/jpeg"}],"twitter_card":"summary_large_image","schema":{"@context":"https:\/\/schema.org","@graph":[{"@type":"WebPage","@id":"https:\/\/madecolombia.com\/col\/producto\/tabla-tipo-l\/","url":"https:\/\/madecolombia.com\/col\/producto\/tabla-tipo-l\/","name":"Tabla tipo L | MADECOLOMBIA","isPartOf":{"@id":"https:\/\/madecolombia.com\/col\/#website"},"primaryImageOfPage":{"@id":"https:\/\/madecolombia.com\/col\/producto\/tabla-tipo-l\/#primaryimage"},"image":{"@id":"https:\/\/madecolombia.com\/col\/producto\/tabla-tipo-l\/#primaryimage"},"thumbnailUrl":"https:\/\/madecolombia.com\/col\/wp-content\/uploads\/2020\/11\/Tabla-tipo-l.jpg","datePublished":"2020-11-30T06:07:51+00:00","dateModified":"2020-12-10T15:20:02+00:00","description":"Tabla Tipo L, ayuda al traslado de los dep\u00f3sitos de grasa hacia los ganglios linf\u00e1ticos, su dise\u00f1o ergon\u00f3mico se adapta a la perfecci\u00f3n para ser utilizado","breadcrumb":{"@id":"https:\/\/madecolombia.com\/col\/producto\/tabla-tipo-l\/#breadcrumb"},"inLanguage":"es-CO","potentialAction":[{"@type":"ReadAction","target":["https:\/\/madecolombia.com\/col\/producto\/tabla-tipo-l\/"]}]},{"@type":"ImageObject","inLanguage":"es-CO","@id":"https:\/\/madecolombia.com\/col\/producto\/tabla-tipo-l\/#primaryimage","url":"https:\/\/madecolombia.com\/col\/wp-content\/uploads\/2020\/11\/Tabla-tipo-l.jpg","contentUrl":"https:\/\/madecolombia.com\/col\/wp-content\/uploads\/2020\/11\/Tabla-tipo-l.jpg","width":800,"height":533},{"@type":"BreadcrumbList","@id":"https:\/\/madecolombia.com\/col\/producto\/tabla-tipo-l\/#breadcrumb","itemListElement":[{"@type":"ListItem","position":1,"name":"Inicio","item":"https:\/\/madecolombia.com\/col\/"},{"@type":"ListItem","position":2,"name":"Shop","item":"https:\/\/madecolombia.com\/col\/en\/shop\/"},{"@type":"ListItem","position":3,"name":"Tabla tipo L"}]},{"@type":"WebSite","@id":"https:\/\/madecolombia.com\/col\/#website","url":"https:\/\/madecolombia.com\/col\/","name":"MADECOLOMBIA","description":"Maderoterapia corporal y facial, productos de madera 100% colombianos y garantizados entregados a domicilio.","publisher":{"@id":"https:\/\/madecolombia.com\/col\/#organization"},"potentialAction":[{"@type":"SearchAction","target":{"@type":"EntryPoint","urlTemplate":"https:\/\/madecolombia.com\/col\/?s={search_term_string}"},"query-input":{"@type":"PropertyValueSpecification","valueRequired":true,"valueName":"search_term_string"}}],"inLanguage":"es-CO"},{"@type":"Organization","@id":"https:\/\/madecolombia.com\/col\/#organization","name":"MADECOLOMBIA","url":"https:\/\/madecolombia.com\/col\/","logo":{"@type":"ImageObject","inLanguage":"es-CO","@id":"https:\/\/madecolombia.com\/col\/#\/schema\/logo\/image\/","url":"https:\/\/madecolombia.com\/col\/wp-content\/uploads\/2020\/10\/logo-madecolombia.png","contentUrl":"https:\/\/madecolombia.com\/col\/wp-content\/uploads\/2020\/10\/logo-madecolombia.png","width":2661,"height":516,"caption":"MADECOLOMBIA"},"image":{"@id":"https:\/\/madecolombia.com\/col\/#\/schema\/logo\/image\/"},"sameAs":["https:\/\/www.facebook.com\/distribucionmadecolombia\/"]}]}},"_links":{"self":[{"href":"https:\/\/madecolombia.com\/col\/wp-json\/wp\/v2\/product\/574","targetHints":{"allow":["GET"]}}],"collection":[{"href":"https:\/\/madecolombia.com\/col\/wp-json\/wp\/v2\/product"}],"about":[{"href":"https:\/\/madecolombia.com\/col\/wp-json\/wp\/v2\/types\/product"}],"replies":[{"embeddable":true,"href":"https:\/\/madecolombia.com\/col\/wp-json\/wp\/v2\/comments?post=574"}],"wp:featuredmedia":[{"embeddable":true,"href":"https:\/\/madecolombia.com\/col\/wp-json\/wp\/v2\/media\/551"}],"wp:attachment":[{"href":"https:\/\/madecolombia.com\/col\/wp-json\/wp\/v2\/media?parent=574"}],"wp:term":[{"taxonomy":"product_brand","embeddable":true,"href":"https:\/\/madecolombia.com\/col\/wp-json\/wp\/v2\/product_brand?post=574"},{"taxonomy":"product_cat","embeddable":true,"href":"https:\/\/madecolombia.com\/col\/wp-json\/wp\/v2\/product_cat?post=574"},{"taxonomy":"product_tag","embeddable":true,"href":"https:\/\/madecolombia.com\/col\/wp-json\/wp\/v2\/product_tag?post=574"}],"curies":[{"name":"wp","href":"https:\/\/api.w.org\/{rel}","templated":true}]}}