{"id":576,"date":"2020-11-30T01:07:55","date_gmt":"2020-11-30T06:07:55","guid":{"rendered":"https:\/\/madecolombia.com\/col\/product\/champinon-curvo\/"},"modified":"2020-12-10T10:48:01","modified_gmt":"2020-12-10T15:48:01","slug":"champinon-curvo","status":"publish","type":"product","link":"https:\/\/madecolombia.com\/col\/producto\/champinon-curvo\/","title":{"rendered":"Champi\u00f1\u00f3n Curvo"},"content":{"rendered":"<p>Champi\u00f1\u00f3n Curvo, es ideal para masajes suaves que permiten reducir, tonificar y relajar la zona de la espalda y piernas, logrando un equilibrio arm\u00f3nico. Es utilizado tambi\u00e9n en tratamientos de espasmos musculares por ejercicios f\u00edsicos o levantamiento de cosas pesadas. Influye enormemente en el sistema nervioso liberando de carga el sistema \u00f3seo y desatando los ligamentos intervertebrales que se anudan con el exceso de peso y actividades forzosas.<\/p>\n<p>Dimensiones: 12cm alto, 4.5inch high<br \/>\n13cm diametro, 5inch diameter<br \/>\nPeso: 6oz \/0.37 lbs<br \/>\nColor: Light Wood<\/p>\n","protected":false},"excerpt":{"rendered":"<p>Champi\u00f1\u00f3n Curvo, es ideal para masajes suaves que permiten reducir, tonificar y relajar la zona de la espalda y piernas, logrando un equilibrio arm\u00f3nico. Es utilizado tambi\u00e9n en tratamientos de espasmos musculares por ejercicios f\u00edsicos o levantamiento de cosas pesadas. Influye enormemente en el sistema nervioso liberando de carga el sistema \u00f3seo y desatando los &#8230; <a title=\"Champi\u00f1\u00f3n Curvo\" class=\"read-more\" href=\"https:\/\/madecolombia.com\/col\/producto\/champinon-curvo\/\" aria-label=\"Read more about Champi\u00f1\u00f3n Curvo\">Leer m\u00e1s<\/a><\/p>\n","protected":false},"featured_media":512,"comment_status":"closed","ping_status":"closed","template":"","meta":{"inline_featured_image":false},"product_brand":[],"product_cat":[44,38],"product_tag":[],"class_list":{"0":"post-576","1":"product","2":"type-product","3":"status-publish","4":"has-post-thumbnail","6":"product_cat-champinones","7":"product_cat-corporal","9":"first","10":"instock","11":"taxable","12":"shipping-taxable","13":"purchasable","14":"product-type-simple"},"yoast_head":"<!-- This site is optimized with the Yoast SEO plugin v26.0 - https:\/\/yoast.com\/wordpress\/plugins\/seo\/ -->\n<title>Champi\u00f1\u00f3n Curvo | MADECOLOMBIA<\/title>\n<meta name=\"description\" content=\"Champi\u00f1\u00f3n Curvo, es ideal para masajes suaves que permiten reducir, tonificar y relajar la zona de la espalda y piernas, logrando un equilibrio arm\u00f3nico.\" \/>\n<meta name=\"robots\" content=\"noindex, follow\" \/>\n<meta property=\"og:locale\" content=\"es_ES\" \/>\n<meta property=\"og:type\" content=\"article\" \/>\n<meta property=\"og:title\" content=\"Champi\u00f1\u00f3n Curvo | MADECOLOMBIA\" \/>\n<meta property=\"og:description\" content=\"Champi\u00f1\u00f3n Curvo, es ideal para masajes suaves que permiten reducir, tonificar y relajar la zona de la espalda y piernas, logrando un equilibrio arm\u00f3nico.\" \/>\n<meta property=\"og:url\" content=\"https:\/\/madecolombia.com\/col\/producto\/champinon-curvo\/\" \/>\n<meta property=\"og:site_name\" content=\"MADECOLOMBIA\" \/>\n<meta property=\"article:publisher\" content=\"https:\/\/www.facebook.com\/distribucionmadecolombia\/\" \/>\n<meta property=\"article:modified_time\" content=\"2020-12-10T15:48:01+00:00\" \/>\n<meta property=\"og:image\" content=\"https:\/\/madecolombia.com\/col\/wp-content\/uploads\/2020\/11\/Champinon-curvo.jpg\" \/>\n\t<meta property=\"og:image:width\" content=\"800\" \/>\n\t<meta property=\"og:image:height\" content=\"533\" \/>\n\t<meta property=\"og:image:type\" content=\"image\/jpeg\" \/>\n<meta name=\"twitter:card\" content=\"summary_large_image\" \/>\n<script type=\"application\/ld+json\" class=\"yoast-schema-graph\">{\"@context\":\"https:\/\/schema.org\",\"@graph\":[{\"@type\":\"WebPage\",\"@id\":\"https:\/\/madecolombia.com\/col\/producto\/champinon-curvo\/\",\"url\":\"https:\/\/madecolombia.com\/col\/producto\/champinon-curvo\/\",\"name\":\"Champi\u00f1\u00f3n Curvo | MADECOLOMBIA\",\"isPartOf\":{\"@id\":\"https:\/\/madecolombia.com\/col\/#website\"},\"primaryImageOfPage\":{\"@id\":\"https:\/\/madecolombia.com\/col\/producto\/champinon-curvo\/#primaryimage\"},\"image\":{\"@id\":\"https:\/\/madecolombia.com\/col\/producto\/champinon-curvo\/#primaryimage\"},\"thumbnailUrl\":\"https:\/\/madecolombia.com\/col\/wp-content\/uploads\/2020\/11\/Champinon-curvo.jpg\",\"datePublished\":\"2020-11-30T06:07:55+00:00\",\"dateModified\":\"2020-12-10T15:48:01+00:00\",\"description\":\"Champi\u00f1\u00f3n Curvo, es ideal para masajes suaves que permiten reducir, tonificar y relajar la zona de la espalda y piernas, logrando un equilibrio arm\u00f3nico.\",\"breadcrumb\":{\"@id\":\"https:\/\/madecolombia.com\/col\/producto\/champinon-curvo\/#breadcrumb\"},\"inLanguage\":\"es-CO\",\"potentialAction\":[{\"@type\":\"ReadAction\",\"target\":[\"https:\/\/madecolombia.com\/col\/producto\/champinon-curvo\/\"]}]},{\"@type\":\"ImageObject\",\"inLanguage\":\"es-CO\",\"@id\":\"https:\/\/madecolombia.com\/col\/producto\/champinon-curvo\/#primaryimage\",\"url\":\"https:\/\/madecolombia.com\/col\/wp-content\/uploads\/2020\/11\/Champinon-curvo.jpg\",\"contentUrl\":\"https:\/\/madecolombia.com\/col\/wp-content\/uploads\/2020\/11\/Champinon-curvo.jpg\",\"width\":800,\"height\":533},{\"@type\":\"BreadcrumbList\",\"@id\":\"https:\/\/madecolombia.com\/col\/producto\/champinon-curvo\/#breadcrumb\",\"itemListElement\":[{\"@type\":\"ListItem\",\"position\":1,\"name\":\"Inicio\",\"item\":\"https:\/\/madecolombia.com\/col\/\"},{\"@type\":\"ListItem\",\"position\":2,\"name\":\"Shop\",\"item\":\"https:\/\/madecolombia.com\/col\/en\/shop\/\"},{\"@type\":\"ListItem\",\"position\":3,\"name\":\"Champi\u00f1\u00f3n Curvo\"}]},{\"@type\":\"WebSite\",\"@id\":\"https:\/\/madecolombia.com\/col\/#website\",\"url\":\"https:\/\/madecolombia.com\/col\/\",\"name\":\"MADECOLOMBIA\",\"description\":\"Maderoterapia corporal y facial, productos de madera 100% colombianos y garantizados entregados a domicilio.\",\"publisher\":{\"@id\":\"https:\/\/madecolombia.com\/col\/#organization\"},\"potentialAction\":[{\"@type\":\"SearchAction\",\"target\":{\"@type\":\"EntryPoint\",\"urlTemplate\":\"https:\/\/madecolombia.com\/col\/?s={search_term_string}\"},\"query-input\":{\"@type\":\"PropertyValueSpecification\",\"valueRequired\":true,\"valueName\":\"search_term_string\"}}],\"inLanguage\":\"es-CO\"},{\"@type\":\"Organization\",\"@id\":\"https:\/\/madecolombia.com\/col\/#organization\",\"name\":\"MADECOLOMBIA\",\"url\":\"https:\/\/madecolombia.com\/col\/\",\"logo\":{\"@type\":\"ImageObject\",\"inLanguage\":\"es-CO\",\"@id\":\"https:\/\/madecolombia.com\/col\/#\/schema\/logo\/image\/\",\"url\":\"https:\/\/madecolombia.com\/col\/wp-content\/uploads\/2020\/10\/logo-madecolombia.png\",\"contentUrl\":\"https:\/\/madecolombia.com\/col\/wp-content\/uploads\/2020\/10\/logo-madecolombia.png\",\"width\":2661,\"height\":516,\"caption\":\"MADECOLOMBIA\"},\"image\":{\"@id\":\"https:\/\/madecolombia.com\/col\/#\/schema\/logo\/image\/\"},\"sameAs\":[\"https:\/\/www.facebook.com\/distribucionmadecolombia\/\"]}]}<\/script>\n<!-- \/ Yoast SEO plugin. -->","yoast_head_json":{"title":"Champi\u00f1\u00f3n Curvo | MADECOLOMBIA","description":"Champi\u00f1\u00f3n Curvo, es ideal para masajes suaves que permiten reducir, tonificar y relajar la zona de la espalda y piernas, logrando un equilibrio arm\u00f3nico.","robots":{"index":"noindex","follow":"follow"},"og_locale":"es_ES","og_type":"article","og_title":"Champi\u00f1\u00f3n Curvo | MADECOLOMBIA","og_description":"Champi\u00f1\u00f3n Curvo, es ideal para masajes suaves que permiten reducir, tonificar y relajar la zona de la espalda y piernas, logrando un equilibrio arm\u00f3nico.","og_url":"https:\/\/madecolombia.com\/col\/producto\/champinon-curvo\/","og_site_name":"MADECOLOMBIA","article_publisher":"https:\/\/www.facebook.com\/distribucionmadecolombia\/","article_modified_time":"2020-12-10T15:48:01+00:00","og_image":[{"width":800,"height":533,"url":"https:\/\/madecolombia.com\/col\/wp-content\/uploads\/2020\/11\/Champinon-curvo.jpg","type":"image\/jpeg"}],"twitter_card":"summary_large_image","schema":{"@context":"https:\/\/schema.org","@graph":[{"@type":"WebPage","@id":"https:\/\/madecolombia.com\/col\/producto\/champinon-curvo\/","url":"https:\/\/madecolombia.com\/col\/producto\/champinon-curvo\/","name":"Champi\u00f1\u00f3n Curvo | MADECOLOMBIA","isPartOf":{"@id":"https:\/\/madecolombia.com\/col\/#website"},"primaryImageOfPage":{"@id":"https:\/\/madecolombia.com\/col\/producto\/champinon-curvo\/#primaryimage"},"image":{"@id":"https:\/\/madecolombia.com\/col\/producto\/champinon-curvo\/#primaryimage"},"thumbnailUrl":"https:\/\/madecolombia.com\/col\/wp-content\/uploads\/2020\/11\/Champinon-curvo.jpg","datePublished":"2020-11-30T06:07:55+00:00","dateModified":"2020-12-10T15:48:01+00:00","description":"Champi\u00f1\u00f3n Curvo, es ideal para masajes suaves que permiten reducir, tonificar y relajar la zona de la espalda y piernas, logrando un equilibrio arm\u00f3nico.","breadcrumb":{"@id":"https:\/\/madecolombia.com\/col\/producto\/champinon-curvo\/#breadcrumb"},"inLanguage":"es-CO","potentialAction":[{"@type":"ReadAction","target":["https:\/\/madecolombia.com\/col\/producto\/champinon-curvo\/"]}]},{"@type":"ImageObject","inLanguage":"es-CO","@id":"https:\/\/madecolombia.com\/col\/producto\/champinon-curvo\/#primaryimage","url":"https:\/\/madecolombia.com\/col\/wp-content\/uploads\/2020\/11\/Champinon-curvo.jpg","contentUrl":"https:\/\/madecolombia.com\/col\/wp-content\/uploads\/2020\/11\/Champinon-curvo.jpg","width":800,"height":533},{"@type":"BreadcrumbList","@id":"https:\/\/madecolombia.com\/col\/producto\/champinon-curvo\/#breadcrumb","itemListElement":[{"@type":"ListItem","position":1,"name":"Inicio","item":"https:\/\/madecolombia.com\/col\/"},{"@type":"ListItem","position":2,"name":"Shop","item":"https:\/\/madecolombia.com\/col\/en\/shop\/"},{"@type":"ListItem","position":3,"name":"Champi\u00f1\u00f3n Curvo"}]},{"@type":"WebSite","@id":"https:\/\/madecolombia.com\/col\/#website","url":"https:\/\/madecolombia.com\/col\/","name":"MADECOLOMBIA","description":"Maderoterapia corporal y facial, productos de madera 100% colombianos y garantizados entregados a domicilio.","publisher":{"@id":"https:\/\/madecolombia.com\/col\/#organization"},"potentialAction":[{"@type":"SearchAction","target":{"@type":"EntryPoint","urlTemplate":"https:\/\/madecolombia.com\/col\/?s={search_term_string}"},"query-input":{"@type":"PropertyValueSpecification","valueRequired":true,"valueName":"search_term_string"}}],"inLanguage":"es-CO"},{"@type":"Organization","@id":"https:\/\/madecolombia.com\/col\/#organization","name":"MADECOLOMBIA","url":"https:\/\/madecolombia.com\/col\/","logo":{"@type":"ImageObject","inLanguage":"es-CO","@id":"https:\/\/madecolombia.com\/col\/#\/schema\/logo\/image\/","url":"https:\/\/madecolombia.com\/col\/wp-content\/uploads\/2020\/10\/logo-madecolombia.png","contentUrl":"https:\/\/madecolombia.com\/col\/wp-content\/uploads\/2020\/10\/logo-madecolombia.png","width":2661,"height":516,"caption":"MADECOLOMBIA"},"image":{"@id":"https:\/\/madecolombia.com\/col\/#\/schema\/logo\/image\/"},"sameAs":["https:\/\/www.facebook.com\/distribucionmadecolombia\/"]}]}},"_links":{"self":[{"href":"https:\/\/madecolombia.com\/col\/wp-json\/wp\/v2\/product\/576","targetHints":{"allow":["GET"]}}],"collection":[{"href":"https:\/\/madecolombia.com\/col\/wp-json\/wp\/v2\/product"}],"about":[{"href":"https:\/\/madecolombia.com\/col\/wp-json\/wp\/v2\/types\/product"}],"replies":[{"embeddable":true,"href":"https:\/\/madecolombia.com\/col\/wp-json\/wp\/v2\/comments?post=576"}],"wp:featuredmedia":[{"embeddable":true,"href":"https:\/\/madecolombia.com\/col\/wp-json\/wp\/v2\/media\/512"}],"wp:attachment":[{"href":"https:\/\/madecolombia.com\/col\/wp-json\/wp\/v2\/media?parent=576"}],"wp:term":[{"taxonomy":"product_brand","embeddable":true,"href":"https:\/\/madecolombia.com\/col\/wp-json\/wp\/v2\/product_brand?post=576"},{"taxonomy":"product_cat","embeddable":true,"href":"https:\/\/madecolombia.com\/col\/wp-json\/wp\/v2\/product_cat?post=576"},{"taxonomy":"product_tag","embeddable":true,"href":"https:\/\/madecolombia.com\/col\/wp-json\/wp\/v2\/product_tag?post=576"}],"curies":[{"name":"wp","href":"https:\/\/api.w.org\/{rel}","templated":true}]}}