{"id":579,"date":"2020-11-30T01:07:55","date_gmt":"2020-11-30T06:07:55","guid":{"rendered":"https:\/\/madecolombia.com\/col\/product\/pulpo-masajeador-pequeno\/"},"modified":"2024-01-04T11:42:29","modified_gmt":"2024-01-04T16:42:29","slug":"pulpo-masajeador-pequeno","status":"publish","type":"product","link":"https:\/\/madecolombia.com\/col\/producto\/pulpo-masajeador-pequeno\/","title":{"rendered":"Pulpo  Masajeador Peque\u00f1o"},"content":{"rendered":"<p>Pulpo Peque\u00f1o, idela para masajes suaves que permiten reducir, tonificar y relajar la zona de la espalda y el t\u00f3rax. Es utilizado tambi\u00e9n en tratamientos de espasmos por ejercicios f\u00edsicos o levantamiento de cosas pesadas y proporcionando una mejor agilidad muscular, una mayor y vigorosa vitalidad en todo el organismo, brinda una sensaci\u00f3n de relajaci\u00f3n y tranquilidad. <\/p>\n<p>Dimensiones: 9cm alto \/3.5inch high<br \/>\nPeso: 3oz \/ 0.18 lbs<br \/>\nColor: Light Wood<\/p>\n","protected":false},"excerpt":{"rendered":"<p>Pulpo Peque\u00f1o, idela para masajes suaves que permiten reducir, tonificar y relajar la zona de la espalda y el t\u00f3rax. Es utilizado tambi\u00e9n en tratamientos de espasmos por ejercicios f\u00edsicos o levantamiento de cosas pesadas y proporcionando una mejor agilidad muscular, una mayor y vigorosa vitalidad en todo el organismo, brinda una sensaci\u00f3n de relajaci\u00f3n &#8230; <a title=\"Pulpo  Masajeador Peque\u00f1o\" class=\"read-more\" href=\"https:\/\/madecolombia.com\/col\/producto\/pulpo-masajeador-pequeno\/\" aria-label=\"Read more about Pulpo  Masajeador Peque\u00f1o\">Leer m\u00e1s<\/a><\/p>\n","protected":false},"featured_media":536,"comment_status":"closed","ping_status":"closed","template":"","meta":{"inline_featured_image":false},"product_brand":[],"product_cat":[38,45],"product_tag":[],"class_list":{"0":"post-579","1":"product","2":"type-product","3":"status-publish","4":"has-post-thumbnail","6":"product_cat-corporal","7":"product_cat-varios","9":"first","10":"outofstock","11":"taxable","12":"shipping-taxable","13":"purchasable","14":"product-type-simple"},"yoast_head":"<!-- This site is optimized with the Yoast SEO plugin v26.0 - https:\/\/yoast.com\/wordpress\/plugins\/seo\/ -->\n<title>Pulpo Masajeador Peque\u00f1o | MADECOLOMBIA<\/title>\n<meta name=\"description\" content=\"Pulpo Peque\u00f1o, idela para masajes suaves que permiten reducir, tonificar y relajar la zona de la espalda y el t\u00f3rax. Es utilizado tambi\u00e9n en tratamientos\" \/>\n<meta name=\"robots\" content=\"noindex, follow\" \/>\n<meta property=\"og:locale\" content=\"es_ES\" \/>\n<meta property=\"og:type\" content=\"article\" \/>\n<meta property=\"og:title\" content=\"Pulpo Masajeador Peque\u00f1o | MADECOLOMBIA\" \/>\n<meta property=\"og:description\" content=\"Pulpo Peque\u00f1o, idela para masajes suaves que permiten reducir, tonificar y relajar la zona de la espalda y el t\u00f3rax. Es utilizado tambi\u00e9n en tratamientos\" \/>\n<meta property=\"og:url\" content=\"https:\/\/madecolombia.com\/col\/producto\/pulpo-masajeador-pequeno\/\" \/>\n<meta property=\"og:site_name\" content=\"MADECOLOMBIA\" \/>\n<meta property=\"article:publisher\" content=\"https:\/\/www.facebook.com\/distribucionmadecolombia\/\" \/>\n<meta property=\"article:modified_time\" content=\"2024-01-04T16:42:29+00:00\" \/>\n<meta property=\"og:image\" content=\"https:\/\/madecolombia.com\/col\/wp-content\/uploads\/2020\/11\/Pulpo.jpg\" \/>\n\t<meta property=\"og:image:width\" content=\"800\" \/>\n\t<meta property=\"og:image:height\" content=\"533\" \/>\n\t<meta property=\"og:image:type\" content=\"image\/jpeg\" \/>\n<meta name=\"twitter:card\" content=\"summary_large_image\" \/>\n<script type=\"application\/ld+json\" class=\"yoast-schema-graph\">{\"@context\":\"https:\/\/schema.org\",\"@graph\":[{\"@type\":\"WebPage\",\"@id\":\"https:\/\/madecolombia.com\/col\/producto\/pulpo-masajeador-pequeno\/\",\"url\":\"https:\/\/madecolombia.com\/col\/producto\/pulpo-masajeador-pequeno\/\",\"name\":\"Pulpo Masajeador Peque\u00f1o | MADECOLOMBIA\",\"isPartOf\":{\"@id\":\"https:\/\/madecolombia.com\/col\/#website\"},\"primaryImageOfPage\":{\"@id\":\"https:\/\/madecolombia.com\/col\/producto\/pulpo-masajeador-pequeno\/#primaryimage\"},\"image\":{\"@id\":\"https:\/\/madecolombia.com\/col\/producto\/pulpo-masajeador-pequeno\/#primaryimage\"},\"thumbnailUrl\":\"https:\/\/madecolombia.com\/col\/wp-content\/uploads\/2020\/11\/Pulpo.jpg\",\"datePublished\":\"2020-11-30T06:07:55+00:00\",\"dateModified\":\"2024-01-04T16:42:29+00:00\",\"description\":\"Pulpo Peque\u00f1o, idela para masajes suaves que permiten reducir, tonificar y relajar la zona de la espalda y el t\u00f3rax. Es utilizado tambi\u00e9n en tratamientos\",\"breadcrumb\":{\"@id\":\"https:\/\/madecolombia.com\/col\/producto\/pulpo-masajeador-pequeno\/#breadcrumb\"},\"inLanguage\":\"es-CO\",\"potentialAction\":[{\"@type\":\"ReadAction\",\"target\":[\"https:\/\/madecolombia.com\/col\/producto\/pulpo-masajeador-pequeno\/\"]}]},{\"@type\":\"ImageObject\",\"inLanguage\":\"es-CO\",\"@id\":\"https:\/\/madecolombia.com\/col\/producto\/pulpo-masajeador-pequeno\/#primaryimage\",\"url\":\"https:\/\/madecolombia.com\/col\/wp-content\/uploads\/2020\/11\/Pulpo.jpg\",\"contentUrl\":\"https:\/\/madecolombia.com\/col\/wp-content\/uploads\/2020\/11\/Pulpo.jpg\",\"width\":800,\"height\":533},{\"@type\":\"BreadcrumbList\",\"@id\":\"https:\/\/madecolombia.com\/col\/producto\/pulpo-masajeador-pequeno\/#breadcrumb\",\"itemListElement\":[{\"@type\":\"ListItem\",\"position\":1,\"name\":\"Inicio\",\"item\":\"https:\/\/madecolombia.com\/col\/\"},{\"@type\":\"ListItem\",\"position\":2,\"name\":\"Shop\",\"item\":\"https:\/\/madecolombia.com\/col\/en\/shop\/\"},{\"@type\":\"ListItem\",\"position\":3,\"name\":\"Pulpo Masajeador Peque\u00f1o\"}]},{\"@type\":\"WebSite\",\"@id\":\"https:\/\/madecolombia.com\/col\/#website\",\"url\":\"https:\/\/madecolombia.com\/col\/\",\"name\":\"MADECOLOMBIA\",\"description\":\"Maderoterapia corporal y facial, productos de madera 100% colombianos y garantizados entregados a domicilio.\",\"publisher\":{\"@id\":\"https:\/\/madecolombia.com\/col\/#organization\"},\"potentialAction\":[{\"@type\":\"SearchAction\",\"target\":{\"@type\":\"EntryPoint\",\"urlTemplate\":\"https:\/\/madecolombia.com\/col\/?s={search_term_string}\"},\"query-input\":{\"@type\":\"PropertyValueSpecification\",\"valueRequired\":true,\"valueName\":\"search_term_string\"}}],\"inLanguage\":\"es-CO\"},{\"@type\":\"Organization\",\"@id\":\"https:\/\/madecolombia.com\/col\/#organization\",\"name\":\"MADECOLOMBIA\",\"url\":\"https:\/\/madecolombia.com\/col\/\",\"logo\":{\"@type\":\"ImageObject\",\"inLanguage\":\"es-CO\",\"@id\":\"https:\/\/madecolombia.com\/col\/#\/schema\/logo\/image\/\",\"url\":\"https:\/\/madecolombia.com\/col\/wp-content\/uploads\/2020\/10\/logo-madecolombia.png\",\"contentUrl\":\"https:\/\/madecolombia.com\/col\/wp-content\/uploads\/2020\/10\/logo-madecolombia.png\",\"width\":2661,\"height\":516,\"caption\":\"MADECOLOMBIA\"},\"image\":{\"@id\":\"https:\/\/madecolombia.com\/col\/#\/schema\/logo\/image\/\"},\"sameAs\":[\"https:\/\/www.facebook.com\/distribucionmadecolombia\/\"]}]}<\/script>\n<!-- \/ Yoast SEO plugin. -->","yoast_head_json":{"title":"Pulpo Masajeador Peque\u00f1o | MADECOLOMBIA","description":"Pulpo Peque\u00f1o, idela para masajes suaves que permiten reducir, tonificar y relajar la zona de la espalda y el t\u00f3rax. Es utilizado tambi\u00e9n en tratamientos","robots":{"index":"noindex","follow":"follow"},"og_locale":"es_ES","og_type":"article","og_title":"Pulpo Masajeador Peque\u00f1o | MADECOLOMBIA","og_description":"Pulpo Peque\u00f1o, idela para masajes suaves que permiten reducir, tonificar y relajar la zona de la espalda y el t\u00f3rax. Es utilizado tambi\u00e9n en tratamientos","og_url":"https:\/\/madecolombia.com\/col\/producto\/pulpo-masajeador-pequeno\/","og_site_name":"MADECOLOMBIA","article_publisher":"https:\/\/www.facebook.com\/distribucionmadecolombia\/","article_modified_time":"2024-01-04T16:42:29+00:00","og_image":[{"width":800,"height":533,"url":"https:\/\/madecolombia.com\/col\/wp-content\/uploads\/2020\/11\/Pulpo.jpg","type":"image\/jpeg"}],"twitter_card":"summary_large_image","schema":{"@context":"https:\/\/schema.org","@graph":[{"@type":"WebPage","@id":"https:\/\/madecolombia.com\/col\/producto\/pulpo-masajeador-pequeno\/","url":"https:\/\/madecolombia.com\/col\/producto\/pulpo-masajeador-pequeno\/","name":"Pulpo Masajeador Peque\u00f1o | MADECOLOMBIA","isPartOf":{"@id":"https:\/\/madecolombia.com\/col\/#website"},"primaryImageOfPage":{"@id":"https:\/\/madecolombia.com\/col\/producto\/pulpo-masajeador-pequeno\/#primaryimage"},"image":{"@id":"https:\/\/madecolombia.com\/col\/producto\/pulpo-masajeador-pequeno\/#primaryimage"},"thumbnailUrl":"https:\/\/madecolombia.com\/col\/wp-content\/uploads\/2020\/11\/Pulpo.jpg","datePublished":"2020-11-30T06:07:55+00:00","dateModified":"2024-01-04T16:42:29+00:00","description":"Pulpo Peque\u00f1o, idela para masajes suaves que permiten reducir, tonificar y relajar la zona de la espalda y el t\u00f3rax. Es utilizado tambi\u00e9n en tratamientos","breadcrumb":{"@id":"https:\/\/madecolombia.com\/col\/producto\/pulpo-masajeador-pequeno\/#breadcrumb"},"inLanguage":"es-CO","potentialAction":[{"@type":"ReadAction","target":["https:\/\/madecolombia.com\/col\/producto\/pulpo-masajeador-pequeno\/"]}]},{"@type":"ImageObject","inLanguage":"es-CO","@id":"https:\/\/madecolombia.com\/col\/producto\/pulpo-masajeador-pequeno\/#primaryimage","url":"https:\/\/madecolombia.com\/col\/wp-content\/uploads\/2020\/11\/Pulpo.jpg","contentUrl":"https:\/\/madecolombia.com\/col\/wp-content\/uploads\/2020\/11\/Pulpo.jpg","width":800,"height":533},{"@type":"BreadcrumbList","@id":"https:\/\/madecolombia.com\/col\/producto\/pulpo-masajeador-pequeno\/#breadcrumb","itemListElement":[{"@type":"ListItem","position":1,"name":"Inicio","item":"https:\/\/madecolombia.com\/col\/"},{"@type":"ListItem","position":2,"name":"Shop","item":"https:\/\/madecolombia.com\/col\/en\/shop\/"},{"@type":"ListItem","position":3,"name":"Pulpo Masajeador Peque\u00f1o"}]},{"@type":"WebSite","@id":"https:\/\/madecolombia.com\/col\/#website","url":"https:\/\/madecolombia.com\/col\/","name":"MADECOLOMBIA","description":"Maderoterapia corporal y facial, productos de madera 100% colombianos y garantizados entregados a domicilio.","publisher":{"@id":"https:\/\/madecolombia.com\/col\/#organization"},"potentialAction":[{"@type":"SearchAction","target":{"@type":"EntryPoint","urlTemplate":"https:\/\/madecolombia.com\/col\/?s={search_term_string}"},"query-input":{"@type":"PropertyValueSpecification","valueRequired":true,"valueName":"search_term_string"}}],"inLanguage":"es-CO"},{"@type":"Organization","@id":"https:\/\/madecolombia.com\/col\/#organization","name":"MADECOLOMBIA","url":"https:\/\/madecolombia.com\/col\/","logo":{"@type":"ImageObject","inLanguage":"es-CO","@id":"https:\/\/madecolombia.com\/col\/#\/schema\/logo\/image\/","url":"https:\/\/madecolombia.com\/col\/wp-content\/uploads\/2020\/10\/logo-madecolombia.png","contentUrl":"https:\/\/madecolombia.com\/col\/wp-content\/uploads\/2020\/10\/logo-madecolombia.png","width":2661,"height":516,"caption":"MADECOLOMBIA"},"image":{"@id":"https:\/\/madecolombia.com\/col\/#\/schema\/logo\/image\/"},"sameAs":["https:\/\/www.facebook.com\/distribucionmadecolombia\/"]}]}},"_links":{"self":[{"href":"https:\/\/madecolombia.com\/col\/wp-json\/wp\/v2\/product\/579","targetHints":{"allow":["GET"]}}],"collection":[{"href":"https:\/\/madecolombia.com\/col\/wp-json\/wp\/v2\/product"}],"about":[{"href":"https:\/\/madecolombia.com\/col\/wp-json\/wp\/v2\/types\/product"}],"replies":[{"embeddable":true,"href":"https:\/\/madecolombia.com\/col\/wp-json\/wp\/v2\/comments?post=579"}],"wp:featuredmedia":[{"embeddable":true,"href":"https:\/\/madecolombia.com\/col\/wp-json\/wp\/v2\/media\/536"}],"wp:attachment":[{"href":"https:\/\/madecolombia.com\/col\/wp-json\/wp\/v2\/media?parent=579"}],"wp:term":[{"taxonomy":"product_brand","embeddable":true,"href":"https:\/\/madecolombia.com\/col\/wp-json\/wp\/v2\/product_brand?post=579"},{"taxonomy":"product_cat","embeddable":true,"href":"https:\/\/madecolombia.com\/col\/wp-json\/wp\/v2\/product_cat?post=579"},{"taxonomy":"product_tag","embeddable":true,"href":"https:\/\/madecolombia.com\/col\/wp-json\/wp\/v2\/product_tag?post=579"}],"curies":[{"name":"wp","href":"https:\/\/api.w.org\/{rel}","templated":true}]}}