{"id":568,"date":"2020-11-30T01:07:51","date_gmt":"2020-11-30T06:07:51","guid":{"rendered":"https:\/\/madecolombia.com\/eeuu\/product\/copa-sueca-pequena\/"},"modified":"2020-12-21T16:08:00","modified_gmt":"2020-12-21T21:08:00","slug":"copa-sueca-pequena","status":"publish","type":"product","link":"https:\/\/madecolombia.com\/eeuu\/product\/copa-sueca-pequena\/","title":{"rendered":"Copa Sueca Peque\u00f1a"},"content":{"rendered":"<p>Copa Sueca Peque\u00f1a se utiliza para reducir la adiposidad que se encuentra en zonas de menores proporcines como brazos, laterales o cpara cuerpos on menor adiposidad, con esta copa se genera un efecto de terapia tipo vacuum, con movimientos que ayudan a transladar la acumulaci\u00f3n de liquidos y grasas hacia los ganglios. Tambi\u00e9n remueve el exceso de l\u00edquidos, recupera el aspecto de la piel haciendola lucir m\u00e1s joven. Es una pieza ideal que influye sobre el drenaje linf\u00e1tico, haciendo que sea m\u00e1s rapida la perdida de l\u00edquidos y grasas no deseadas localizadas en peque\u00f1as zonas del cuerpo.<\/p>\n<p>Dimensiones: 15cm alto, 6inch high<br \/>\n7cm diametro, 3inch diameter<br \/>\nPeso: 5oz \/0.31 lbs<br \/>\nColor: Light Wood<\/p>\n","protected":false},"excerpt":{"rendered":"<p>Copa Sueca Peque\u00f1a se utiliza para reducir la adiposidad que se encuentra en zonas de menores proporcines como brazos, laterales o cpara cuerpos on menor adiposidad, con esta copa se genera un efecto de terapia tipo vacuum, con movimientos que ayudan a transladar la acumulaci\u00f3n de liquidos y grasas hacia los ganglios. Tambi\u00e9n remueve el &#8230; <a title=\"Copa Sueca Peque\u00f1a\" class=\"read-more\" href=\"https:\/\/madecolombia.com\/eeuu\/product\/copa-sueca-pequena\/\" aria-label=\"Read more about Copa Sueca Peque\u00f1a\">Read more<\/a><\/p>\n","protected":false},"featured_media":518,"comment_status":"closed","ping_status":"closed","template":"","meta":{"inline_featured_image":false},"product_brand":[],"product_cat":[40,38],"product_tag":[],"class_list":{"0":"post-568","1":"product","2":"type-product","3":"status-publish","4":"has-post-thumbnail","6":"product_cat-copas","7":"product_cat-corporal","9":"first","10":"instock","11":"purchasable","12":"product-type-simple"},"yoast_head":"<!-- This site is optimized with the Yoast SEO plugin v26.0 - https:\/\/yoast.com\/wordpress\/plugins\/seo\/ -->\n<title>Copa Sueca Peque\u00f1a | MADECOLOMBIA<\/title>\n<meta name=\"description\" content=\"Copa Sueca Peque\u00f1a se utiliza para reducir la adiposidad que se encuentra en zonas de menores proporcines como brazos, laterales o cpara cuerpos on menor\" \/>\n<meta name=\"robots\" content=\"noindex, follow\" \/>\n<meta property=\"og:locale\" content=\"en_US\" \/>\n<meta property=\"og:type\" content=\"article\" \/>\n<meta property=\"og:title\" content=\"Copa Sueca Peque\u00f1a | MADECOLOMBIA\" \/>\n<meta property=\"og:description\" content=\"Copa Sueca Peque\u00f1a se utiliza para reducir la adiposidad que se encuentra en zonas de menores proporcines como brazos, laterales o cpara cuerpos on menor\" \/>\n<meta property=\"og:url\" content=\"https:\/\/madecolombia.com\/eeuu\/product\/copa-sueca-pequena\/\" \/>\n<meta property=\"og:site_name\" content=\"MADECOLOMBIA\" \/>\n<meta property=\"article:publisher\" content=\"https:\/\/www.facebook.com\/distribucionmadecolombia\/\" \/>\n<meta property=\"article:modified_time\" content=\"2020-12-21T21:08:00+00:00\" \/>\n<meta property=\"og:image\" content=\"https:\/\/madecolombia.com\/eeuu\/wp-content\/uploads\/2020\/11\/Copa-sueca-pequena.jpg\" \/>\n\t<meta property=\"og:image:width\" content=\"800\" \/>\n\t<meta property=\"og:image:height\" content=\"533\" \/>\n\t<meta property=\"og:image:type\" content=\"image\/jpeg\" \/>\n<meta name=\"twitter:card\" content=\"summary_large_image\" \/>\n<meta name=\"twitter:label1\" content=\"Est. reading time\" \/>\n\t<meta name=\"twitter:data1\" content=\"1 minute\" \/>\n<script type=\"application\/ld+json\" class=\"yoast-schema-graph\">{\"@context\":\"https:\/\/schema.org\",\"@graph\":[{\"@type\":\"WebPage\",\"@id\":\"https:\/\/madecolombia.com\/eeuu\/product\/copa-sueca-pequena\/\",\"url\":\"https:\/\/madecolombia.com\/eeuu\/product\/copa-sueca-pequena\/\",\"name\":\"Copa Sueca Peque\u00f1a | MADECOLOMBIA\",\"isPartOf\":{\"@id\":\"https:\/\/madecolombia.com\/eeuu\/#website\"},\"primaryImageOfPage\":{\"@id\":\"https:\/\/madecolombia.com\/eeuu\/product\/copa-sueca-pequena\/#primaryimage\"},\"image\":{\"@id\":\"https:\/\/madecolombia.com\/eeuu\/product\/copa-sueca-pequena\/#primaryimage\"},\"thumbnailUrl\":\"https:\/\/madecolombia.com\/eeuu\/wp-content\/uploads\/2020\/11\/Copa-sueca-pequena.jpg\",\"datePublished\":\"2020-11-30T06:07:51+00:00\",\"dateModified\":\"2020-12-21T21:08:00+00:00\",\"description\":\"Copa Sueca Peque\u00f1a se utiliza para reducir la adiposidad que se encuentra en zonas de menores proporcines como brazos, laterales o cpara cuerpos on menor\",\"breadcrumb\":{\"@id\":\"https:\/\/madecolombia.com\/eeuu\/product\/copa-sueca-pequena\/#breadcrumb\"},\"inLanguage\":\"en-US\",\"potentialAction\":[{\"@type\":\"ReadAction\",\"target\":[\"https:\/\/madecolombia.com\/eeuu\/product\/copa-sueca-pequena\/\"]}]},{\"@type\":\"ImageObject\",\"inLanguage\":\"en-US\",\"@id\":\"https:\/\/madecolombia.com\/eeuu\/product\/copa-sueca-pequena\/#primaryimage\",\"url\":\"https:\/\/madecolombia.com\/eeuu\/wp-content\/uploads\/2020\/11\/Copa-sueca-pequena.jpg\",\"contentUrl\":\"https:\/\/madecolombia.com\/eeuu\/wp-content\/uploads\/2020\/11\/Copa-sueca-pequena.jpg\",\"width\":800,\"height\":533},{\"@type\":\"BreadcrumbList\",\"@id\":\"https:\/\/madecolombia.com\/eeuu\/product\/copa-sueca-pequena\/#breadcrumb\",\"itemListElement\":[{\"@type\":\"ListItem\",\"position\":1,\"name\":\"Home\",\"item\":\"https:\/\/madecolombia.com\/eeuu\/en\/100-colombian-wood-therapy\/\"},{\"@type\":\"ListItem\",\"position\":2,\"name\":\"Shop\",\"item\":\"https:\/\/madecolombia.com\/eeuu\/en\/shop\/\"},{\"@type\":\"ListItem\",\"position\":3,\"name\":\"Copa Sueca Peque\u00f1a\"}]},{\"@type\":\"WebSite\",\"@id\":\"https:\/\/madecolombia.com\/eeuu\/#website\",\"url\":\"https:\/\/madecolombia.com\/eeuu\/\",\"name\":\"MADECOLOMBIA\",\"description\":\"Maderoterapia corporal y facial, productos de madera 100% colombianos y garantizados entregados a domicilio.\",\"publisher\":{\"@id\":\"https:\/\/madecolombia.com\/eeuu\/#organization\"},\"potentialAction\":[{\"@type\":\"SearchAction\",\"target\":{\"@type\":\"EntryPoint\",\"urlTemplate\":\"https:\/\/madecolombia.com\/eeuu\/?s={search_term_string}\"},\"query-input\":{\"@type\":\"PropertyValueSpecification\",\"valueRequired\":true,\"valueName\":\"search_term_string\"}}],\"inLanguage\":\"en-US\"},{\"@type\":\"Organization\",\"@id\":\"https:\/\/madecolombia.com\/eeuu\/#organization\",\"name\":\"MADECOLOMBIA\",\"url\":\"https:\/\/madecolombia.com\/eeuu\/\",\"logo\":{\"@type\":\"ImageObject\",\"inLanguage\":\"en-US\",\"@id\":\"https:\/\/madecolombia.com\/eeuu\/#\/schema\/logo\/image\/\",\"url\":\"https:\/\/madecolombia.com\/eeuu\/wp-content\/uploads\/2020\/10\/logo-madecolombia.png\",\"contentUrl\":\"https:\/\/madecolombia.com\/eeuu\/wp-content\/uploads\/2020\/10\/logo-madecolombia.png\",\"width\":2661,\"height\":516,\"caption\":\"MADECOLOMBIA\"},\"image\":{\"@id\":\"https:\/\/madecolombia.com\/eeuu\/#\/schema\/logo\/image\/\"},\"sameAs\":[\"https:\/\/www.facebook.com\/distribucionmadecolombia\/\"]}]}<\/script>\n<!-- \/ Yoast SEO plugin. -->","yoast_head_json":{"title":"Copa Sueca Peque\u00f1a | MADECOLOMBIA","description":"Copa Sueca Peque\u00f1a se utiliza para reducir la adiposidad que se encuentra en zonas de menores proporcines como brazos, laterales o cpara cuerpos on menor","robots":{"index":"noindex","follow":"follow"},"og_locale":"en_US","og_type":"article","og_title":"Copa Sueca Peque\u00f1a | MADECOLOMBIA","og_description":"Copa Sueca Peque\u00f1a se utiliza para reducir la adiposidad que se encuentra en zonas de menores proporcines como brazos, laterales o cpara cuerpos on menor","og_url":"https:\/\/madecolombia.com\/eeuu\/product\/copa-sueca-pequena\/","og_site_name":"MADECOLOMBIA","article_publisher":"https:\/\/www.facebook.com\/distribucionmadecolombia\/","article_modified_time":"2020-12-21T21:08:00+00:00","og_image":[{"width":800,"height":533,"url":"https:\/\/madecolombia.com\/eeuu\/wp-content\/uploads\/2020\/11\/Copa-sueca-pequena.jpg","type":"image\/jpeg"}],"twitter_card":"summary_large_image","twitter_misc":{"Est. reading time":"1 minute"},"schema":{"@context":"https:\/\/schema.org","@graph":[{"@type":"WebPage","@id":"https:\/\/madecolombia.com\/eeuu\/product\/copa-sueca-pequena\/","url":"https:\/\/madecolombia.com\/eeuu\/product\/copa-sueca-pequena\/","name":"Copa Sueca Peque\u00f1a | MADECOLOMBIA","isPartOf":{"@id":"https:\/\/madecolombia.com\/eeuu\/#website"},"primaryImageOfPage":{"@id":"https:\/\/madecolombia.com\/eeuu\/product\/copa-sueca-pequena\/#primaryimage"},"image":{"@id":"https:\/\/madecolombia.com\/eeuu\/product\/copa-sueca-pequena\/#primaryimage"},"thumbnailUrl":"https:\/\/madecolombia.com\/eeuu\/wp-content\/uploads\/2020\/11\/Copa-sueca-pequena.jpg","datePublished":"2020-11-30T06:07:51+00:00","dateModified":"2020-12-21T21:08:00+00:00","description":"Copa Sueca Peque\u00f1a se utiliza para reducir la adiposidad que se encuentra en zonas de menores proporcines como brazos, laterales o cpara cuerpos on menor","breadcrumb":{"@id":"https:\/\/madecolombia.com\/eeuu\/product\/copa-sueca-pequena\/#breadcrumb"},"inLanguage":"en-US","potentialAction":[{"@type":"ReadAction","target":["https:\/\/madecolombia.com\/eeuu\/product\/copa-sueca-pequena\/"]}]},{"@type":"ImageObject","inLanguage":"en-US","@id":"https:\/\/madecolombia.com\/eeuu\/product\/copa-sueca-pequena\/#primaryimage","url":"https:\/\/madecolombia.com\/eeuu\/wp-content\/uploads\/2020\/11\/Copa-sueca-pequena.jpg","contentUrl":"https:\/\/madecolombia.com\/eeuu\/wp-content\/uploads\/2020\/11\/Copa-sueca-pequena.jpg","width":800,"height":533},{"@type":"BreadcrumbList","@id":"https:\/\/madecolombia.com\/eeuu\/product\/copa-sueca-pequena\/#breadcrumb","itemListElement":[{"@type":"ListItem","position":1,"name":"Home","item":"https:\/\/madecolombia.com\/eeuu\/en\/100-colombian-wood-therapy\/"},{"@type":"ListItem","position":2,"name":"Shop","item":"https:\/\/madecolombia.com\/eeuu\/en\/shop\/"},{"@type":"ListItem","position":3,"name":"Copa Sueca Peque\u00f1a"}]},{"@type":"WebSite","@id":"https:\/\/madecolombia.com\/eeuu\/#website","url":"https:\/\/madecolombia.com\/eeuu\/","name":"MADECOLOMBIA","description":"Maderoterapia corporal y facial, productos de madera 100% colombianos y garantizados entregados a domicilio.","publisher":{"@id":"https:\/\/madecolombia.com\/eeuu\/#organization"},"potentialAction":[{"@type":"SearchAction","target":{"@type":"EntryPoint","urlTemplate":"https:\/\/madecolombia.com\/eeuu\/?s={search_term_string}"},"query-input":{"@type":"PropertyValueSpecification","valueRequired":true,"valueName":"search_term_string"}}],"inLanguage":"en-US"},{"@type":"Organization","@id":"https:\/\/madecolombia.com\/eeuu\/#organization","name":"MADECOLOMBIA","url":"https:\/\/madecolombia.com\/eeuu\/","logo":{"@type":"ImageObject","inLanguage":"en-US","@id":"https:\/\/madecolombia.com\/eeuu\/#\/schema\/logo\/image\/","url":"https:\/\/madecolombia.com\/eeuu\/wp-content\/uploads\/2020\/10\/logo-madecolombia.png","contentUrl":"https:\/\/madecolombia.com\/eeuu\/wp-content\/uploads\/2020\/10\/logo-madecolombia.png","width":2661,"height":516,"caption":"MADECOLOMBIA"},"image":{"@id":"https:\/\/madecolombia.com\/eeuu\/#\/schema\/logo\/image\/"},"sameAs":["https:\/\/www.facebook.com\/distribucionmadecolombia\/"]}]}},"_links":{"self":[{"href":"https:\/\/madecolombia.com\/eeuu\/wp-json\/wp\/v2\/product\/568","targetHints":{"allow":["GET"]}}],"collection":[{"href":"https:\/\/madecolombia.com\/eeuu\/wp-json\/wp\/v2\/product"}],"about":[{"href":"https:\/\/madecolombia.com\/eeuu\/wp-json\/wp\/v2\/types\/product"}],"replies":[{"embeddable":true,"href":"https:\/\/madecolombia.com\/eeuu\/wp-json\/wp\/v2\/comments?post=568"}],"wp:featuredmedia":[{"embeddable":true,"href":"https:\/\/madecolombia.com\/eeuu\/wp-json\/wp\/v2\/media\/518"}],"wp:attachment":[{"href":"https:\/\/madecolombia.com\/eeuu\/wp-json\/wp\/v2\/media?parent=568"}],"wp:term":[{"taxonomy":"product_brand","embeddable":true,"href":"https:\/\/madecolombia.com\/eeuu\/wp-json\/wp\/v2\/product_brand?post=568"},{"taxonomy":"product_cat","embeddable":true,"href":"https:\/\/madecolombia.com\/eeuu\/wp-json\/wp\/v2\/product_cat?post=568"},{"taxonomy":"product_tag","embeddable":true,"href":"https:\/\/madecolombia.com\/eeuu\/wp-json\/wp\/v2\/product_tag?post=568"}],"curies":[{"name":"wp","href":"https:\/\/api.w.org\/{rel}","templated":true}]}}